{"id":13822,"date":"2021-06-18T18:25:17","date_gmt":"2021-06-18T16:25:17","guid":{"rendered":"https:\/\/www.desouches-chirurgien-esthetique.com\/?page_id=13822"},"modified":"2023-07-13T16:23:56","modified_gmt":"2023-07-13T14:23:56","slug":"estimulacion-muscular-electromagnetica","status":"publish","type":"page","link":"https:\/\/www.desouches-chirurgien-esthetique.com\/es\/innovations\/stimulation-musculaire-electromagnetique\/","title":{"rendered":"Estimulaci\u00f3n muscular electromagn\u00e9tica"},"content":{"rendered":"<h2>Quieres ganar masa muscular y perder grasa r\u00e1pidamente y sin forzar<\/h2>\n<p>Para aquellos que quieren afinar su silueta y desarrollar sus m\u00fasculos sin sufrir largas sesiones de gimnasia o deportes, el Dr. Christophe Desouches les ofrece una nueva tecnolog\u00eda.<\/p>\n<p>se trata de la <strong>estimulaci\u00f3n muscular electromagn\u00e9tica<\/strong>, que no debe confundirse con la electroestimulaci\u00f3n, que es m\u00e1s antigua.<\/p>\n<p>Esta t\u00e9cnica est\u00e1 dirigida tanto a hombres como a mujeres motivados por remodelar su silueta, particularmente a nivel de los gl\u00fateos y la cintura abdominal.<\/p>\n<h2>estimulaci\u00f3n muscular electromagn\u00e9tica<\/h2>\n<p>Esta innovaci\u00f3n tecnol\u00f3gica implementa pulsos electromagn\u00e9ticos de alta intensidad que atravesar\u00e1n la piel y los tejidos, para interactuar con los nervios motores que desencadenan las contracciones musculares. Estas ondas de muy alta frecuencia generar\u00e1n un trabajo muscular extremo incluso para los m\u00fasculos m\u00e1s profundos.<\/p>\n<p>Concretamente, el dispositivo se fija a las zonas a tratar para generar contracciones musculares. La frecuencia puede alcanzar las 25.000 contracciones durante una sesi\u00f3n, lo que representa un trabajo considerable para el m\u00fasculo, y una intensidad imposible de alcanzar por una actividad deportiva tradicional.<\/p>\n<p>El poder de esta intervenci\u00f3n requiere un protocolo en un entorno m\u00e9dico para garantizar mejor su seguridad.<\/p>\n<h2>Los resultados<\/h2>\n<p>Esta innovaci\u00f3n tecnol\u00f3gica que aprovecha el poder de la energ\u00eda electromagn\u00e9tica de alta intensidad te permite ganar hasta 25% de masa muscular e inducir una reducci\u00f3n del tejido graso vecino de aproximadamente 30%.<\/p>\n<h2>Curso de las sesiones<\/h2>\n<p>Este procedimiento no es invasivo y no causa molestias ni dolor.<\/p>\n<p>Las sesiones tienen una duraci\u00f3n de 20 a 30 minutos durante los cuales se fortalece la zona afectada gracias a 20.000 a 25.000 contracciones musculares.<\/p>\n<p>Se necesitan de 3 a 5 sesiones de estimulaci\u00f3n muscular electromagn\u00e9tica separadas por una semana para obtener un resultado visible.<\/p>\n<h2>Las consecuencias del tratamiento.<\/h2>\n<p>Las consecuencias son simples, el dolor por contracturas musculares puede estar presente por algunos d\u00edas.<\/p>\n<h2>Contra indicaci\u00f3n<\/h2>\n<p>Esta t\u00e9cnica, que utiliza ondas electromagn\u00e9ticas, sin embargo, tiene algunas contraindicaciones.<br \/>\nNo puedes beneficiarte de esta estimulaci\u00f3n si tienes un implante met\u00e1lico (material de osteos\u00edntesis), si usas un DIU de cobre para la anticoncepci\u00f3n, si tienes un marcapasos o si est\u00e1s embarazada. Del mismo modo, los portadores de hernias, en particular umbilicales, no podr\u00e1n realizar una sesi\u00f3n en los m\u00fasculos abdominales.<\/p>","protected":false},"excerpt":{"rendered":"<p>Vous souhaitez gagner en masse musculaire et perdre de la graisse rapidement et sans forcer Pour ceux et celles qui veulent affiner leur silhouette et d\u00e9velopper leurs muscles sans souffrir de longues s\u00e9ances de gym ou de sport, une nouvelle technologie leur est propos\u00e9e par le Dr Christophe Desouches. Il s\u2019agit de la stimulation musculaire [&hellip;]<\/p>\n","protected":false},"author":1,"featured_media":0,"parent":577,"menu_order":8,"comment_status":"closed","ping_status":"closed","template":"","meta":{"_et_pb_use_builder":"","_et_pb_old_content":"","_et_gb_content_width":"","footnotes":""},"dipi_cpt_category":[],"class_list":["post-13822","page","type-page","status-publish","hentry"],"_links":{"self":[{"href":"https:\/\/www.desouches-chirurgien-esthetique.com\/es\/wp-json\/wp\/v2\/pages\/13822","targetHints":{"allow":["GET"]}}],"collection":[{"href":"https:\/\/www.desouches-chirurgien-esthetique.com\/es\/wp-json\/wp\/v2\/pages"}],"about":[{"href":"https:\/\/www.desouches-chirurgien-esthetique.com\/es\/wp-json\/wp\/v2\/types\/page"}],"author":[{"embeddable":true,"href":"https:\/\/www.desouches-chirurgien-esthetique.com\/es\/wp-json\/wp\/v2\/users\/1"}],"replies":[{"embeddable":true,"href":"https:\/\/www.desouches-chirurgien-esthetique.com\/es\/wp-json\/wp\/v2\/comments?post=13822"}],"version-history":[{"count":2,"href":"https:\/\/www.desouches-chirurgien-esthetique.com\/es\/wp-json\/wp\/v2\/pages\/13822\/revisions"}],"predecessor-version":[{"id":13825,"href":"https:\/\/www.desouches-chirurgien-esthetique.com\/es\/wp-json\/wp\/v2\/pages\/13822\/revisions\/13825"}],"up":[{"embeddable":true,"href":"https:\/\/www.desouches-chirurgien-esthetique.com\/es\/wp-json\/wp\/v2\/pages\/577"}],"wp:attachment":[{"href":"https:\/\/www.desouches-chirurgien-esthetique.com\/es\/wp-json\/wp\/v2\/media?parent=13822"}],"wp:term":[{"taxonomy":"dipi_cpt_category","embeddable":true,"href":"https:\/\/www.desouches-chirurgien-esthetique.com\/es\/wp-json\/wp\/v2\/dipi_cpt_category?post=13822"}],"curies":[{"name":"gracias","href":"https:\/\/api.w.org\/{rel}","templated":true}]}}