{"id":1358,"date":"2021-03-05T16:14:52","date_gmt":"2021-03-05T15:14:52","guid":{"rendered":"https:\/\/www.desouches-chirurgien-esthetique.com\/?page_id=1358"},"modified":"2023-09-18T11:06:03","modified_gmt":"2023-09-18T09:06:03","slug":"rellenos-2","status":"publish","type":"page","link":"https:\/\/www.desouches-chirurgien-esthetique.com\/es\/medecine-esthetique\/medecine-esthetique-du-visage\/medecine-esthetique-des-pommettes\/produits-de-comblement\/","title":{"rendered":"Rellenos"},"content":{"rendered":"<p class=\"intro\">El rostro, el cuello y el escote son partes importantes y fr\u00e1giles de la belleza femenina. De hecho, a partir de los treinta a\u00f1os se pueden notar flacidez de la piel, p\u00e9rdida de volumen o arrugas que alteran la elegancia natural.<\/p>\n<p class=\"intro\">El Dr. Christophe Desouches le ofrece un enfoque global y personalizado para el rejuvenecimiento y el embellecimiento del rostro mediante la medicina est\u00e9tica, en particular con inyecciones de \u00e1cido hialur\u00f3nico.<\/p>\n<h2>\u00c1cido hialur\u00f3nico, creador de belleza<\/h2>\n<p>El <a href=\"\/es\/medicina-estetica\/medicina-estetica-de-la-cara-2\/cirugia-estetica-para-las-arrugas\/inyeccion-de-acido-hialuronico-cara-y-cuello\/\">inyecciones de \u00e1cido hialur\u00f3nico<\/a> no solo permiten restaurar la juventud sino tambi\u00e9n mejorar los criterios de belleza de un rostro.<\/p>\n<p>Es posible restaurar proporciones y crear equilibrio en cada rostro.<\/p>\n<p>Esto requiere un conocimiento detallado de las reglas de armon\u00edas y proporciones.<\/p>\n<h2>Resultados notables en una sola sesi\u00f3n y sin cirug\u00eda<\/h2>\n<p>Las inyecciones mejoran de forma discreta y natural el aspecto cansado de las zonas tratadas, rostro, cuello o escote. No interfieren con la movilidad muscular y por lo tanto no tienen efecto sobre las expresiones faciales.<\/p>\n<p>Sin embargo, si las \u00e1reas tratadas por las inyecciones generalmente mejoran mucho, algunas arrugas profundas y viejas no se pueden corregir por completo.<\/p>\n<p>La duraci\u00f3n de la acci\u00f3n var\u00eda seg\u00fan los productos, las zonas a tratar, la t\u00e9cnica de inyecci\u00f3n, el tipo de piel y el estilo de vida. Generalmente la correcci\u00f3n se desvanece despu\u00e9s de 6 a 18 meses y el tratamiento debe repetirse para mantener los resultados.<\/p>\n<h2>\u00c1cido hialur\u00f3nico: \u00bfqu\u00e9 es exactamente?<\/h2>\n<p>Se encuentra implicada en numerosas intervenciones de rejuvenecimiento y embellecimiento, a nivel del rostro, el cuello, la silueta, las zonas \u00edntimas.<\/p>\n<p>Es una sustancia presente de forma natural en la piel. Es un polisac\u00e1rido cuya funci\u00f3n principal es hidratar la dermis. El producto final se presenta en ampollas precargadas. Se presenta como un gel transparente que se inyecta en el tejido cut\u00e1neo para suavizar las l\u00edneas de expresi\u00f3n, corregir arrugas m\u00e1s profundas o restaurar el volumen facial. Este producto es completamente absorbible. No es de origen animal, sino el resultado de una s\u00edntesis. Se ha utilizado durante muchos a\u00f1os sin riesgo en diversas aplicaciones terap\u00e9uticas en oftalmolog\u00eda y reumatolog\u00eda.<\/p>\n<h2>\u00bfQu\u00e9 sucede durante una sesi\u00f3n?<\/h2>\n<p>En los d\u00edas previos a la inyecci\u00f3n se recomienda no tomar medicamentos que alteren la fluidez sangu\u00ednea (aspirina, antiinflamatorios, etc.) para reducir el riesgo de hematomas.<\/p>\n<p>Se puede administrar anestesia antes del tratamiento utilizando una crema anest\u00e9sica o, m\u00e1s raramente, xiloca\u00edna inyectable.<\/p>\n<p>El \u00e1cido hialur\u00f3nico se inyecta con una aguja fina en la dermis, debajo de la arruga, para levantar la base de la misma. Para restaurar el volumen facial, la inyecci\u00f3n ser\u00e1 m\u00e1s profunda y de mayor volumen.<\/p>\n<h2>Despu\u00e9s de la inyecci\u00f3n de \u00e1cido hialur\u00f3nico<\/h2>\n<p>Durante los d\u00edas posteriores al tratamiento no se recomienda la exposici\u00f3n al fr\u00edo extremo ni al calor intenso (sol, spa, etc.). No obstante, no cabe prever ning\u00fan desahucio socioprofesional, podr\u00e1 reanudar su trabajo o sus actividades sociales al finalizar la sesi\u00f3n.<\/p>\n<p>Suele presentarse una leve hinchaz\u00f3n y enrojecimiento. El resultado final es visible una vez que la hinchaz\u00f3n desaparece.<\/p>\n<p>La duraci\u00f3n del resultado depende del tipo de \u00e1cido hialur\u00f3nico utilizado y de la zona tratada.<\/p>\n<p>Por lo general, se necesita una nueva inyecci\u00f3n despu\u00e9s de 6 a 12 meses.<\/p>\n<h2>Contraindicaciones<\/h2>\n<p>Son pocos:<\/p>\n<ul>\n<li>Enfermedades autoinmunes<\/li>\n<li>Hipersensibilidad conocida al \u00e1cido hialur\u00f3nico<\/li>\n<li>Embarazo y lactancia materna<\/li>\n<li>Problemas infecciosos en los lugares de inyecci\u00f3n (herpes, acn\u00e9)<\/li>\n<li>porfiria<\/li>\n<\/ul>\n<h2>Efectos adversos<\/h2>\n<p>Son limitados:<\/p>\n<ul>\n<li>Edema, enrojecimiento durante unos d\u00edas.<\/li>\n<li>Hematoma en el lugar de la inyecci\u00f3n<\/li>\n<\/ul>\n<p><a href=\"\/es\/medicina-estetica\/preguntas-frecuentes-medicina-estetica\/acido-hialuronico-frecuentemente-cuestionado\/\">Preguntas frecuentes sobre el \u00e1cido hialur\u00f3nico &gt;<\/a><\/p>","protected":false},"excerpt":{"rendered":"<p>Le visage, le cou et le d\u00e9collet\u00e9 sont des parties importantes et fragiles de la beaut\u00e9 f\u00e9minine. En effet d\u00e8s trente ans on peut constater un rel\u00e2chement cutan\u00e9, des pertes de volume ou des rides qui viennent alt\u00e9rer l\u2019\u00e9l\u00e9gance naturelle. Le Dr Christophe Desouches vous propose une approche globale et sur-mesure de rajeunissement et d\u2019embellissement [&hellip;]<\/p>\n","protected":false},"author":1,"featured_media":0,"parent":17484,"menu_order":1,"comment_status":"closed","ping_status":"closed","template":"","meta":{"_et_pb_use_builder":"","_et_pb_old_content":"","_et_gb_content_width":"","footnotes":""},"dipi_cpt_category":[],"class_list":["post-1358","page","type-page","status-publish","hentry"],"_links":{"self":[{"href":"https:\/\/www.desouches-chirurgien-esthetique.com\/es\/wp-json\/wp\/v2\/pages\/1358","targetHints":{"allow":["GET"]}}],"collection":[{"href":"https:\/\/www.desouches-chirurgien-esthetique.com\/es\/wp-json\/wp\/v2\/pages"}],"about":[{"href":"https:\/\/www.desouches-chirurgien-esthetique.com\/es\/wp-json\/wp\/v2\/types\/page"}],"author":[{"embeddable":true,"href":"https:\/\/www.desouches-chirurgien-esthetique.com\/es\/wp-json\/wp\/v2\/users\/1"}],"replies":[{"embeddable":true,"href":"https:\/\/www.desouches-chirurgien-esthetique.com\/es\/wp-json\/wp\/v2\/comments?post=1358"}],"version-history":[{"count":6,"href":"https:\/\/www.desouches-chirurgien-esthetique.com\/es\/wp-json\/wp\/v2\/pages\/1358\/revisions"}],"predecessor-version":[{"id":23418864,"href":"https:\/\/www.desouches-chirurgien-esthetique.com\/es\/wp-json\/wp\/v2\/pages\/1358\/revisions\/23418864"}],"up":[{"embeddable":true,"href":"https:\/\/www.desouches-chirurgien-esthetique.com\/es\/wp-json\/wp\/v2\/pages\/17484"}],"wp:attachment":[{"href":"https:\/\/www.desouches-chirurgien-esthetique.com\/es\/wp-json\/wp\/v2\/media?parent=1358"}],"wp:term":[{"taxonomy":"dipi_cpt_category","embeddable":true,"href":"https:\/\/www.desouches-chirurgien-esthetique.com\/es\/wp-json\/wp\/v2\/dipi_cpt_category?post=1358"}],"curies":[{"name":"gracias","href":"https:\/\/api.w.org\/{rel}","templated":true}]}}