{"id":1350,"date":"2021-03-05T16:08:21","date_gmt":"2021-03-05T15:08:21","guid":{"rendered":"https:\/\/www.desouches-chirurgien-esthetique.com\/?page_id=1350"},"modified":"2023-07-07T17:57:46","modified_gmt":"2023-07-07T15:57:46","slug":"bichectomia","status":"publish","type":"page","link":"https:\/\/www.desouches-chirurgien-esthetique.com\/es\/chirurgie-esthetique\/chirurgie-esthetique-du-visage\/chirurgie-esthetique-des-pommettes\/bichectomie\/","title":{"rendered":"Bichectomia"},"content":{"rendered":"<p>Si tiene complejos debido a las mejillas demasiado redondas o demasiado imponentes, puede utilizar los servicios del Dr. Christophe Desouches, <a href=\"https:\/\/www.desouches-chirurgien-esthetique.com\/es\/\">cirujano plastico en marsella<\/a>. Competente en cirug\u00eda est\u00e9tica de las mejillas, podr\u00e1 realizar una bichectom\u00eda que consiste en la extracci\u00f3n de las bolas de Bichat.<\/p>\n<h2>\u00bfQu\u00e9 son las bolas de Bichat?<\/h2>\n<p>Las bolas de bichat son unas estructuras grasas situadas en las mejillas, que ayudan a dar un aspecto redondo a la mejilla y por tanto al rostro. No proporcionan una funci\u00f3n fisiol\u00f3gica espec\u00edfica.<\/p>\n<p>Cuando est\u00e1n particularmente desarrollados, pesan sobre la cara, lo que puede molestar a las personas que desean rasgos m\u00e1s definidos y m\u00e1s cercanos a los est\u00e1ndares de belleza actuales.<\/p>\n<p>As\u00ed, para mujeres u hombres que deseen ahuecar las mejillas para dar un aspecto m\u00e1s estructurado al rostro, es posible proceder a la ablaci\u00f3n de estos cuerpos grasos.<\/p>\n<p>La bichectom\u00eda se ha convertido, en los \u00faltimos a\u00f1os, en una intervenci\u00f3n est\u00e9tica habitual en la paleta de t\u00e9cnicas de embellecimiento facial.<\/p>\n<h2>\u00bfPor qu\u00e9 someterse a una cirug\u00eda est\u00e9tica en las mejillas?<\/h2>\n<p>Cuando el rostro carece de definici\u00f3n, algunos procedimientos de cirug\u00eda est\u00e9tica de p\u00f3mulos tienen como objetivo \u201crealzar\u201d la parte superior del rostro. La bichectom\u00eda permite ahuecar las mejillas, debajo de los p\u00f3mulos.<\/p>\n<h2>\u00bfLa extracci\u00f3n de bolas de Bichat es apta para todo el mundo?<\/h2>\n<p>Las caras que ya son demasiado delgadas no se beneficiar\u00e1n de este procedimiento. Las personas que tienen sobrepeso y est\u00e1n a dieta necesitar\u00e1n estabilizar su peso antes de considerar esta cirug\u00eda.<\/p>\n<p>Al ser esta estructura grasa profunda en la cara, el resultado de una bichectom\u00eda no es comparable a la liposucci\u00f3n: no se traduce en un ahuecamiento pronunciado de las mejillas, sino en un afinamiento de la zona, que ser\u00e1 m\u00e1s notorio cuando la piel es flexible<\/p>\n<p>El candidato ideal para este procedimiento de cirug\u00eda est\u00e9tica de mejillas, hombre o mujer, tiene la piel delgada y quiere una cara m\u00e1s angulosa. Practicando en Marsella, el Dr. Christophe Desouches le dir\u00e1 despu\u00e9s de una consulta inicial los resultados realistas que se pueden prever.<\/p>\n<h2>Los principios<\/h2>\n<p>La Boule de Bichat es una estructura grasa de unos cent\u00edmetros de profundidad, en el espesor de la mejilla. No est\u00e1 sujeto a los cl\u00e1sicos mecanismos adiposos del cuerpo humano, su eliminaci\u00f3n es definitiva. Su funci\u00f3n en adultos es limitada, por lo que podemos extraer una parte de ella sin mayores molestias.<\/p>\n<p>Su eliminaci\u00f3n reduce la redondez y convexidad de las mejillas, lo que las ahuecar\u00e1 ligeramente. El rostro se vuelve m\u00e1s armonioso y tonificado, la curvatura de las mejillas resalta los p\u00f3mulos.<\/p>\n<p>Esta cirug\u00eda est\u00e9tica de mejillas es adecuada tanto para mujeres como para hombres.<\/p>\n<h2>\u00bfC\u00f3mo se realiza una bichectom\u00eda?<\/h2>\n<p>Despu\u00e9s de una entrevista y estudio de su rostro en su oficina de Marsella o Vitrolles, el Dr. Christophe Desouches le recomendar\u00e1 el mejor tratamiento para mejorar la armon\u00eda de su rostro.<\/p>\n<p>La operaci\u00f3n se realiza bajo anestesia local con sedaci\u00f3n o general.<\/p>\n<p>El cirujano est\u00e9tico accede a la Boule de Bichat a trav\u00e9s de una incisi\u00f3n en el interior de la boca, luego realiza su extracci\u00f3n parcial. Tras la intervenci\u00f3n no se aprecia cicatriz externa. El resultado se puede evaluar inmediatamente.<\/p>\n<p>La intervenci\u00f3n es r\u00e1pida, en promedio 40 minutos.<\/p>\n<p>Despu\u00e9s de la operaci\u00f3n, el paciente puede regresar r\u00e1pidamente a casa.<\/p>\n<h2>\u00bfCu\u00e1les son las consecuencias de la intervenci\u00f3n?<\/h2>\n<p>Un edema se forma r\u00e1pidamente despu\u00e9s de la operaci\u00f3n. El resultado es un desalojo social de 3 a 7 d\u00edas,<\/p>\n<p>El resultado final se puede apreciar despu\u00e9s de 1 a 3 meses, dependiendo del tipo de piel del paciente, m\u00e1s r\u00e1pido en pieles finas y rostro fino, m\u00e1s prolongado en pieles gruesas y rostro lleno.<\/p>\n<p>\u00bfCu\u00e1les son los riesgos?<\/p>\n<ul>\n<li>hematoma durante varios d\u00edas<\/li>\n<li>complicaci\u00f3n de la apertura de la boca y la masticaci\u00f3n<\/li>\n<\/ul>","protected":false},"excerpt":{"rendered":"<p>Si vous \u00eates complex\u00e9(e) \u00e0 cause de joues trop rondes ou trop imposantes, vous pouvez recourir aux services du Dr Christophe Desouches, chirurgien esth\u00e9tique \u00e0 Marseille. Comp\u00e9tent en mati\u00e8re de chirurgie esth\u00e9tique des joues, il pourra r\u00e9aliser une bichectomie qui consiste en une ablation des boules de Bichat. Que sont les boules de Bichat ? [&hellip;]<\/p>\n","protected":false},"author":1,"featured_media":0,"parent":1331,"menu_order":2,"comment_status":"closed","ping_status":"closed","template":"","meta":{"_et_pb_use_builder":"","_et_pb_old_content":"","_et_gb_content_width":"","footnotes":""},"dipi_cpt_category":[],"class_list":["post-1350","page","type-page","status-publish","hentry"],"_links":{"self":[{"href":"https:\/\/www.desouches-chirurgien-esthetique.com\/es\/wp-json\/wp\/v2\/pages\/1350","targetHints":{"allow":["GET"]}}],"collection":[{"href":"https:\/\/www.desouches-chirurgien-esthetique.com\/es\/wp-json\/wp\/v2\/pages"}],"about":[{"href":"https:\/\/www.desouches-chirurgien-esthetique.com\/es\/wp-json\/wp\/v2\/types\/page"}],"author":[{"embeddable":true,"href":"https:\/\/www.desouches-chirurgien-esthetique.com\/es\/wp-json\/wp\/v2\/users\/1"}],"replies":[{"embeddable":true,"href":"https:\/\/www.desouches-chirurgien-esthetique.com\/es\/wp-json\/wp\/v2\/comments?post=1350"}],"version-history":[{"count":2,"href":"https:\/\/www.desouches-chirurgien-esthetique.com\/es\/wp-json\/wp\/v2\/pages\/1350\/revisions"}],"predecessor-version":[{"id":13485,"href":"https:\/\/www.desouches-chirurgien-esthetique.com\/es\/wp-json\/wp\/v2\/pages\/1350\/revisions\/13485"}],"up":[{"embeddable":true,"href":"https:\/\/www.desouches-chirurgien-esthetique.com\/es\/wp-json\/wp\/v2\/pages\/1331"}],"wp:attachment":[{"href":"https:\/\/www.desouches-chirurgien-esthetique.com\/es\/wp-json\/wp\/v2\/media?parent=1350"}],"wp:term":[{"taxonomy":"dipi_cpt_category","embeddable":true,"href":"https:\/\/www.desouches-chirurgien-esthetique.com\/es\/wp-json\/wp\/v2\/dipi_cpt_category?post=1350"}],"curies":[{"name":"gracias","href":"https:\/\/api.w.org\/{rel}","templated":true}]}}