{"id":1348,"date":"2021-03-05T16:06:46","date_gmt":"2021-03-05T15:06:46","guid":{"rendered":"https:\/\/www.desouches-chirurgien-esthetique.com\/?page_id=1348"},"modified":"2023-07-07T17:49:39","modified_gmt":"2023-07-07T15:49:39","slug":"microlipofilling","status":"publish","type":"page","link":"https:\/\/www.desouches-chirurgien-esthetique.com\/es\/chirurgie-esthetique\/chirurgie-esthetique-du-visage\/chirurgie-esthetique-des-pommettes\/micro-lipofilling\/","title":{"rendered":"Microlipofilling"},"content":{"rendered":"<h2>\u00bfPlaneas corregir da\u00f1os superficiales en tu piel, limitar la flacidez facial y rellenar arrugas?<\/h2>\n<p>Se recomienda el microlipofilling para devolver la juventud y la belleza al rostro a largo plazo, de la forma m\u00e1s natural posible.<\/p>\n<p>Sin embargo, durante mucho tiempo considerada err\u00f3neamente como ineficaz en comparaci\u00f3n con los rellenos, esta t\u00e9cnica termin\u00f3 imponi\u00e9ndose.<\/p>\n<p>El microlipofilling es un injerto aut\u00f3logo de l\u00f3bulos de grasa extra\u00eddos mediante liposucci\u00f3n y reinyectados inmediatamente, con el objetivo de rellenar las p\u00e9rdidas de volumen. A diferencia de los rellenos, este relleno tendr\u00e1 un efecto definitivo asociado al rejuvenecimiento de la piel, gracias a las c\u00e9lulas madre que contiene.<\/p>\n<p>El postoperatorio inmediato se compone de edema moderado y bien aceptado por ser transitorio.<\/p>\n<p>Para mantener la juventud y la belleza de tu rostro a largo plazo, el microlipofilling es una muy buena opci\u00f3n, ya que se enmarca en este objetivo como una t\u00e9cnica natural, respetuosa con los tejidos, sin cicatrices y que se puede ofrecer bastante antes. o posterior, posiblemente asociado con un estiramiento facial.<\/p>\n<h2>El enfoque diario<\/h2>\n<p>Para hidratar la epidermis: Abast\u00e9cete de omega-3.<\/p>\n<p>Para una piel uniforme, es necesario proteger sus vasos capilares. Elige alimentos ricos en flavonoides, tanto antioxidantes como t\u00f3nicos venosos que favorezcan la circulaci\u00f3n.<\/p>\n<p>Para rellenar tu piel Apuesta por las vitaminas del grupo B, imprescindibles para la renovaci\u00f3n celular.<\/p>\n<p>Para protegerse de los rayos UV, elija alimentos ricos en antioxidantes.<\/p>\n<h2>El abordaje quir\u00fargico<\/h2>\n<p>El microlipofilling est\u00e1 indicado:<\/p>\n<ul>\n<li>para luchar contra el envejecimiento del rostro: p\u00f3mulos ca\u00eddos, ojeras, arrugas, papada<\/li>\n<li>adem\u00e1s de un lifting facial y\/o cirug\u00eda de p\u00e1rpados (blefaroplastia)<\/li>\n<li>como reemplazo de un segundo estiramiento facial o para corregir imperfecciones<\/li>\n<li>en caso de reparaci\u00f3n facial en el contexto de determinadas enfermedades (atrofias faciales) o determinados tratamientos (triple terapia anti-VIH)<\/li>\n<\/ul>\n<p>La eliminaci\u00f3n de grasa se practica mediante liposucci\u00f3n a nivel de zonas espec\u00edficas (cara interna de las rodillas).<\/p>\n<p>La grasa extra\u00edda luego se purifica por centrifugaci\u00f3n.<\/p>\n<p>Las cicatrices que quedan no son visibles: los orificios de muestreo y reinyecci\u00f3n son menores de 1 mm.<\/p>\n<p>La duraci\u00f3n de la intervenci\u00f3n es variable, desde \u00bd hora hasta 2 horas dependiendo del plan de tratamiento.<\/p>\n<p>El procedimiento se realiza con anestesia local excepto en el caso de cirug\u00eda asociada. Existe la posibilidad de mejorar el resultado con una segunda sesi\u00f3n.<\/p>","protected":false},"excerpt":{"rendered":"<p>Vous envisagez de corriger les dommages superficiels de votre peau, limiter l\u2019affaissement du visage et combler les rides ? Le micro-lipofilling est recommand\u00e9 pour retrouver jeunesse et beaut\u00e9 du visage sur le long terme, de la fa\u00e7on la plus naturelle qui soit. Pourtant, longtemps consid\u00e9r\u00e9e \u00e0 tort comme inefficace en comparaison aux produits de comblements, [&hellip;]<\/p>\n","protected":false},"author":1,"featured_media":0,"parent":1331,"menu_order":1,"comment_status":"closed","ping_status":"closed","template":"","meta":{"_et_pb_use_builder":"","_et_pb_old_content":"","_et_gb_content_width":"","footnotes":""},"dipi_cpt_category":[],"class_list":["post-1348","page","type-page","status-publish","hentry"],"_links":{"self":[{"href":"https:\/\/www.desouches-chirurgien-esthetique.com\/es\/wp-json\/wp\/v2\/pages\/1348","targetHints":{"allow":["GET"]}}],"collection":[{"href":"https:\/\/www.desouches-chirurgien-esthetique.com\/es\/wp-json\/wp\/v2\/pages"}],"about":[{"href":"https:\/\/www.desouches-chirurgien-esthetique.com\/es\/wp-json\/wp\/v2\/types\/page"}],"author":[{"embeddable":true,"href":"https:\/\/www.desouches-chirurgien-esthetique.com\/es\/wp-json\/wp\/v2\/users\/1"}],"replies":[{"embeddable":true,"href":"https:\/\/www.desouches-chirurgien-esthetique.com\/es\/wp-json\/wp\/v2\/comments?post=1348"}],"version-history":[{"count":1,"href":"https:\/\/www.desouches-chirurgien-esthetique.com\/es\/wp-json\/wp\/v2\/pages\/1348\/revisions"}],"predecessor-version":[{"id":1349,"href":"https:\/\/www.desouches-chirurgien-esthetique.com\/es\/wp-json\/wp\/v2\/pages\/1348\/revisions\/1349"}],"up":[{"embeddable":true,"href":"https:\/\/www.desouches-chirurgien-esthetique.com\/es\/wp-json\/wp\/v2\/pages\/1331"}],"wp:attachment":[{"href":"https:\/\/www.desouches-chirurgien-esthetique.com\/es\/wp-json\/wp\/v2\/media?parent=1348"}],"wp:term":[{"taxonomy":"dipi_cpt_category","embeddable":true,"href":"https:\/\/www.desouches-chirurgien-esthetique.com\/es\/wp-json\/wp\/v2\/dipi_cpt_category?post=1348"}],"curies":[{"name":"gracias","href":"https:\/\/api.w.org\/{rel}","templated":true}]}}