{"id":1342,"date":"2021-03-05T16:04:37","date_gmt":"2021-03-05T15:04:37","guid":{"rendered":"https:\/\/www.desouches-chirurgien-esthetique.com\/?page_id=1342"},"modified":"2023-07-07T17:47:39","modified_gmt":"2023-07-07T15:47:39","slug":"estiramiento-facial-medio","status":"publish","type":"page","link":"https:\/\/www.desouches-chirurgien-esthetique.com\/es\/chirurgie-esthetique\/chirurgie-esthetique-du-visage\/chirurgie-esthetique-des-pommettes\/lifting-centro-facial\/","title":{"rendered":"Lifting centro-facial"},"content":{"rendered":"<p style=\"text-align: center;\"><img decoding=\"async\" class=\"aligncenter size-full wp-image-1343\" src=\"https:\/\/www.desouches-chirurgien-esthetique.com\/wp-content\/uploads\/2021\/03\/lifting-centro-facial.jpg\" alt=\"Lifting centro-facial\" width=\"800\" height=\"450\" srcset=\"https:\/\/www.desouches-chirurgien-esthetique.com\/wp-content\/uploads\/2021\/03\/lifting-centro-facial.jpg 800w, https:\/\/www.desouches-chirurgien-esthetique.com\/wp-content\/uploads\/2021\/03\/lifting-centro-facial-480x270.jpg 480w\" sizes=\"(min-width: 0px) and (max-width: 480px) 480px, (min-width: 481px) 800px, 100vw\" \/><\/p>\n<h2><\/h2>\n<h2>\u00bfEst\u00e1s pensando en corregir algunas de las desgracias del envejecimiento con la tracci\u00f3n de los p\u00f3mulos?<\/h2>\n<p>El objetivo de este lifting facial es corregir la flacidez de los tejidos del rostro y el cuello (mejillas, papada, contorno facial y cuello) y reducir las arrugas. Esta flacidez se debe a los efectos del envejecimiento, as\u00ed como a diversas agresiones (exposici\u00f3n prolongada al sol, tabaquismo, estr\u00e9s diario, etc.).<\/p>\n<p>La piel se estira y adelgaza, y el \u00f3valo facial pierde su definici\u00f3n. Un lifting cervicofacial act\u00faa sobre la piel, tens\u00e1ndola, as\u00ed como sobre los m\u00fasculos subyacentes, que tambi\u00e9n se han descolgado.<\/p>\n<p>Esta doble acci\u00f3n permite un resultado m\u00e1s satisfactorio y duradero.<\/p>\n<p>El lifting cervicofacial se puede combinar con otros procedimientos posibles:<\/p>\n<ul>\n<li>cirug\u00eda de p\u00e1rpados (blefaroplastia)<\/li>\n<li>Un levantamiento de frente<\/li>\n<li>Tratamiento de arrugas mediante peeling o l\u00e1ser<\/li>\n<\/ul>\n<p>El lifting c\u00e9rvico-facial suele conseguir resultados muy claros y el efecto rejuvenecedor tanto a nivel f\u00edsico como psicol\u00f3gico es evidente.<\/p>\n<h2>El enfoque diario<\/h2>\n<p>Por lo tanto, la uni\u00f3n entre el contorno del ojo y el p\u00f3mulo debe controlarse porque con la edad, los vol\u00famenes disminuyen, la piel pierde su material, la formaci\u00f3n \u00f3sea se reduce y el coj\u00edn graso se derrite. Menos \u201cgordito\u201d significa absorber menos la luz e iluminar menos los ojos.<\/p>\n<p>Todas las ma\u00f1anas, haz yoga facial despu\u00e9s de limpiarlo. Al tonificar los m\u00fasculos de la piel y mejorar la circulaci\u00f3n, reaviva el cutis y difumina las l\u00edneas de amargura. Inhala bien y exhala con los labios cerrados, vaciando el aire de una mejilla a la otra.<\/p>\n<p>Por la noche, masajea tu rostro desde el centro hacia afuera para drenar y mostrar una tez menos hinchada y por lo tanto m\u00e1s radiante en una semana.<\/p>\n<h2>El abordaje quir\u00fargico<\/h2>\n<p>Las mejores indicaciones para el lifting c\u00e9rvico-facial son:<\/p>\n<ul>\n<li>flacidez de la piel, particularmente del \u00f3valo facial<\/li>\n<li>un cuello arrugado con exceso de piel y grasa,<\/li>\n<\/ul>\n<p>El lifting c\u00e9rvico-facial se practica tanto en mujeres como en hombres y es posible cuando aparecen los signos de la edad.<\/p>\n<p>La edad promedio de los pacientes es de 45 a 50 a\u00f1os, a veces despu\u00e9s de la p\u00e9rdida de peso, por ejemplo, o m\u00e1s tarde, seg\u00fan la calidad de los tejidos y el estilo de vida.<\/p>\n<p>La primera consulta es muy importante porque le permite identificar claramente sus motivaciones y especificar las posibilidades t\u00e9cnicas.<\/p>\n<p>El an\u00e1lisis de tu rostro permitir\u00e1 definir mejor la calidad de los tejidos (textura y elasticidad de la piel, la importancia de las arrugas, la calidad de los tejidos profundos y la estructura de los huesos de tu rostro), que te guiar\u00e1n el procedimiento quir\u00fargico.<\/p>\n<p>Esta consulta finalizar\u00e1 con la toma de fotograf\u00edas que servir\u00e1n como base durante la intervenci\u00f3n y para la evaluaci\u00f3n de los resultados postoperatorios.<\/p>\n<p>Tambi\u00e9n es posible realizar este procedimiento con anestesia local, dependiendo de la magnitud de la operaci\u00f3n y del nivel de ansiedad del paciente. Por lo tanto, el m\u00e9todo anest\u00e9sico, al igual que la operaci\u00f3n, se adapta a cada caso individual.<\/p>\n<p>La incisi\u00f3n en la piel es discreta.<br \/>\nComienza en la regi\u00f3n temporal dentro de la l\u00ednea del cabello.<br \/>\nSe extiende dentro de la oreja en la l\u00ednea natural.<br \/>\nVa alrededor del l\u00f3bulo de la oreja para extenderse hacia atr\u00e1s.<\/p>","protected":false},"excerpt":{"rendered":"<p>Vous envisagez de corriger certaines des disgr\u00e2ces li\u00e9es au vieillissement par une traction des pommettes ? Ce lifting a pour but de corriger l&#8217;affaissement des tissus du visage et du cou (joues, bajoues, contour du visage et cou) et d&#8217;att\u00e9nuer les rides. Cet affaissement des tissus est d\u00fb \u00e0 l&#8217;effet de l&#8217;\u00e2ge ainsi qu&#8217;aux diff\u00e9rentes [&hellip;]<\/p>\n","protected":false},"author":1,"featured_media":0,"parent":1331,"menu_order":0,"comment_status":"closed","ping_status":"closed","template":"","meta":{"_et_pb_use_builder":"off","_et_pb_old_content":"","_et_gb_content_width":"","footnotes":""},"dipi_cpt_category":[],"class_list":["post-1342","page","type-page","status-publish","hentry"],"_links":{"self":[{"href":"https:\/\/www.desouches-chirurgien-esthetique.com\/es\/wp-json\/wp\/v2\/pages\/1342","targetHints":{"allow":["GET"]}}],"collection":[{"href":"https:\/\/www.desouches-chirurgien-esthetique.com\/es\/wp-json\/wp\/v2\/pages"}],"about":[{"href":"https:\/\/www.desouches-chirurgien-esthetique.com\/es\/wp-json\/wp\/v2\/types\/page"}],"author":[{"embeddable":true,"href":"https:\/\/www.desouches-chirurgien-esthetique.com\/es\/wp-json\/wp\/v2\/users\/1"}],"replies":[{"embeddable":true,"href":"https:\/\/www.desouches-chirurgien-esthetique.com\/es\/wp-json\/wp\/v2\/comments?post=1342"}],"version-history":[{"count":3,"href":"https:\/\/www.desouches-chirurgien-esthetique.com\/es\/wp-json\/wp\/v2\/pages\/1342\/revisions"}],"predecessor-version":[{"id":1347,"href":"https:\/\/www.desouches-chirurgien-esthetique.com\/es\/wp-json\/wp\/v2\/pages\/1342\/revisions\/1347"}],"up":[{"embeddable":true,"href":"https:\/\/www.desouches-chirurgien-esthetique.com\/es\/wp-json\/wp\/v2\/pages\/1331"}],"wp:attachment":[{"href":"https:\/\/www.desouches-chirurgien-esthetique.com\/es\/wp-json\/wp\/v2\/media?parent=1342"}],"wp:term":[{"taxonomy":"dipi_cpt_category","embeddable":true,"href":"https:\/\/www.desouches-chirurgien-esthetique.com\/es\/wp-json\/wp\/v2\/dipi_cpt_category?post=1342"}],"curies":[{"name":"gracias","href":"https:\/\/api.w.org\/{rel}","templated":true}]}}