{"id":1243,"date":"2021-03-05T14:54:04","date_gmt":"2021-03-05T13:54:04","guid":{"rendered":"https:\/\/www.desouches-chirurgien-esthetique.com\/?page_id=1243"},"modified":"2023-07-07T17:18:31","modified_gmt":"2023-07-07T15:18:31","slug":"operacion-del-parpado-inferior","status":"publish","type":"page","link":"https:\/\/www.desouches-chirurgien-esthetique.com\/es\/chirurgie-esthetique\/chirurgie-esthetique-du-visage\/chirurgie-esthetique-du-regard-et-des-paupieres\/chirurgie-esthetique-paupieres-inferieures\/","title":{"rendered":"Cirug\u00eda de p\u00e1rpados inferiores"},"content":{"rendered":"<p style=\"text-align: center;\"><img decoding=\"async\" class=\"aligncenter size-full wp-image-1244\" src=\"https:\/\/www.desouches-chirurgien-esthetique.com\/wp-content\/uploads\/2021\/03\/paupieres-inferieures.jpg\" alt=\"Cirug\u00eda de p\u00e1rpados inferiores\" width=\"800\" height=\"450\" srcset=\"https:\/\/www.desouches-chirurgien-esthetique.com\/wp-content\/uploads\/2021\/03\/paupieres-inferieures.jpg 800w, https:\/\/www.desouches-chirurgien-esthetique.com\/wp-content\/uploads\/2021\/03\/paupieres-inferieures-480x270.jpg 480w\" sizes=\"(min-width: 0px) and (max-width: 480px) 480px, (min-width: 481px) 800px, 100vw\" \/><\/p>\n<p>&nbsp;<\/p>\n<p>Si el envejecimiento de los p\u00e1rpados superiores se manifiesta por un exceso de piel, el de los p\u00e1rpados inferiores se manifiesta sobre todo por un exceso de grasa que hace que la piel del p\u00e1rpado se abulte, dando lugar a una \u201chinchaz\u00f3n\u201d que da a la mirada un aspecto cansado.<\/p>\n<p>Estas bolsas son a veces familiares y aparecen a partir de los 30 a\u00f1os.<\/p>\n<p>Agravan el hueco natural situado en la uni\u00f3n entre la mejilla y el p\u00e1rpado, que se denomina anillo.<\/p>\n<h2>El enfoque diario<\/h2>\n<p>\u00a1Recuerda hidratarte! Evite los tratamientos demasiado pesados, favorezca los productos drenantes.<\/p>\n<h2>El enfoque m\u00e9dico<\/h2>\n<p>La medicina est\u00e9tica corrige todas las arrugas y l\u00edneas de expresi\u00f3n de los ojos y permite as\u00ed obtener un embellecimiento de los p\u00e1rpados.<\/p>\n<p>La medicina est\u00e9tica puede ser una alternativa a la cirug\u00eda convencional (blefaroplastia).<\/p>\n<p>Pero no solo, de hecho tambi\u00e9n se pueden realizar inyecciones para procedimientos complementarios a la cirug\u00eda de correcci\u00f3n de la mirada.<\/p>\n<h2>El abordaje quir\u00fargico<\/h2>\n<p>Por lo tanto, el principio de la intervenci\u00f3n, llamada blefaroplastia inferior, es, gracias a una incisi\u00f3n ubicada unos mil\u00edmetros debajo de las pesta\u00f1as, eliminar el exceso de grasa y luego volver a tensar el p\u00e1rpado, d\u00e1ndole una apariencia m\u00e1s suave, sin embargo, completamente eliminar las arrugas de las patas de gallo que son importantes en la expresividad del rostro.<\/p>\n<p>La operaci\u00f3n dura de 45 minutos a una hora y se realiza con anestesia local o con una ligera sedaci\u00f3n. Los cuidados y seguimiento son id\u00e9nticos a los de la blefaroplastia superior.<\/p>\n<p>En pocos meses, el p\u00e1rpado recupera un aspecto m\u00e1s juvenil y mejora el aspecto pesado y cansado de los ojos.<\/p>\n<p>La blefaroplastia de los p\u00e1rpados superior e inferior se considera por separado o simult\u00e1neamente dependiendo de si el envejecimiento se produce en la parte superior, inferior o en ambos lados del ojo.<\/p>\n<p>La blefaroplastia es un procedimiento sencillo cuyos efectos son excelentes, devolviendo una mirada clara y sin obstrucciones, sin cambiar su apariencia.<\/p>","protected":false},"excerpt":{"rendered":"<p>&nbsp; Si le vieillissement des paupi\u00e8res sup\u00e9rieures se manifeste par un exc\u00e8s cutan\u00e9, celui des paupi\u00e8res inf\u00e9rieures se manifeste surtout par un exc\u00e8s de graisse qui fait bomber la peau de la paupi\u00e8re se traduisant par des \u00ab poches \u00bb qui donnent au regard un aspect fatigu\u00e9. Ces poches sont parfois familiales et apparaissent d\u00e8s [&hellip;]<\/p>\n","protected":false},"author":1,"featured_media":0,"parent":1180,"menu_order":1,"comment_status":"closed","ping_status":"closed","template":"","meta":{"_et_pb_use_builder":"","_et_pb_old_content":"","_et_gb_content_width":"","footnotes":""},"dipi_cpt_category":[],"class_list":["post-1243","page","type-page","status-publish","hentry"],"_links":{"self":[{"href":"https:\/\/www.desouches-chirurgien-esthetique.com\/es\/wp-json\/wp\/v2\/pages\/1243","targetHints":{"allow":["GET"]}}],"collection":[{"href":"https:\/\/www.desouches-chirurgien-esthetique.com\/es\/wp-json\/wp\/v2\/pages"}],"about":[{"href":"https:\/\/www.desouches-chirurgien-esthetique.com\/es\/wp-json\/wp\/v2\/types\/page"}],"author":[{"embeddable":true,"href":"https:\/\/www.desouches-chirurgien-esthetique.com\/es\/wp-json\/wp\/v2\/users\/1"}],"replies":[{"embeddable":true,"href":"https:\/\/www.desouches-chirurgien-esthetique.com\/es\/wp-json\/wp\/v2\/comments?post=1243"}],"version-history":[{"count":3,"href":"https:\/\/www.desouches-chirurgien-esthetique.com\/es\/wp-json\/wp\/v2\/pages\/1243\/revisions"}],"predecessor-version":[{"id":17012,"href":"https:\/\/www.desouches-chirurgien-esthetique.com\/es\/wp-json\/wp\/v2\/pages\/1243\/revisions\/17012"}],"up":[{"embeddable":true,"href":"https:\/\/www.desouches-chirurgien-esthetique.com\/es\/wp-json\/wp\/v2\/pages\/1180"}],"wp:attachment":[{"href":"https:\/\/www.desouches-chirurgien-esthetique.com\/es\/wp-json\/wp\/v2\/media?parent=1243"}],"wp:term":[{"taxonomy":"dipi_cpt_category","embeddable":true,"href":"https:\/\/www.desouches-chirurgien-esthetique.com\/es\/wp-json\/wp\/v2\/dipi_cpt_category?post=1243"}],"curies":[{"name":"gracias","href":"https:\/\/api.w.org\/{rel}","templated":true}]}}