{"id":1240,"date":"2021-03-05T14:50:58","date_gmt":"2021-03-05T13:50:58","guid":{"rendered":"https:\/\/www.desouches-chirurgien-esthetique.com\/?page_id=1240"},"modified":"2023-07-07T17:01:51","modified_gmt":"2023-07-07T15:01:51","slug":"operacion-de-parpado-superior","status":"publish","type":"page","link":"https:\/\/www.desouches-chirurgien-esthetique.com\/es\/chirurgie-esthetique\/chirurgie-esthetique-du-visage\/chirurgie-esthetique-du-regard-et-des-paupieres\/chirurgie-esthetique-paupieres-superieures\/","title":{"rendered":"Cirug\u00eda de p\u00e1rpados superiores"},"content":{"rendered":"<p><img decoding=\"async\" class=\"aligncenter size-full wp-image-1241\" src=\"https:\/\/www.desouches-chirurgien-esthetique.com\/wp-content\/uploads\/2021\/03\/paupieres-superieures.jpg\" alt=\"Cirug\u00eda de p\u00e1rpados superiores\" width=\"800\" height=\"450\" srcset=\"https:\/\/www.desouches-chirurgien-esthetique.com\/wp-content\/uploads\/2021\/03\/paupieres-superieures.jpg 800w, https:\/\/www.desouches-chirurgien-esthetique.com\/wp-content\/uploads\/2021\/03\/paupieres-superieures-480x270.jpg 480w\" sizes=\"(min-width: 0px) and (max-width: 480px) 480px, (min-width: 481px) 800px, 100vw\" \/><\/p>\n<p>&nbsp;<\/p>\n<h2>\u00bfEst\u00e1s pensando en rejuvenecer tus p\u00e1rpados superiores?<\/h2>\n<p>La escasez de fibras el\u00e1sticas y de col\u00e1geno, la ausencia de c\u00e9lulas grasas y la importancia de los m\u00fasculos implicados en el parpadeo del p\u00e1rpado, que late aproximadamente 10.000 veces al d\u00eda, hacen que el contorno de los ojos envejezca m\u00e1s r\u00e1pidamente que el resto del rostro.<\/p>\n<p>La fatiga, el tabaco, los rayos UV, pero tambi\u00e9n el estr\u00e9s, el calor y las expresiones faciales pasan factura r\u00e1pidamente.<\/p>\n<p>Los p\u00e1rpados ca\u00eddos pueden hacer que algunas personas parezcan mayores de lo que son y tambi\u00e9n pueden interferir con la visi\u00f3n.<\/p>\n<p>La ca\u00edda del p\u00e1rpado puede ser constante, empeorar con el tiempo o, a veces, aparecer y desaparecer; por lo tanto, puede relacionarse quiz\u00e1s con un lado o con ambos.<\/p>\n<h2>El enfoque diario<\/h2>\n<p>Se pueden utilizar cosm\u00e9ticos, pero tienen sus l\u00edmites, generalmente solo afectan al contorno del ojo y solo podr\u00e1n mejorar determinados problemas (disminuir la pigmentaci\u00f3n de la ojera, mejorar ligeramente el aspecto de la piel del p\u00e1rpado aportando una efecto de tensi\u00f3n<\/p>\n<h2>El abordaje quir\u00fargico<\/h2>\n<p>Si la cola de la ceja se corrige f\u00e1cilmente mediante el uso de toxina botul\u00ednica, el exceso de piel se tratar\u00e1 con el procedimiento denominado blefaroplastia superior.<\/p>\n<p>Esta operaci\u00f3n se suele realizar con anestesia local y consiste en la eliminaci\u00f3n del exceso de piel, quedando la cicatriz en el pliegue del p\u00e1rpado superior y por tanto invisible una vez abierto el ojo. Generalmente aprovechamos este gesto de ablaci\u00f3n cut\u00e1nea para sacar una peque\u00f1a bola de grasa de la cara interna, cerca de la nariz, una bola de grasa que apelmaza el aspecto de los ojos.<\/p>\n<p>El cuidado postoperatorio consiste en el uso de colirio y pomada oft\u00e1lmica, si es necesario analg\u00e9sicos.<\/p>\n<p>Las consecuencias vienen marcadas por hematomas m\u00e1s o menos importantes seg\u00fan el paciente y dependen de la calidad de la piel, posible tabaquismo... y mitigadas con el uso de un preparado homeop\u00e1tico a base de \u00c1rnica iniciado unos d\u00edas antes de la intervenci\u00f3n y continuado. Unos d\u00edas m\u00e1s tarde. Los puntos se retiran despu\u00e9s de 5 a 7 d\u00edas.<\/p>\n<p>Los hematomas duran de una a dos semanas, el resultado se normaliza en pocos d\u00edas.<\/p>","protected":false},"excerpt":{"rendered":"<p>&nbsp; Vous envisagez le rajeunissement de vos paupi\u00e8res sup\u00e9rieures ? La raret\u00e9 des fibres \u00e9lastiques et collag\u00e8nes, l&#8217;absence de cellules graisseuses, l&#8217;importance des muscles participant au clignement de la paupi\u00e8re qui bat 10000 fois par jour environ font que le contour des yeux vieillit plus vite que le reste du visage. La fatigue, le tabac, [&hellip;]<\/p>\n","protected":false},"author":1,"featured_media":0,"parent":1180,"menu_order":0,"comment_status":"closed","ping_status":"closed","template":"","meta":{"_et_pb_use_builder":"","_et_pb_old_content":"","_et_gb_content_width":"","footnotes":""},"dipi_cpt_category":[],"class_list":["post-1240","page","type-page","status-publish","hentry"],"_links":{"self":[{"href":"https:\/\/www.desouches-chirurgien-esthetique.com\/es\/wp-json\/wp\/v2\/pages\/1240","targetHints":{"allow":["GET"]}}],"collection":[{"href":"https:\/\/www.desouches-chirurgien-esthetique.com\/es\/wp-json\/wp\/v2\/pages"}],"about":[{"href":"https:\/\/www.desouches-chirurgien-esthetique.com\/es\/wp-json\/wp\/v2\/types\/page"}],"author":[{"embeddable":true,"href":"https:\/\/www.desouches-chirurgien-esthetique.com\/es\/wp-json\/wp\/v2\/users\/1"}],"replies":[{"embeddable":true,"href":"https:\/\/www.desouches-chirurgien-esthetique.com\/es\/wp-json\/wp\/v2\/comments?post=1240"}],"version-history":[{"count":4,"href":"https:\/\/www.desouches-chirurgien-esthetique.com\/es\/wp-json\/wp\/v2\/pages\/1240\/revisions"}],"predecessor-version":[{"id":17010,"href":"https:\/\/www.desouches-chirurgien-esthetique.com\/es\/wp-json\/wp\/v2\/pages\/1240\/revisions\/17010"}],"up":[{"embeddable":true,"href":"https:\/\/www.desouches-chirurgien-esthetique.com\/es\/wp-json\/wp\/v2\/pages\/1180"}],"wp:attachment":[{"href":"https:\/\/www.desouches-chirurgien-esthetique.com\/es\/wp-json\/wp\/v2\/media?parent=1240"}],"wp:term":[{"taxonomy":"dipi_cpt_category","embeddable":true,"href":"https:\/\/www.desouches-chirurgien-esthetique.com\/es\/wp-json\/wp\/v2\/dipi_cpt_category?post=1240"}],"curies":[{"name":"gracias","href":"https:\/\/api.w.org\/{rel}","templated":true}]}}