{"id":1180,"date":"2021-03-05T12:53:28","date_gmt":"2021-03-05T11:53:28","guid":{"rendered":"https:\/\/www.desouches-chirurgien-esthetique.com\/?page_id=1180"},"modified":"2023-09-06T16:42:49","modified_gmt":"2023-09-06T14:42:49","slug":"cirugia-estetica-de-los-ojos-y-parpados","status":"publish","type":"page","link":"https:\/\/www.desouches-chirurgien-esthetique.com\/es\/chirurgie-esthetique\/chirurgie-esthetique-du-visage\/chirurgie-esthetique-du-regard-et-des-paupieres\/","title":{"rendered":"Cirug\u00eda est\u00e9tica de ojos y p\u00e1rpados"},"content":{"rendered":"<p>Con la edad, la mirada cambia inexorablemente. Las cejas bajan, los p\u00e1rpados superiores se ensanchan y relajan, formando un exceso de piel que apelmaza la mirada y la entristece. Los p\u00e1rpados inferiores se distienden provocando la aparici\u00f3n de una antiest\u00e9tica hinchaz\u00f3n.<\/p>\n<p>Adem\u00e1s de un estilo de vida adaptado, el Dr. Christophe Desuches te ofrece dos intervenciones eficaces que mejoran tu vista.<\/p>\n<h2>Cirug\u00eda de p\u00e1rpados superiores<\/h2>\n<p>La escasez de fibras el\u00e1sticas y col\u00e1geno, la ausencia de c\u00e9lulas grasas, la importancia de los m\u00fasculos que participan en el parpadeo del p\u00e1rpado que late varios miles de veces por hora hacen que el contorno de los ojos envejezca m\u00e1s r\u00e1pido que el resto del rostro.<\/p>\n<p>&gt;&gt;&gt;M\u00e1s detalles sobre el <a href=\"https:\/\/www.desouches-chirurgien-esthetique.com\/es\/cirugia-estetica\/antes-despues-cirugia-cosmetica-facial\/cirugia-estetica-de-los-ojos-y-parpados\/operacion-de-parpado-superior\/\">cirugia del parpado superior<\/a><\/p>\n<h2>Cirug\u00eda de p\u00e1rpados inferiores<\/h2>\n<p>Si el envejecimiento de los p\u00e1rpados superiores se manifiesta por un exceso de piel, el de los p\u00e1rpados inferiores se manifiesta sobre todo por un exceso de grasa que hace que la piel del p\u00e1rpado se abulte, dando lugar a una \u201chinchaz\u00f3n\u201d que da a la mirada un aspecto cansado.<\/p>\n<p>&gt;&gt;&gt;M\u00e1s detalles sobre <a href=\"https:\/\/www.desouches-chirurgien-esthetique.com\/es\/cirugia-estetica\/antes-despues-cirugia-cosmetica-facial\/cirugia-estetica-de-los-ojos-y-parpados\/operacion-del-parpado-inferior\/\">cirugia del parpado inferior<\/a><\/p>\n<p><!--more--><\/p>\n<div class='et-learn-more clearfix'>\n\t\t\t\t\t<h3 class='heading-more'>Ver las posibilidades que ofrece la medicina est\u00e9tica<span class='et_learnmore_arrow'><span><\/span><\/span><\/h3>\n\t\t\t\t\t<div class='learn-more-content'><h2>Medicina estetica oftalmol\u00f3gica<\/h2>\n<p>Descubra las intervenciones no quir\u00fargicas del <a href=\"https:\/\/www.desouches-chirurgien-esthetique.com\/es\/medicina-estetica\/medicina-estetica-de-la-cara-2\/medicina-estetica-mirada-ojeras\/\">medicina est\u00e9tica para los ojos<\/a> : tratamiento de ojeras y tratamiento de ojeras.<\/div>\n\t\t\t\t<\/div>","protected":false},"excerpt":{"rendered":"<p>Avec l&#8217;\u00e2ge le regard se modifie inexorablement. Les sourcils s&#8217;abaissent, les paupi\u00e8res sup\u00e9rieures se creusent et se rel\u00e2chent formant un exc\u00e8s cutan\u00e9 qui alourdit le regard et le rend triste. Les paupi\u00e8res inf\u00e9rieures se distendent faisant appara\u00eetre des poches disgracieuses. En compl\u00e9ment d\u2019une hygi\u00e8ne de vie adapt\u00e9e, le Dr Christophe Desouches vous propose deux interventions [&hellip;]<\/p>\n","protected":false},"author":1,"featured_media":0,"parent":374,"menu_order":1,"comment_status":"closed","ping_status":"closed","template":"","meta":{"_et_pb_use_builder":"","_et_pb_old_content":"","_et_gb_content_width":"","footnotes":""},"dipi_cpt_category":[],"class_list":["post-1180","page","type-page","status-publish","hentry"],"_links":{"self":[{"href":"https:\/\/www.desouches-chirurgien-esthetique.com\/es\/wp-json\/wp\/v2\/pages\/1180","targetHints":{"allow":["GET"]}}],"collection":[{"href":"https:\/\/www.desouches-chirurgien-esthetique.com\/es\/wp-json\/wp\/v2\/pages"}],"about":[{"href":"https:\/\/www.desouches-chirurgien-esthetique.com\/es\/wp-json\/wp\/v2\/types\/page"}],"author":[{"embeddable":true,"href":"https:\/\/www.desouches-chirurgien-esthetique.com\/es\/wp-json\/wp\/v2\/users\/1"}],"replies":[{"embeddable":true,"href":"https:\/\/www.desouches-chirurgien-esthetique.com\/es\/wp-json\/wp\/v2\/comments?post=1180"}],"version-history":[{"count":8,"href":"https:\/\/www.desouches-chirurgien-esthetique.com\/es\/wp-json\/wp\/v2\/pages\/1180\/revisions"}],"predecessor-version":[{"id":23418799,"href":"https:\/\/www.desouches-chirurgien-esthetique.com\/es\/wp-json\/wp\/v2\/pages\/1180\/revisions\/23418799"}],"up":[{"embeddable":true,"href":"https:\/\/www.desouches-chirurgien-esthetique.com\/es\/wp-json\/wp\/v2\/pages\/374"}],"wp:attachment":[{"href":"https:\/\/www.desouches-chirurgien-esthetique.com\/es\/wp-json\/wp\/v2\/media?parent=1180"}],"wp:term":[{"taxonomy":"dipi_cpt_category","embeddable":true,"href":"https:\/\/www.desouches-chirurgien-esthetique.com\/es\/wp-json\/wp\/v2\/dipi_cpt_category?post=1180"}],"curies":[{"name":"gracias","href":"https:\/\/api.w.org\/{rel}","templated":true}]}}