{"id":1175,"date":"2021-03-05T12:41:46","date_gmt":"2021-03-05T11:41:46","guid":{"rendered":"https:\/\/www.desouches-chirurgien-esthetique.com\/?page_id=1175"},"modified":"2026-04-09T14:04:05","modified_gmt":"2026-04-09T12:04:05","slug":"micro-puncion","status":"publish","type":"page","link":"https:\/\/www.desouches-chirurgien-esthetique.com\/es\/soins-medico-esthetiques\/micro-needling\/","title":{"rendered":"microagujas"},"content":{"rendered":"<h2>\u201cMicro-needling\u201d, una nueva t\u00e9cnica de medicina est\u00e9tica para regenerar la piel<\/h2>\n<p>EL &quot;<strong>micro punci\u00f3n<\/strong>permite estimular la piel aplicando un rodillo o una pluma motorizada equipada con mini-agujas que luego act\u00faan en \u00e1reas espec\u00edficas de la cara o el cuerpo. Esta t\u00e9cnica de medicina est\u00e9tica permite penetrar un complejo de vitaminas y \u00e1cido hialur\u00f3nico mediante miniagujas para reparar de forma m\u00e1s eficaz la dermis da\u00f1ada.<\/p>\n<p>Adem\u00e1s, la reacci\u00f3n de la dermis a estos est\u00edmulos mec\u00e1nicos permite producir m\u00e1s col\u00e1geno que es un componente esencial de la regeneraci\u00f3n de la dermis y de la epidermis.<\/p>\n<h2>Los beneficios de las microagujas<\/h2>\n<p>La microaguja corrige diversos tipos de defectos (diferencias de color, irregularidades, peque\u00f1as imperfecciones, cicatrices) en la superficie de la piel. Mejora la textura y la elasticidad de la epidermis.<\/p>\n<h2>Comparaci\u00f3n con otras t\u00e9cnicas de cuidado de la piel<\/h2>\n<p>Se nota que la IPL o el l\u00e1ser de CO2 fraccionado (que act\u00faan sobre el col\u00e1geno y la elastina) aportan una mejora similar al microneedling, a nivel de arrugas y cicatrices, sin embargo, el microneedling es una t\u00e9cnica mucho menos invasiva y con consecuencias m\u00e1s sencillas.<\/p>\n<p>Dr. Christophe Desouches, <strong>cirujano plastico en marsella<\/strong>, recomienda la microaguja para las siguientes indicaciones:<\/p>\n<ul>\n<li>Las finas l\u00edneas del rostro y el fotoenvejecimiento<\/li>\n<li>Hiperpigmentaci\u00f3n o hipopigmentaci\u00f3n<\/li>\n<li>Anomal\u00edas de decoloraci\u00f3n de la piel<\/li>\n<li>Secuelas cut\u00e1neas de accidente o quemadura<\/li>\n<li>Secuelas y cicatrices del acn\u00e9 o estr\u00edas<\/li>\n<li>Flacidez de la piel.<\/li>\n<\/ul>\n<h2>Progreso de una micro punci\u00f3n<\/h2>\n<p>La microaguja es un procedimiento suave e indoloro. Para dar prioridad a su comodidad, el Dr. Desouches realiza los procedimientos en el consultorio, con la aplicaci\u00f3n de una crema anest\u00e9sica antes de la sesi\u00f3n, la cual tiene una duraci\u00f3n de 15 a 20 minutos. La sesi\u00f3n comienza con la realizaci\u00f3n de micro-agujeros en la zona a tratar mediante un rodillo o un bol\u00edgrafo. Se aplica un complejo de vitaminas y \u00e1cido hialur\u00f3nico sobre la piel lesionada permitiendo que la soluci\u00f3n pase a trav\u00e9s de la piel.<\/p>\n<p>Despu\u00e9s de la sesi\u00f3n, se puede realizar una sesi\u00f3n de LED para calmar la inflamaci\u00f3n y estimular la regeneraci\u00f3n. Los resultados se ven a los dos meses, correspondiente al tiempo de regeneraci\u00f3n de la piel. El n\u00famero de sesiones depende de cada paciente, deben espaciarse con unas semanas de diferencia.<\/p>","protected":false},"excerpt":{"rendered":"<p>Le &#8220;micro-needling&#8221; une nouvelle technique de m\u00e9decine esth\u00e9tique pour r\u00e9g\u00e9n\u00e9rer la peau Le &#8220;micro-needling&#8221; permet de stimuler la peau par application d\u2019un rouleau ou d\u2019un stylo motoris\u00e9 \u00e9quip\u00e9 de mini-aiguilles qui agissent alors sur des zones sp\u00e9cifiques du visage ou du corps. Cette\u00a0 technique de m\u00e9decine esth\u00e9tique permet de faire p\u00e9n\u00e9trer un complexe de vitamines [&hellip;]<\/p>\n","protected":false},"author":1,"featured_media":0,"parent":23420617,"menu_order":4,"comment_status":"open","ping_status":"closed","template":"","meta":{"_et_pb_use_builder":"","_et_pb_old_content":"","_et_gb_content_width":"","footnotes":""},"dipi_cpt_category":[],"class_list":["post-1175","page","type-page","status-publish","hentry"],"_links":{"self":[{"href":"https:\/\/www.desouches-chirurgien-esthetique.com\/es\/wp-json\/wp\/v2\/pages\/1175","targetHints":{"allow":["GET"]}}],"collection":[{"href":"https:\/\/www.desouches-chirurgien-esthetique.com\/es\/wp-json\/wp\/v2\/pages"}],"about":[{"href":"https:\/\/www.desouches-chirurgien-esthetique.com\/es\/wp-json\/wp\/v2\/types\/page"}],"author":[{"embeddable":true,"href":"https:\/\/www.desouches-chirurgien-esthetique.com\/es\/wp-json\/wp\/v2\/users\/1"}],"replies":[{"embeddable":true,"href":"https:\/\/www.desouches-chirurgien-esthetique.com\/es\/wp-json\/wp\/v2\/comments?post=1175"}],"version-history":[{"count":2,"href":"https:\/\/www.desouches-chirurgien-esthetique.com\/es\/wp-json\/wp\/v2\/pages\/1175\/revisions"}],"predecessor-version":[{"id":15556,"href":"https:\/\/www.desouches-chirurgien-esthetique.com\/es\/wp-json\/wp\/v2\/pages\/1175\/revisions\/15556"}],"up":[{"embeddable":true,"href":"https:\/\/www.desouches-chirurgien-esthetique.com\/es\/wp-json\/wp\/v2\/pages\/23420617"}],"wp:attachment":[{"href":"https:\/\/www.desouches-chirurgien-esthetique.com\/es\/wp-json\/wp\/v2\/media?parent=1175"}],"wp:term":[{"taxonomy":"dipi_cpt_category","embeddable":true,"href":"https:\/\/www.desouches-chirurgien-esthetique.com\/es\/wp-json\/wp\/v2\/dipi_cpt_category?post=1175"}],"curies":[{"name":"gracias","href":"https:\/\/api.w.org\/{rel}","templated":true}]}}