{"id":378,"date":"2021-02-28T20:25:58","date_gmt":"2021-02-28T19:25:58","guid":{"rendered":"https:\/\/www.desouches-chirurgien-esthetique.com\/?page_id=378"},"modified":"2025-10-14T11:00:13","modified_gmt":"2025-10-14T09:00:13","slug":"before-after-cosmetic-breast-surgery","status":"publish","type":"page","link":"https:\/\/www.desouches-chirurgien-esthetique.com\/en\/chirurgie-esthetique\/chirurgie-esthetique-des-seins\/","title":{"rendered":"Cosmetic breast surgery"},"content":{"rendered":"<h2>Breast surgery in Marseille<\/h2>\n<p>Like many women, you are probably concerned with the appearance of your breasts, the shape of your breasts, their symmetry or their size.<\/p>\n<p>Breast beautification surgery is the most performed surgery in cosmetic surgery. Whether breast augmentation by prosthesis or fat injection (lipofilling), breast lift alone or associated with an increase in volume, this surgery can bring you great satisfaction. An embellished chest makes you feel more attractive, more confident.<\/p>\n<p>If you are considering breast augmentation or breast lift, Dr Desouches, cosmetic surgeon in Marseille, will be able to offer you his expertise and advise you on how to carry out your procedure successfully.<\/p>\n<h3>Interventions to beautify the breasts<\/h3>\n<p>In order to improve the shape, size and contour of your breasts, Dr Christophe Desouches offers you the following solutions:<\/p>\n<h3>Breast augmentation with prostheses<\/h3>\n<p>Thanks to advances in breast implant technology, breast augmentation by prosthesis provides an aesthetic solution to small breasts using silicone gel implants, or in some cases filled with physiological saline.<\/p>\n<p>&gt;&gt;&gt;More details on the<a href=\"https:\/\/www.desouches-chirurgien-esthetique.com\/en\/cosmetic-surgery\/before-after-cosmetic-breast-surgery\/breast-augmentation-by-prosthesis-2\/\">breast augmentation with prosthesis<\/a><\/p>\n<h3>Breast augmentation by lipofilling<\/h3>\n<p>Breast lipofilling is a natural technique for increasing breast volume by transferring fat, offering a harmonious and lasting result without the use of implants.<\/p>\n<p>&gt;&gt;&gt;More details on the<a href=\"https:\/\/www.desouches-chirurgien-esthetique.com\/en\/cosmetic-surgery\/before-after-cosmetic-breast-surgery\/breast-augmentation-by-lipofilling-2\/\">breast augmentation by lipofilling<\/a><\/p>\n<h3>Breast lift<\/h3>\n<p>Also known as mastopexy or breast ptosis cure, this breast surgery improves the shape and position of the areola of the breasts. By raising the chest we obtain a more attractive profile.<\/p>\n<p>&gt;&gt;&gt;More details on the <a href=\"https:\/\/www.desouches-chirurgien-esthetique.com\/en\/cosmetic-surgery\/before-after-cosmetic-breast-surgery\/breast-lift\/\">breast lift<\/a><\/p>\n<h3>Surgical nipple reduction<\/h3>\n<p>Nipples that are enlarged naturally or after breastfeeding can be reduced with a very simple surgical procedure under local anesthesia.<\/p>\n<p>&gt;&gt;&gt;More details on the <a href=\"https:\/\/www.desouches-chirurgien-esthetique.com\/en\/cosmetic-surgery\/before-after-cosmetic-breast-surgery\/nipple-reduction\/\">nipple reduction<\/a><\/p>\n<h3>Correction of invaginated nipple<\/h3>\n<p>Intussusception of the nipple can create aesthetic and functional discomfort by preventing breastfeeding. Surgery can correct the defect.<\/p>\n<p>&gt;&gt;&gt;More details on the <a href=\"https:\/\/www.desouches-chirurgien-esthetique.com\/en\/cosmetic-surgery\/before-after-cosmetic-breast-surgery\/nipple-invagination\/\">invaginated nipple correction<\/a><\/p>\n<h3>Frequently Asked Questions About Breast Augmentation<\/h3>\n<p>You want to increase the volume of your chest and you hesitate, you ask yourself questions. Here are Dr. Christophe Desouches&#039; answers to the most frequently asked questions about breast implants, lipofilling, breast lift and cosmetic breast surgery in general.<\/p>\n<p>&gt;&gt;&gt;<a href=\"https:\/\/www.desouches-chirurgien-esthetique.com\/en\/cosmetic-surgery\/faq-cosmetic-surgery\/faq-frequently-asked-questions-breast-augmentation\/\">Breast Augmentation FAQs<\/a><\/p>","protected":false},"excerpt":{"rendered":"<p>Chirurgie mammaire \u00e0 Marseille Comme beaucoup de femme vous \u00eates probablement concern\u00e9es par l\u2019aspect de votre poitrine, la forme de vos seins, leur sym\u00e9trie ou leur volume. La chirurgie d\u2019embellissement de la poitrine est la chirurgie la plus pratiqu\u00e9e en chirurgie esth\u00e9tique. Que ce soit l\u2019augmentation mammaire par proth\u00e8se ou par injection de graisse (lipofilling), [&hellip;]<\/p>\n","protected":false},"author":1,"featured_media":0,"parent":16949,"menu_order":1,"comment_status":"closed","ping_status":"closed","template":"","meta":{"_et_pb_use_builder":"","_et_pb_old_content":"","_et_gb_content_width":"","footnotes":""},"dipi_cpt_category":[],"class_list":["post-378","page","type-page","status-publish","hentry"],"_links":{"self":[{"href":"https:\/\/www.desouches-chirurgien-esthetique.com\/en\/wp-json\/wp\/v2\/pages\/378","targetHints":{"allow":["GET"]}}],"collection":[{"href":"https:\/\/www.desouches-chirurgien-esthetique.com\/en\/wp-json\/wp\/v2\/pages"}],"about":[{"href":"https:\/\/www.desouches-chirurgien-esthetique.com\/en\/wp-json\/wp\/v2\/types\/page"}],"author":[{"embeddable":true,"href":"https:\/\/www.desouches-chirurgien-esthetique.com\/en\/wp-json\/wp\/v2\/users\/1"}],"replies":[{"embeddable":true,"href":"https:\/\/www.desouches-chirurgien-esthetique.com\/en\/wp-json\/wp\/v2\/comments?post=378"}],"version-history":[{"count":28,"href":"https:\/\/www.desouches-chirurgien-esthetique.com\/en\/wp-json\/wp\/v2\/pages\/378\/revisions"}],"predecessor-version":[{"id":23420487,"href":"https:\/\/www.desouches-chirurgien-esthetique.com\/en\/wp-json\/wp\/v2\/pages\/378\/revisions\/23420487"}],"up":[{"embeddable":true,"href":"https:\/\/www.desouches-chirurgien-esthetique.com\/en\/wp-json\/wp\/v2\/pages\/16949"}],"wp:attachment":[{"href":"https:\/\/www.desouches-chirurgien-esthetique.com\/en\/wp-json\/wp\/v2\/media?parent=378"}],"wp:term":[{"taxonomy":"dipi_cpt_category","embeddable":true,"href":"https:\/\/www.desouches-chirurgien-esthetique.com\/en\/wp-json\/wp\/v2\/dipi_cpt_category?post=378"}],"curies":[{"name":"wp","href":"https:\/\/api.w.org\/{rel}","templated":true}]}}