{"id":23420628,"date":"2026-04-01T10:48:11","date_gmt":"2026-04-01T08:48:11","guid":{"rendered":"https:\/\/www.desouches-chirurgien-esthetique.com\/?page_id=23420628"},"modified":"2026-04-09T09:59:34","modified_gmt":"2026-04-09T07:59:34","slug":"reservation","status":"publish","type":"page","link":"https:\/\/www.desouches-chirurgien-esthetique.com\/en\/soins-medico-esthetiques\/reservation\/","title":{"rendered":"R\u00e9servation soins m\u00e9dico-esth\u00e9tiques"},"content":{"rendered":"<p>[et_pb_section fb_built=&#8221;1&#8243; _builder_version=&#8221;4.27.6&#8243; _module_preset=&#8221;default&#8221; global_colors_info=&#8221;{}&#8221;][et_pb_row use_custom_gutter=&#8221;on&#8221; gutter_width=&#8221;2&#8243; _builder_version=&#8221;4.27.6&#8243; _module_preset=&#8221;default&#8221; width=&#8221;95%&#8221; max_width=&#8221;1400px&#8221; global_colors_info=&#8221;{}&#8221;][et_pb_column type=&#8221;4_4&#8243; _builder_version=&#8221;4.27.6&#8243; _module_preset=&#8221;default&#8221; global_colors_info=&#8221;{}&#8221;][dipi_breadcrumbs bc_custom_home=&#8221;on&#8221; bc_home_text=&#8221;Accueil&#8221; bc_home_url=&#8221;\/&#8221; bc_home_icon=&#8221;on&#8221; bc_post_taxonomy=&#8221;dipi_cpt_category&#8221; bc_schema=&#8221;on&#8221; bc_separator_color=&#8221;#000000&#8243; admin_label=&#8221;Pixel Breadcrumbs&#8221; _builder_version=&#8221;4.27.4&#8243; _module_preset=&#8221;default&#8221; items_font=&#8221;Montserrat||||||||&#8221; items_text_color=&#8221;#000000&#8243; active_font=&#8221;Montserrat|500|||||||&#8221; custom_padding=&#8221;||15px||false|false&#8221; custom_css_bc_items_link=&#8221;text-decoration: underline;&#8221; global_module=&#8221;23418405&#8243; locked=&#8221;off&#8221; global_colors_info=&#8221;{}&#8221;][\/dipi_breadcrumbs][et_pb_post_title meta=&#8221;off&#8221; featured_image=&#8221;off&#8221; admin_label=&#8221;Titre du poste&#8221; _builder_version=&#8221;4.27.2&#8243; _module_preset=&#8221;default&#8221; title_font=&#8221;Autography||||||||&#8221; title_font_size=&#8221;60px&#8221; title_font_size_tablet=&#8221;60px&#8221; title_font_size_phone=&#8221;55px&#8221; title_font_size_last_edited=&#8221;on|phone&#8221; locked=&#8221;off&#8221; global_colors_info=&#8221;{}&#8221;][\/et_pb_post_title][et_pb_text _builder_version=&#8221;4.27.6&#8243; _module_preset=&#8221;default&#8221; text_font=&#8221;Montserrat||||||||&#8221; text_font_size=&#8221;17px&#8221; hover_enabled=&#8221;0&#8243; global_colors_info=&#8221;{}&#8221; sticky_enabled=&#8221;0&#8243;]<\/p>\n<p>R\u00e9servez directement en ligne votre s\u00e9ance. Confirmation imm\u00e9diate, paiement sur place.<br \/>Ces soins m\u00e9dico-esth\u00e9tiques sont actuellement dispens\u00e9s exclusivement au Centre M\u00e9dical Alliance de Marseille.<\/p>\n<p><strong>Comment r\u00e9server votre soin<\/strong><\/p>\n<ol>\n<li><strong>Si c&#8217;est votre premi\u00e8re consultation<\/strong> : il est imp\u00e9ratif de la r\u00e9server dans CONSULTATION, pour \u00e9tablir un diagnostic personnalis\u00e9. Elle vous sera offerte.\u00a0\u00a0<\/li>\n<li>Choisissez votre soin dans la liste ci-dessous (BioRePeel, laser ORIGIN, VirtueRF, HIFU, micro-needling, \u00e9pilation laser).<\/li>\n<li>Cliquez sur \u00ab Choisir \u00bb \u00e0 c\u00f4t\u00e9 de la prestation souhait\u00e9e.<\/li>\n<li>S\u00e9lectionnez une date et un horaire disponibles.<\/li>\n<li>Renseignez vos coordonn\u00e9es pour confirmer le rendez-vous.<\/li>\n<\/ol>\n<p>Le paiement s&#8217;effectue sur place le jour de la s\u00e9ance.<\/p>\n<p>[\/et_pb_text][\/et_pb_column][\/et_pb_row][et_pb_row use_custom_gutter=&#8221;on&#8221; gutter_width=&#8221;2&#8243; _builder_version=&#8221;4.27.6&#8243; _module_preset=&#8221;default&#8221; width=&#8221;95%&#8221; max_width=&#8221;1400px&#8221; global_colors_info=&#8221;{}&#8221;][et_pb_column type=&#8221;4_4&#8243; _builder_version=&#8221;4.27.6&#8243; _module_preset=&#8221;default&#8221; global_colors_info=&#8221;{}&#8221;][et_pb_code _builder_version=&#8221;4.27.6&#8243; _module_preset=&#8221;default&#8221; global_colors_info=&#8221;{}&#8221;]<\/p>\n<div style=\"width: 100%; height: 100vh;\"><!-- [et_pb_line_break_holder] -->\t<iframe<!-- [et_pb_line_break_holder] -->\t  id=&#8221;myIframe&#8221;<!-- [et_pb_line_break_holder] -->\t  style=&#8221;width:100%; height:100%;&#8221;<!-- [et_pb_line_break_holder] -->\t  src=&#8221;https:\/\/d2skjte8udjqxw.cloudfront.net\/widget\/white-label-widget-2.html?apiKey=-O6gnwHZMsDJJFzhl_J7&#8243;<!-- [et_pb_line_break_holder] -->\t  frameborder=&#8221;0&#8243;<!-- [et_pb_line_break_holder] -->\t  allow=&#8221;payment&#8221;<!-- [et_pb_line_break_holder] -->\t><\/iframe><!-- [et_pb_line_break_holder] -->  <\/div>\n<p>[\/et_pb_code][\/et_pb_column][\/et_pb_row][\/et_pb_section]<\/p>\n","protected":false},"excerpt":{"rendered":"<p><div class=\"et_pb_module dipi_breadcrumbs dipi_breadcrumbs_0\">\n\t\t\t\t\n\t\t\t\t\n\t\t\t\t\n\t\t\t\t\n\t\t\t\t\n\t\t\t\t\n\t\t\t\t<div class=\"et_pb_module_inner\">\n\t\t\t\t\t<div class=\"dipi-breadcrumbs dipi-bc-left\">\n                <ul itemscope itemtype=\"https:\/\/schema.org\/BreadcrumbList\">\n                    \n                                                        <li itemprop=\"itemListElement\" itemscope itemtype=\"https:\/\/schema.org\/ListItem\" class=\"dipi-breadcrumb-item dipi-breadcrumb-home\">\n\n                        \n                            <a itemprop=\"item\" href=\"\/\">\n                                <span itemprop=\"name\" content=\"Home\">\n                                    <span class=\"et-pb-icon dipi-home-icon\"><\/span>                                    Accueil                                <\/span>\n                            <\/a>\n\n                                                <meta itemprop=\"position\" content=\"1\"\/>                    <\/li>\n\n                    <li class=\"dipi-breadcrumb-separator\">\n                    <span class=\"et-pb-icon dipi-separator-icon\">$<\/span>\n                <\/li>                            \n                <\/ul>\n            <\/div>\n\t\t\t\t<\/div>\n\t\t\t<\/div>R\u00e9servez directement en ligne votre s\u00e9ance. Confirmation imm\u00e9diate, paiement sur place.Ces soins m\u00e9dico-esth\u00e9tiques sont actuellement dispens\u00e9s exclusivement au Centre M\u00e9dical Alliance de Marseille. Comment r\u00e9server votre soin Si c&#8217;est votre premi\u00e8re consultation : il est [&hellip;]<\/p>\n","protected":false},"author":1,"featured_media":0,"parent":23420617,"menu_order":6,"comment_status":"closed","ping_status":"closed","template":"","meta":{"_et_pb_use_builder":"on","_et_pb_old_content":"","_et_gb_content_width":"","footnotes":""},"dipi_cpt_category":[],"class_list":["post-23420628","page","type-page","status-publish","hentry"],"_links":{"self":[{"href":"https:\/\/www.desouches-chirurgien-esthetique.com\/en\/wp-json\/wp\/v2\/pages\/23420628","targetHints":{"allow":["GET"]}}],"collection":[{"href":"https:\/\/www.desouches-chirurgien-esthetique.com\/en\/wp-json\/wp\/v2\/pages"}],"about":[{"href":"https:\/\/www.desouches-chirurgien-esthetique.com\/en\/wp-json\/wp\/v2\/types\/page"}],"author":[{"embeddable":true,"href":"https:\/\/www.desouches-chirurgien-esthetique.com\/en\/wp-json\/wp\/v2\/users\/1"}],"replies":[{"embeddable":true,"href":"https:\/\/www.desouches-chirurgien-esthetique.com\/en\/wp-json\/wp\/v2\/comments?post=23420628"}],"version-history":[{"count":9,"href":"https:\/\/www.desouches-chirurgien-esthetique.com\/en\/wp-json\/wp\/v2\/pages\/23420628\/revisions"}],"predecessor-version":[{"id":23420680,"href":"https:\/\/www.desouches-chirurgien-esthetique.com\/en\/wp-json\/wp\/v2\/pages\/23420628\/revisions\/23420680"}],"up":[{"embeddable":true,"href":"https:\/\/www.desouches-chirurgien-esthetique.com\/en\/wp-json\/wp\/v2\/pages\/23420617"}],"wp:attachment":[{"href":"https:\/\/www.desouches-chirurgien-esthetique.com\/en\/wp-json\/wp\/v2\/media?parent=23420628"}],"wp:term":[{"taxonomy":"dipi_cpt_category","embeddable":true,"href":"https:\/\/www.desouches-chirurgien-esthetique.com\/en\/wp-json\/wp\/v2\/dipi_cpt_category?post=23420628"}],"curies":[{"name":"wp","href":"https:\/\/api.w.org\/{rel}","templated":true}]}}