{"id":17484,"date":"2023-07-11T12:17:50","date_gmt":"2023-07-11T10:17:50","guid":{"rendered":"https:\/\/www.desouches-chirurgien-esthetique.com\/?page_id=17484"},"modified":"2023-09-08T15:14:09","modified_gmt":"2023-09-08T13:14:09","slug":"cosmetic-medicine-for-cheekbones","status":"publish","type":"page","link":"https:\/\/www.desouches-chirurgien-esthetique.com\/en\/medecine-esthetique\/medecine-esthetique-du-visage\/medecine-esthetique-des-pommettes\/","title":{"rendered":"Aesthetic medicine for cheekbones"},"content":{"rendered":"<p><span style=\"font-weight: 400;\">With age, the face tends to lose volume and become emaciated. This loss of fat is partly responsible for sagging skin and reveals underlying structures. In this process, the cheekbones can then lack depth and dull the face&#039;s dynamism.<\/span><span style=\"font-weight: 400;\"><br \/>\n<\/span><span style=\"font-weight: 400;\">Dr. Christophe Desouches restores radiance to your face with aesthetic medicine for cheekbones.<\/span><\/p>\n<h2>Cheekbone augmentation with hyaluronic acid<\/h2>\n<p><span style=\"font-weight: 400;\">Hyaluronic acid is a substance naturally present in the skin. It appears as a transparent gel that is injected into skin tissue to smooth fine lines, correct deeper wrinkles or restore facial volume.<\/span><\/p>\n<p><span style=\"font-weight: 400;\">&gt;&gt;&gt;More details on<a href=\"https:\/\/www.desouches-chirurgien-esthetique.com\/en\/aesthetic-medicine\/facial-aesthetic-medicine-2\/cosmetic-medicine-for-cheekbones\/cheekbones-augmentation\/\">cheekbone augmentation with hyaluronic acid\u00a0<\/a><\/span><\/p>\n<h2>Tension threads<\/h2>\n<p><span style=\"font-weight: 400;\">To resolve facial sagging with a non-surgical, reversible facelift providing 5 to 10 years of rejuvenation.<\/span><\/p>\n<p><span style=\"font-weight: 400;\">&gt;&gt;&gt;More details on the <a href=\"https:\/\/www.desouches-chirurgien-esthetique.com\/en\/aesthetic-medicine\/facial-aesthetic-medicine-2\/cosmetic-medicine-for-cheekbones\/face-lifting-by-thread-tensor-without-surgery\/\">tensor threads<\/a><\/span><\/p>\n<p><!--more--><\/p>\n<div class='et-learn-more clearfix'>\n\t\t\t\t\t<h3 class='heading-more'>See the possibilities offered by cosmetic surgery<span class='et_learnmore_arrow'><span><\/span><\/span><\/h3>\n\t\t\t\t\t<div class='learn-more-content'><h2>Cosmetic surgery of the cheekbones<\/h2>\n<p>It is also possible to beautify the cheekbones by using <a href=\"https:\/\/www.desouches-chirurgien-esthetique.com\/en\/cosmetic-surgery\/before-after-cosmetic-facial-surgery\/cosmetic-surgery-of-the-cheekbones\/\">cheekbone cosmetic surgery<\/a>, with micro lipofilling or bichectomy.<\/p><\/div>\n\t\t\t\t<\/div>","protected":false},"excerpt":{"rendered":"<p>Avec l&#8217;\u00e2ge, le visage a tendance \u00e0 perdre du volume et \u00e0 s\u2019\u00e9macier. Cette fonte graisseuse est en partie responsable du rel\u00e2chement cutan\u00e9 et laisse deviner les structures sous-jacentes. Dans ce processus les pommettes peuvent alors manquer de relief et ternir le dynamisme du visage. Le Dr Christophe Desouches redonne de l\u2019\u00e9clat \u00e0 votre visage [&hellip;]<\/p>\n","protected":false},"author":1,"featured_media":0,"parent":17007,"menu_order":6,"comment_status":"closed","ping_status":"closed","template":"","meta":{"_et_pb_use_builder":"","_et_pb_old_content":"","_et_gb_content_width":"","footnotes":""},"dipi_cpt_category":[],"class_list":["post-17484","page","type-page","status-publish","hentry"],"_links":{"self":[{"href":"https:\/\/www.desouches-chirurgien-esthetique.com\/en\/wp-json\/wp\/v2\/pages\/17484","targetHints":{"allow":["GET"]}}],"collection":[{"href":"https:\/\/www.desouches-chirurgien-esthetique.com\/en\/wp-json\/wp\/v2\/pages"}],"about":[{"href":"https:\/\/www.desouches-chirurgien-esthetique.com\/en\/wp-json\/wp\/v2\/types\/page"}],"author":[{"embeddable":true,"href":"https:\/\/www.desouches-chirurgien-esthetique.com\/en\/wp-json\/wp\/v2\/users\/1"}],"replies":[{"embeddable":true,"href":"https:\/\/www.desouches-chirurgien-esthetique.com\/en\/wp-json\/wp\/v2\/comments?post=17484"}],"version-history":[{"count":5,"href":"https:\/\/www.desouches-chirurgien-esthetique.com\/en\/wp-json\/wp\/v2\/pages\/17484\/revisions"}],"predecessor-version":[{"id":23418828,"href":"https:\/\/www.desouches-chirurgien-esthetique.com\/en\/wp-json\/wp\/v2\/pages\/17484\/revisions\/23418828"}],"up":[{"embeddable":true,"href":"https:\/\/www.desouches-chirurgien-esthetique.com\/en\/wp-json\/wp\/v2\/pages\/17007"}],"wp:attachment":[{"href":"https:\/\/www.desouches-chirurgien-esthetique.com\/en\/wp-json\/wp\/v2\/media?parent=17484"}],"wp:term":[{"taxonomy":"dipi_cpt_category","embeddable":true,"href":"https:\/\/www.desouches-chirurgien-esthetique.com\/en\/wp-json\/wp\/v2\/dipi_cpt_category?post=17484"}],"curies":[{"name":"wp","href":"https:\/\/api.w.org\/{rel}","templated":true}]}}