{"id":17478,"date":"2023-07-11T11:37:09","date_gmt":"2023-07-11T09:37:09","guid":{"rendered":"https:\/\/www.desouches-chirurgien-esthetique.com\/?page_id=17478"},"modified":"2023-09-08T15:12:44","modified_gmt":"2023-09-08T13:12:44","slug":"chin-aesthetic-medicine","status":"publish","type":"page","link":"https:\/\/www.desouches-chirurgien-esthetique.com\/en\/medecine-esthetique\/medecine-esthetique-du-visage\/medecine-esthetique-du-menton\/","title":{"rendered":"Aesthetic chin medicine"},"content":{"rendered":"<div class=\"et_pb_module et_pb_post_title et_pb_post_title_0_tb_body et_pb_bg_layout_light et_pb_text_align_left\">\n<div class=\"et_pb_title_container\"><span style=\"color: #333333; font-size: 26px;\">How to redraw your chin and embellish the profile of your face?<\/span><\/div>\n<\/div>\n<div class=\"et_pb_module et_pb_post_content et_pb_post_content_0_tb_body\">\n<p>The chin is a major element of the harmony of a face. If it is too pronounced, it gives an impression of firmness, while too elusive, it deprives the profile of a necessary balance.<br \/>\nAnd beyond the chin, it is the overall harmony of the face with the rebalancing of the cheekbones, the nose, the jaw, which is generally sought after.<br \/>\nDr. Christophe Desouches offers you a medical approach, minimally invasive and without surgery, to reshape your chin and enhance the beauty of your entire face.<\/p>\n<h2>Medical profiloplasty for the profile of the face<\/h2>\n<p>We all dream of having the perfect face structure, with high cheekbones, a proportionate nose and a perfectly projecting chin. However, many of us do not have this balance.<br \/>\nThis is what a medical profiloplasty can bring you!<\/p>\n<p>&gt;&gt;&gt;More details on the <a href=\"https:\/\/www.desouches-chirurgien-esthetique.com\/en\/aesthetic-medicine\/facial-aesthetic-medicine-2\/chin-aesthetic-medicine\/medical-profiloplasty-2\/\">medical profiloplasty<\/a><\/p>\n<h2>Medical genioplasty (mentoplasty)<\/h2>\n<p>Are you planning to redraw your chin to embellish your profile?<br \/>\nMedical genioplasty makes it possible to correct certain aesthetic defects of the chin without the need for surgery.<\/p>\n<p>&gt;&gt;&gt;More details on the <a href=\"https:\/\/www.desouches-chirurgien-esthetique.com\/en\/aesthetic-medicine\/facial-aesthetic-medicine-2\/chin-aesthetic-medicine\/medical-genioplasty\/\">medical genioplasty<\/a><\/p>\n<\/div>","protected":false},"excerpt":{"rendered":"<p>Comment redessiner son menton et embellir le profil de son visage ? Le menton est un \u00e9l\u00e9ment majeur de l\u2019harmonie d\u2019un visage. S\u2019il est trop marqu\u00e9, il donne une impression de fermet\u00e9, alors que trop fuyant, il prive le profil d\u2019un \u00e9quilibre n\u00e9cessaire. Et au del\u00e0 du menton, c\u2019est l\u2019harmonie globale du visage avec le [&hellip;]<\/p>\n","protected":false},"author":1,"featured_media":0,"parent":17007,"menu_order":5,"comment_status":"closed","ping_status":"closed","template":"","meta":{"_et_pb_use_builder":"","_et_pb_old_content":"","_et_gb_content_width":"","footnotes":""},"dipi_cpt_category":[],"class_list":["post-17478","page","type-page","status-publish","hentry"],"_links":{"self":[{"href":"https:\/\/www.desouches-chirurgien-esthetique.com\/en\/wp-json\/wp\/v2\/pages\/17478","targetHints":{"allow":["GET"]}}],"collection":[{"href":"https:\/\/www.desouches-chirurgien-esthetique.com\/en\/wp-json\/wp\/v2\/pages"}],"about":[{"href":"https:\/\/www.desouches-chirurgien-esthetique.com\/en\/wp-json\/wp\/v2\/types\/page"}],"author":[{"embeddable":true,"href":"https:\/\/www.desouches-chirurgien-esthetique.com\/en\/wp-json\/wp\/v2\/users\/1"}],"replies":[{"embeddable":true,"href":"https:\/\/www.desouches-chirurgien-esthetique.com\/en\/wp-json\/wp\/v2\/comments?post=17478"}],"version-history":[{"count":5,"href":"https:\/\/www.desouches-chirurgien-esthetique.com\/en\/wp-json\/wp\/v2\/pages\/17478\/revisions"}],"predecessor-version":[{"id":23418827,"href":"https:\/\/www.desouches-chirurgien-esthetique.com\/en\/wp-json\/wp\/v2\/pages\/17478\/revisions\/23418827"}],"up":[{"embeddable":true,"href":"https:\/\/www.desouches-chirurgien-esthetique.com\/en\/wp-json\/wp\/v2\/pages\/17007"}],"wp:attachment":[{"href":"https:\/\/www.desouches-chirurgien-esthetique.com\/en\/wp-json\/wp\/v2\/media?parent=17478"}],"wp:term":[{"taxonomy":"dipi_cpt_category","embeddable":true,"href":"https:\/\/www.desouches-chirurgien-esthetique.com\/en\/wp-json\/wp\/v2\/dipi_cpt_category?post=17478"}],"curies":[{"name":"wp","href":"https:\/\/api.w.org\/{rel}","templated":true}]}}