{"id":17282,"date":"2023-07-10T17:14:23","date_gmt":"2023-07-10T15:14:23","guid":{"rendered":"https:\/\/www.desouches-chirurgien-esthetique.com\/?page_id=17282"},"modified":"2023-09-08T15:24:15","modified_gmt":"2023-09-08T13:24:15","slug":"intimate-medicine-of-the-female-sex","status":"publish","type":"page","link":"https:\/\/www.desouches-chirurgien-esthetique.com\/en\/medecine-esthetique\/medecine-intime\/medecine-intime-du-sexe-feminin\/","title":{"rendered":"Intimate aesthetic medicine for the female sex"},"content":{"rendered":"<p>With hyaluronic acid injections, Dr Christophe Desouches frees you from your intimate complexes and helps you live your sexuality better.<\/p>\n<h2>Hyaluronic acid injection for intimate areas<\/h2>\n<p>Female genitals are sensitive in number of years, especially after menopause. Hyaluronic acid can be injected into the mucosa to hydrate the tissues.<\/p>\n<p>&gt;&gt;&gt;More details on injections of<a href=\"https:\/\/www.desouches-chirurgien-esthetique.com\/en\/aesthetic-medicine\/intimate-medicine\/intimate-medicine-of-the-female-sex\/hyaluronic-acid\/\">hyaluronic acid<\/a><\/p>\n<p><!--more--><\/p>\n<div class='et-learn-more clearfix'>\n\t\t\t\t\t<h3 class='heading-more'>See the possibilities offered by cosmetic surgery<span class='et_learnmore_arrow'><span><\/span><\/span><\/h3>\n\t\t\t\t\t<div class='learn-more-content'><h2>Intimate cosmetic surgery for women<\/h2>\n<p>Also discover the interventions of <a href=\"https:\/\/www.desouches-chirurgien-esthetique.com\/en\/cosmetic-surgery\/intimate-surgery\/intimate-surgery-of-the-female-sex\/\">intimate cosmetic surgery of the female sex<\/a> like nymphoplasty.<\/p><\/div>\n\t\t\t\t<\/div>","protected":false},"excerpt":{"rendered":"<p>Avec les injections d\u2019acide hyaluronique, le Dr Christophe Desouches vous lib\u00e8re de vos complexes intimes et vous aide \u00e0 mieux vivre votre sexualit\u00e9. Injection d&#8217;acide hyaluronique pour les parties intimes Les organes g\u00e9nitaux f\u00e9minins sont sensibles au nombre des ann\u00e9es, particuli\u00e8rement apr\u00e8s la m\u00e9nopause. L\u2019acide hyaluronique peut \u00eatre inject\u00e9 au niveau de la muqueuse afin [&hellip;]<\/p>\n","protected":false},"author":1,"featured_media":0,"parent":17277,"menu_order":1,"comment_status":"closed","ping_status":"closed","template":"","meta":{"_et_pb_use_builder":"","_et_pb_old_content":"","_et_gb_content_width":"","footnotes":""},"dipi_cpt_category":[],"class_list":["post-17282","page","type-page","status-publish","hentry"],"_links":{"self":[{"href":"https:\/\/www.desouches-chirurgien-esthetique.com\/en\/wp-json\/wp\/v2\/pages\/17282","targetHints":{"allow":["GET"]}}],"collection":[{"href":"https:\/\/www.desouches-chirurgien-esthetique.com\/en\/wp-json\/wp\/v2\/pages"}],"about":[{"href":"https:\/\/www.desouches-chirurgien-esthetique.com\/en\/wp-json\/wp\/v2\/types\/page"}],"author":[{"embeddable":true,"href":"https:\/\/www.desouches-chirurgien-esthetique.com\/en\/wp-json\/wp\/v2\/users\/1"}],"replies":[{"embeddable":true,"href":"https:\/\/www.desouches-chirurgien-esthetique.com\/en\/wp-json\/wp\/v2\/comments?post=17282"}],"version-history":[{"count":7,"href":"https:\/\/www.desouches-chirurgien-esthetique.com\/en\/wp-json\/wp\/v2\/pages\/17282\/revisions"}],"predecessor-version":[{"id":23418831,"href":"https:\/\/www.desouches-chirurgien-esthetique.com\/en\/wp-json\/wp\/v2\/pages\/17282\/revisions\/23418831"}],"up":[{"embeddable":true,"href":"https:\/\/www.desouches-chirurgien-esthetique.com\/en\/wp-json\/wp\/v2\/pages\/17277"}],"wp:attachment":[{"href":"https:\/\/www.desouches-chirurgien-esthetique.com\/en\/wp-json\/wp\/v2\/media?parent=17282"}],"wp:term":[{"taxonomy":"dipi_cpt_category","embeddable":true,"href":"https:\/\/www.desouches-chirurgien-esthetique.com\/en\/wp-json\/wp\/v2\/dipi_cpt_category?post=17282"}],"curies":[{"name":"wp","href":"https:\/\/api.w.org\/{rel}","templated":true}]}}