{"id":17016,"date":"2023-07-07T17:40:43","date_gmt":"2023-07-07T15:40:43","guid":{"rendered":"https:\/\/www.desouches-chirurgien-esthetique.com\/?page_id=17016"},"modified":"2024-01-16T10:28:06","modified_gmt":"2024-01-16T09:28:06","slug":"aesthetic-medicine-look-dark-circles","status":"publish","type":"page","link":"https:\/\/www.desouches-chirurgien-esthetique.com\/en\/medecine-esthetique\/medecine-esthetique-du-visage\/medecine-esthetique-regard-cernes\/","title":{"rendered":"Aesthetic medicine of the gaze and eye contour"},"content":{"rendered":"<p><span style=\"font-weight: 400;\">With age, the outlook changes inexorably. The eyebrows lower, the upper eyelids deepen and relax, the lower eyelids become distended, dark circles under the eyes appear, which makes the look heavier and sad.<\/span><\/p>\n<p><span style=\"font-weight: 400;\">In addition to an adapted lifestyle, Dr Christophe Desouches offers you two interventions for dark circles to improve your eyes.<\/span><\/p>\n<h2>Treatment of dark circles<\/h2>\n<p>Hyaluronic acid injections generally make it possible to fill the hollow of the ring by filling the loss of volume caused by the melting of adipose tissue.<\/p>\n<p>&gt;&gt;&gt;More details on the <a href=\"https:\/\/www.desouches-chirurgien-esthetique.com\/en\/aesthetic-medicine\/facial-aesthetic-medicine-2\/aesthetic-medicine-look-dark-circles\/cosmetic-surgery-for-dark-circles\/\">treatment of hollow dark circles<\/a><\/p>\n<h2>Treatment of dark circles<\/h2>\n<p>Lightening the skin of the dark circle can be done by performing a peel or laserbrasion.<\/p>\n<p>&gt;&gt;&gt;More details on the <a href=\"https:\/\/www.desouches-chirurgien-esthetique.com\/en\/aesthetic-medicine\/facial-aesthetic-medicine-2\/aesthetic-medicine-look-dark-circles\/cosmetic-surgery-for-dark-circles-2\/\">treatment of dark circles<\/a><\/p>\n<h2>Open the eyes with Botox<\/h2>\n<p>Discover how Botox, a leading aesthetic solution, can help you open and rejuvenate your eyes.<\/p>\n<p>&gt;&gt;&gt;More details on the <a href=\"https:\/\/www.desouches-chirurgien-esthetique.com\/en\/aesthetic-medicine\/facial-aesthetic-medicine-2\/aesthetic-medicine-look-dark-circles\/botox-look\/\">Botox for the eyes<\/a><\/p>\n<p>&nbsp;<\/p>\n<p><!--more--><\/p>\n<div class='et-learn-more clearfix'>\n\t\t\t\t\t<h3 class='heading-more'>See the possibilities offered by cosmetic surgery<span class='et_learnmore_arrow'><span><\/span><\/span><\/h3>\n\t\t\t\t\t<div class='learn-more-content'><h2>Cosmetic eye and eyelid surgery<\/h2>\n<p>It is also possible to intervene at the level of the lower and upper eyelids, with the <a href=\"https:\/\/www.desouches-chirurgien-esthetique.com\/en\/cosmetic-surgery\/before-after-cosmetic-facial-surgery\/cosmetic-eye-and-eyelid-surgery\/\">cosmetic eye and eyelid surgery<\/a>.<\/div>\n\t\t\t\t<\/div>","protected":false},"excerpt":{"rendered":"<p>Avec l&#8217;\u00e2ge, le regard se modifie inexorablement. Les sourcils s\u2019abaissent, les paupi\u00e8res sup\u00e9rieures se creusent et se rel\u00e2chent, les paupi\u00e8res inf\u00e9rieures se distendent, les cernes sous les yeux apparaissent, ce qui alourdit le regard et le rend triste. En compl\u00e9ment d\u2019une hygi\u00e8ne de vie adapt\u00e9e, le Dr Christophe Desouches vous propose deux interventions au niveau [&hellip;]<\/p>\n","protected":false},"author":1,"featured_media":0,"parent":17007,"menu_order":2,"comment_status":"closed","ping_status":"closed","template":"","meta":{"_et_pb_use_builder":"","_et_pb_old_content":"","_et_gb_content_width":"","footnotes":""},"dipi_cpt_category":[],"class_list":["post-17016","page","type-page","status-publish","hentry"],"_links":{"self":[{"href":"https:\/\/www.desouches-chirurgien-esthetique.com\/en\/wp-json\/wp\/v2\/pages\/17016","targetHints":{"allow":["GET"]}}],"collection":[{"href":"https:\/\/www.desouches-chirurgien-esthetique.com\/en\/wp-json\/wp\/v2\/pages"}],"about":[{"href":"https:\/\/www.desouches-chirurgien-esthetique.com\/en\/wp-json\/wp\/v2\/types\/page"}],"author":[{"embeddable":true,"href":"https:\/\/www.desouches-chirurgien-esthetique.com\/en\/wp-json\/wp\/v2\/users\/1"}],"replies":[{"embeddable":true,"href":"https:\/\/www.desouches-chirurgien-esthetique.com\/en\/wp-json\/wp\/v2\/comments?post=17016"}],"version-history":[{"count":11,"href":"https:\/\/www.desouches-chirurgien-esthetique.com\/en\/wp-json\/wp\/v2\/pages\/17016\/revisions"}],"predecessor-version":[{"id":23419073,"href":"https:\/\/www.desouches-chirurgien-esthetique.com\/en\/wp-json\/wp\/v2\/pages\/17016\/revisions\/23419073"}],"up":[{"embeddable":true,"href":"https:\/\/www.desouches-chirurgien-esthetique.com\/en\/wp-json\/wp\/v2\/pages\/17007"}],"wp:attachment":[{"href":"https:\/\/www.desouches-chirurgien-esthetique.com\/en\/wp-json\/wp\/v2\/media?parent=17016"}],"wp:term":[{"taxonomy":"dipi_cpt_category","embeddable":true,"href":"https:\/\/www.desouches-chirurgien-esthetique.com\/en\/wp-json\/wp\/v2\/dipi_cpt_category?post=17016"}],"curies":[{"name":"wp","href":"https:\/\/api.w.org\/{rel}","templated":true}]}}