{"id":17013,"date":"2023-07-07T17:26:39","date_gmt":"2023-07-07T15:26:39","guid":{"rendered":"https:\/\/www.desouches-chirurgien-esthetique.com\/?page_id=17013"},"modified":"2023-09-08T14:55:11","modified_gmt":"2023-09-08T12:55:11","slug":"forehead-aesthetic-medicine","status":"publish","type":"page","link":"https:\/\/www.desouches-chirurgien-esthetique.com\/en\/medecine-esthetique\/medecine-esthetique-du-visage\/medecine-esthetique-du-front\/","title":{"rendered":"Aesthetic medicine of the forehead"},"content":{"rendered":"<p><span style=\"font-weight: 400;\">Everything ages, even the forehead!<\/span><span style=\"font-weight: 400;\"><br \/>\n<\/span><span style=\"font-weight: 400;\">The skin wrinkles, the muscles thin out and even the bones shrink. <\/span><span style=\"font-weight: 400;\"><br \/>\n<\/span><span style=\"font-weight: 400;\">The muscles under the forehead also age. They become thinner, which gradually attenuates the curvature of the forehead. As a result, the forehead relaxes a little and the height of the forehead increases.<\/span><\/p>\n<p><span style=\"font-weight: 400;\">As a result, the front shows the effects of time.<\/span><\/p>\n<p><span style=\"font-weight: 400;\">Young people have a well rounded forehead, while older people have a broad, flat forehead on which you can even see the muscle head protruding: small balls located just above the eyebrow.<\/span><\/p>\n<p><span style=\"font-weight: 400;\">As the bone ages, it also ages very noticeably. This is how, in archaeology, the age of the skulls that are discovered can be dated quite easily.<\/span><\/p>\n<p><span style=\"font-weight: 400;\">Bones shape with age, giving rise to different curvatures. Children and young people have a convex curvature, uniform in both vertical and horizontal directions. However, with age, the curvatures become very different. In the vertical direction, starting from the hairline, we have a slight bulge, then a hollow, and then a bulge again up to the brow bone.<\/span><\/p>\n<p><span style=\"font-weight: 400;\">The forehead tends to take on an \u201cS\u201d shape. The same thing happens horizontally with a bulge on the sides of the forehead, then a small hollow and again a bulge in the central part.<\/span><\/p>\n<h2>The medical approach<\/h2>\n<p><span style=\"font-weight: 400;\">The muscle can be treated using <\/span><a href=\"https:\/\/www.desouches-chirurgien-esthetique.com\/en\/aesthetic-medicine\/facial-aesthetic-medicine-2\/cosmetic-wrinkle-surgery\/anti-wrinkle-botulinum-toxin-injection\/\"><span style=\"font-weight: 400;\">Botox (botulinum toxin) injection<\/span><\/a><span style=\"font-weight: 400;\"> across the entire forehead. This removes all permanent expression lines and results in a smooth forehead.<\/span><\/p>\n<p><span style=\"font-weight: 400;\">The <a href=\"https:\/\/www.desouches-chirurgien-esthetique.com\/en\/aesthetic-medicine\/facial-aesthetic-medicine-2\/cosmetic-wrinkle-surgery\/hyaluronic-acid-injection-face-and-neck\/\">hyaluronic acid injections<\/a><\/span><span style=\"font-weight: 400;\"> can fill a hollow forehead, to make it convex, advance the eyebrow arches to reduce bulging eyes or optically the length of the nose.<\/span><\/p>\n<p><!--more--><\/p>\n<div class='et-learn-more clearfix'>\n\t\t\t\t\t<h3 class='heading-more'>See the possibilities offered by cosmetic surgery<span class='et_learnmore_arrow'><span><\/span><\/span><\/h3>\n\t\t\t\t\t<div class='learn-more-content'><h2>The surgical approach<\/h2>\n<p>Also discover the facelift procedures <a href=\"https:\/\/www.desouches-chirurgien-esthetique.com\/en\/cosmetic-surgery\/before-after-cosmetic-facial-surgery\/forehead-cosmetic-surgery\/\">cosmetic forehead surgery.<\/a><\/div>\n\t\t\t\t<\/div>","protected":false},"excerpt":{"rendered":"<p>Tout vieillit, m\u00eame le front ! La peau se plisse, les muscles s&#8217;affinent et m\u00eame les os s&#8217;amenuisent. Les muscles situ\u00e9s sous le front vieillissent, s&#8217;affinent, ce qui att\u00e9nue progressivement le bomb\u00e9 du front. De ce fait, le front se rel\u00e2che un peu et la hauteur du front augmente. R\u00e9sultat, le front accuse les effets [&hellip;]<\/p>\n","protected":false},"author":1,"featured_media":0,"parent":17007,"menu_order":1,"comment_status":"closed","ping_status":"closed","template":"","meta":{"_et_pb_use_builder":"","_et_pb_old_content":"","_et_gb_content_width":"","footnotes":""},"dipi_cpt_category":[],"class_list":["post-17013","page","type-page","status-publish","hentry"],"_links":{"self":[{"href":"https:\/\/www.desouches-chirurgien-esthetique.com\/en\/wp-json\/wp\/v2\/pages\/17013","targetHints":{"allow":["GET"]}}],"collection":[{"href":"https:\/\/www.desouches-chirurgien-esthetique.com\/en\/wp-json\/wp\/v2\/pages"}],"about":[{"href":"https:\/\/www.desouches-chirurgien-esthetique.com\/en\/wp-json\/wp\/v2\/types\/page"}],"author":[{"embeddable":true,"href":"https:\/\/www.desouches-chirurgien-esthetique.com\/en\/wp-json\/wp\/v2\/users\/1"}],"replies":[{"embeddable":true,"href":"https:\/\/www.desouches-chirurgien-esthetique.com\/en\/wp-json\/wp\/v2\/comments?post=17013"}],"version-history":[{"count":6,"href":"https:\/\/www.desouches-chirurgien-esthetique.com\/en\/wp-json\/wp\/v2\/pages\/17013\/revisions"}],"predecessor-version":[{"id":23418822,"href":"https:\/\/www.desouches-chirurgien-esthetique.com\/en\/wp-json\/wp\/v2\/pages\/17013\/revisions\/23418822"}],"up":[{"embeddable":true,"href":"https:\/\/www.desouches-chirurgien-esthetique.com\/en\/wp-json\/wp\/v2\/pages\/17007"}],"wp:attachment":[{"href":"https:\/\/www.desouches-chirurgien-esthetique.com\/en\/wp-json\/wp\/v2\/media?parent=17013"}],"wp:term":[{"taxonomy":"dipi_cpt_category","embeddable":true,"href":"https:\/\/www.desouches-chirurgien-esthetique.com\/en\/wp-json\/wp\/v2\/dipi_cpt_category?post=17013"}],"curies":[{"name":"wp","href":"https:\/\/api.w.org\/{rel}","templated":true}]}}