{"id":17007,"date":"2023-07-07T16:55:00","date_gmt":"2023-07-07T14:55:00","guid":{"rendered":"https:\/\/www.desouches-chirurgien-esthetique.com\/?page_id=17007"},"modified":"2023-09-08T15:11:16","modified_gmt":"2023-09-08T13:11:16","slug":"facial-aesthetic-medicine-2","status":"publish","type":"page","link":"https:\/\/www.desouches-chirurgien-esthetique.com\/en\/medecine-esthetique\/medecine-esthetique-du-visage\/","title":{"rendered":"Aesthetic medicine of the face"},"content":{"rendered":"<p>The face is our most visible part of the body. Disgrace or signs of aging are therefore particularly exposed (poorly proportioned nose, wrinkles and distended skin, drooping eyelids or bags under the eyes, etc.).<\/p>\n<p>What are the solutions to beautify and rejuvenate this face that represents us?<br \/>\nWhether with cosmetic surgery or with <strong>aesthetic medicine detailed below<\/strong>, Dr Desouches advises you in a personalized approach to best combine the actions that will allow you to have the face you want.<\/p>\n<h2>Aesthetic medicine and wrinkle treatment<\/h2>\n<p>In addition to a suitable lifestyle, a range of effective means to improve the appearance of your wrinkles is at your disposal.<\/p>\n<p>&gt;&gt;&gt; More details on the <a href=\"https:\/\/www.desouches-chirurgien-esthetique.com\/en\/aesthetic-medicine\/facial-aesthetic-medicine-2\/cosmetic-wrinkle-surgery\/\">wrinkle treatment<\/a><\/p>\n<h2>Aesthetic medicine of the forehead<\/h2>\n<p>Wrinkles and sagging of the forehead impact the overall aesthetics of the face and the look. Aesthetic medicine of the forehead allows these aspects to be corrected to find harmony and a more youthful look.<\/p>\n<p>&gt;&gt;&gt; More details on the <a href=\"https:\/\/www.desouches-chirurgien-esthetique.com\/en\/aesthetic-medicine\/facial-aesthetic-medicine-2\/forehead-aesthetic-medicine\/\">aesthetic medicine of the forehead<\/a><\/p>\n<h2>Aesthetic eye medicine<\/h2>\n<p><img decoding=\"async\" class=\"aligncenter wp-image-5718 size-medium\" src=\"https:\/\/www.desouches-chirurgien-esthetique.com\/wp-content\/uploads\/2021\/03\/avant-apres-blepharo-300x300.jpg\" alt=\"Eyelid surgery in Marseille\" width=\"300\" height=\"300\" \/> The eyelids like the eye contour are fragile areas sensitive to age, alcohol, the sun ... The look changes with the sagging of the eyelids or the appearance of dark circles.<br \/>\nCorrection of dark circles (blepharoplasty) allows these defects to be corrected to achieve a clearer and more youthful look.<\/p>\n<p>&gt;&gt;&gt; More details on the <a href=\"https:\/\/www.desouches-chirurgien-esthetique.com\/en\/aesthetic-medicine\/facial-aesthetic-medicine-2\/aesthetic-medicine-look-dark-circles\/\">aesthetic eye medicine<\/a><\/p>\n<h2>Aesthetic nose medicine<\/h2>\n<p><img decoding=\"async\" class=\"aligncenter wp-image-5876 size-medium\" src=\"https:\/\/www.desouches-chirurgien-esthetique.com\/wp-content\/uploads\/2021\/03\/avant-apres-profilogior-300x300.jpg\" alt=\"Cosmetic facial surgery in Marseille \" width=\"300\" height=\"300\" \/> The nose is one of the most visible features of the face. Rhinoplasty is a cosmetic nose surgery procedure that creates a harmonious nose, bringing more balance to the face. Medical rhinoplasty achieves spectacular results without surgery, with a simple injection of filler.<\/p>\n<p>&gt;&gt;&gt; More details on the <a href=\"https:\/\/www.desouches-chirurgien-esthetique.com\/en\/aesthetic-medicine\/facial-aesthetic-medicine-2\/aesthetic-nose-medicine\/\">aesthetic nose medicine<\/a><\/p>\n<h2>Lip beautification<\/h2>\n<p><img decoding=\"async\" class=\"aligncenter wp-image-5702 size-medium\" src=\"https:\/\/www.desouches-chirurgien-esthetique.com\/wp-content\/uploads\/2021\/03\/avant-apres-aug-levre-2-300x300.jpg\" alt=\"Hyaluronic acid injections Marseille lips\" width=\"300\" height=\"300\" \/> Symbols of seduction and attraction, lips lose volume and depth with age. The sun and cigarettes can accelerate the signs of aging. Several aesthetic approaches improve their design and harmony.<\/p>\n<p>&gt;&gt;&gt; More details on the <a href=\"https:\/\/www.desouches-chirurgien-esthetique.com\/en\/aesthetic-medicine\/facial-aesthetic-medicine-2\/aesthetic-lip-medicine\/\">lip aesthetic medicine<\/a><\/p>\n<h2>Enhance the chin<\/h2>\n<p>The chin plays a crucial role in facial balance. Dr. Christophe Desouches offers a gentle medical solution to enhance your chin and restore facial harmony.<\/p>\n<p>&gt;&gt;&gt; More details on the <a href=\"https:\/\/www.desouches-chirurgien-esthetique.com\/en\/aesthetic-medicine\/facial-aesthetic-medicine-2\/chin-aesthetic-medicine\/\">chin aesthetic medicine<\/a><\/p>\n<h2>Redraw the cheekbones<\/h2>\n<p>The cheekbones contribute to the overall harmony of our face. By reshaping the contours and volumes of the cheekbones it is possible to improve the balance at all.<\/p>\n<p>&gt;&gt;&gt; More details on the <a href=\"https:\/\/www.desouches-chirurgien-esthetique.com\/en\/aesthetic-medicine\/facial-aesthetic-medicine-2\/cosmetic-medicine-for-cheekbones\/\">aesthetic medicine for cheekbones<\/a><\/p>\n<h2>The oval and the neck<\/h2>\n<p>The aesthetic medicine offered by Dr. Desouches reshapes the oval of the face and neck without surgery.<br \/>\nYou then find a younger and more dynamic appearance.<\/p>\n<p>&gt;&gt;&gt; More details on the\u00a0<a href=\"https:\/\/www.desouches-chirurgien-esthetique.com\/en\/aesthetic-medicine\/facial-aesthetic-medicine-2\/aesthetic-medicine-of-the-lobe-and-neck\/\">aesthetic medicine of the oval and neck<\/a><\/p>\n<h2>Frequently Asked Questions About Hyaluronic Acid<\/h2>\n<p>You want to use hyaluronic acid injections and you hesitate, you ask yourself questions. Here are Dr. Christophe Desouches&#039; answers to the most frequently asked questions about Hyaluronic Acid.<\/p>\n<p>&gt;&gt;&gt;<a href=\"https:\/\/www.desouches-chirurgien-esthetique.com\/en\/aesthetic-medicine\/faq-medicine-aesthetics\/frequently-asked-questions-about-hyaluronic-acid\/\">FAQ about hyaluronic acid<\/a><\/p>\n<h2>Frequently Asked Questions About Botox (Botulic Toxin)<\/h2>\n<p>You want to use Botox injections for your face and you hesitate, you ask yourself questions.<br \/>\nHere are Dr. Desouches&#039; answers to the most frequently asked questions regarding Botox.<\/p>\n<p>&gt;&gt;&gt;<a href=\"https:\/\/www.desouches-chirurgien-esthetique.com\/en\/aesthetic-medicine\/faq-medicine-aesthetics\/faq-frequently-questioned-botox-botulinum-toxin\/\">Botox FAQs<\/a><\/p>\n<p><!--more--><\/p>\n<div class='et-learn-more clearfix'>\n\t\t\t\t\t<h3 class='heading-more'>See the possibilities offered by cosmetic surgery<span class='et_learnmore_arrow'><span><\/span><\/span><\/h3>\n\t\t\t\t\t<div class='learn-more-content'><h2>Cosmetic surgery of the face<\/h2>\n<p>It is also possible to beautify your face with facial cosmetic surgery: eyelid surgery, rhinoplasty, lip lift, forehead or cervico-facial lift and many others.<\/p>\n<p>Discover all the interventions offered by Dr Desouches in <a href=\"https:\/\/www.desouches-chirurgien-esthetique.com\/en\/cosmetic-surgery\/before-after-cosmetic-facial-surgery\/\">facial cosmetic surgery<\/a>.<\/p><\/div>\n\t\t\t\t<\/div>","protected":false},"excerpt":{"rendered":"<p>Le visage est notre partie du corps la plus visible. Les disgr\u00e2ces ou les signes de vieillissement sont donc particuli\u00e8rement expos\u00e9s (nez mal proportionn\u00e9, rides et peau distendue, paupi\u00e8res tombantes ou poches sous les yeux \u2026). Quelles sont les solutions pour embellir et rajeunir ce visage qui nous repr\u00e9sente ? Que ce soit avec la [&hellip;]<\/p>\n","protected":false},"author":1,"featured_media":0,"parent":16993,"menu_order":0,"comment_status":"closed","ping_status":"closed","template":"","meta":{"_et_pb_use_builder":"","_et_pb_old_content":"","_et_gb_content_width":"","footnotes":""},"dipi_cpt_category":[],"class_list":["post-17007","page","type-page","status-publish","hentry"],"_links":{"self":[{"href":"https:\/\/www.desouches-chirurgien-esthetique.com\/en\/wp-json\/wp\/v2\/pages\/17007","targetHints":{"allow":["GET"]}}],"collection":[{"href":"https:\/\/www.desouches-chirurgien-esthetique.com\/en\/wp-json\/wp\/v2\/pages"}],"about":[{"href":"https:\/\/www.desouches-chirurgien-esthetique.com\/en\/wp-json\/wp\/v2\/types\/page"}],"author":[{"embeddable":true,"href":"https:\/\/www.desouches-chirurgien-esthetique.com\/en\/wp-json\/wp\/v2\/users\/1"}],"replies":[{"embeddable":true,"href":"https:\/\/www.desouches-chirurgien-esthetique.com\/en\/wp-json\/wp\/v2\/comments?post=17007"}],"version-history":[{"count":5,"href":"https:\/\/www.desouches-chirurgien-esthetique.com\/en\/wp-json\/wp\/v2\/pages\/17007\/revisions"}],"predecessor-version":[{"id":23418826,"href":"https:\/\/www.desouches-chirurgien-esthetique.com\/en\/wp-json\/wp\/v2\/pages\/17007\/revisions\/23418826"}],"up":[{"embeddable":true,"href":"https:\/\/www.desouches-chirurgien-esthetique.com\/en\/wp-json\/wp\/v2\/pages\/16993"}],"wp:attachment":[{"href":"https:\/\/www.desouches-chirurgien-esthetique.com\/en\/wp-json\/wp\/v2\/media?parent=17007"}],"wp:term":[{"taxonomy":"dipi_cpt_category","embeddable":true,"href":"https:\/\/www.desouches-chirurgien-esthetique.com\/en\/wp-json\/wp\/v2\/dipi_cpt_category?post=17007"}],"curies":[{"name":"wp","href":"https:\/\/api.w.org\/{rel}","templated":true}]}}