{"id":16157,"date":"2022-11-18T18:24:25","date_gmt":"2022-11-18T17:24:25","guid":{"rendered":"https:\/\/www.desouches-chirurgien-esthetique.com\/?page_id=16157"},"modified":"2024-02-07T15:14:28","modified_gmt":"2024-02-07T14:14:28","slug":"a-beautiful-scar-with-the-urgotouch-laser","status":"publish","type":"page","link":"https:\/\/www.desouches-chirurgien-esthetique.com\/en\/innovations\/cicatrice-laser-urgotouch\/","title":{"rendered":"Healing with the UrgoTouch Laser"},"content":{"rendered":"<h2>For better healing after surgery<\/h2>\n<p><span style=\"font-weight: 400;\">Post-operative scars can be embarrassing for many people, even though they are a natural healing process.<br \/>\n<\/span><span style=\"font-weight: 400;\">Unfortunately, their final appearance depends on many factors such as the quality of your skin, your phototype, any illnesses or treatments, and even your lifestyle.<br \/>\n<\/span><span style=\"font-weight: 400;\">As a result, 9 out of 10 patients would appreciate having a more discreet scar.<\/span><\/p>\n<p><span style=\"font-weight: 400;\">So, what solutions are available to protect your skin and your appearance?<\/span><\/p>\n<h2>Reduction of visible scars with the UrgoTouch laser<\/h2>\n<p><span style=\"font-weight: 400;\">The UrgoTouch laser can significantly improve the appearance of your scars and make them less visible. It can be used for any type of surgery, including breast augmentation, abdominoplasty, breast lift, and more.<\/span><\/p>\n<p><span style=\"font-weight: 400;\">Dr. Christophe Desouches is one of the first cosmetic surgeons in the South of France to use this laser to provide you with the best possible care and results.<\/span><\/p>\n<div id=\"attachment_16249\" style=\"width: 510px\" class=\"wp-caption alignnone\"><img decoding=\"async\" aria-describedby=\"caption-attachment-16249\" class=\"wp-image-16249\" src=\"https:\/\/www.desouches-chirurgien-esthetique.com\/wp-content\/uploads\/2023\/03\/laser-URGOTOUCH-cicatrices-profil-incline.png\" alt=\"URGOTOUCH inclined profile laser\" width=\"500\" height=\"333\" srcset=\"https:\/\/www.desouches-chirurgien-esthetique.com\/wp-content\/uploads\/2023\/03\/laser-URGOTOUCH-cicatrices-profil-incline.png 500w, https:\/\/www.desouches-chirurgien-esthetique.com\/wp-content\/uploads\/2023\/03\/laser-URGOTOUCH-cicatrices-profil-incline-480x320.png 480w\" sizes=\"(min-width: 0px) and (max-width: 480px) 480px, (min-width: 481px) 500px, 100vw\" \/><p id=\"caption-attachment-16249\" class=\"wp-caption-text\">The URGOTOUCH laser.<\/p><\/div>\n<p>&nbsp;<\/p>\n<div id=\"attachment_23419094\" style=\"width: 706px\" class=\"wp-caption alignnone\"><img decoding=\"async\" aria-describedby=\"caption-attachment-23419094\" class=\"wp-image-23419094 size-full\" src=\"https:\/\/www.desouches-chirurgien-esthetique.com\/wp-content\/uploads\/2024\/02\/phototype-laser-urgotouch-tout-type-de-peaumarseille.jpg\" alt=\"urgotouch laser phototype all skin types\" width=\"696\" height=\"344\" srcset=\"https:\/\/www.desouches-chirurgien-esthetique.com\/wp-content\/uploads\/2024\/02\/phototype-laser-urgotouch-tout-type-de-peaumarseille.jpg 696w, https:\/\/www.desouches-chirurgien-esthetique.com\/wp-content\/uploads\/2024\/02\/phototype-laser-urgotouch-tout-type-de-peaumarseille-480x237.jpg 480w\" sizes=\"(min-width: 0px) and (max-width: 480px) 480px, (min-width: 481px) 696px, 100vw\" \/><p id=\"caption-attachment-23419094\" class=\"wp-caption-text\">Effective on all skin types.<\/p><\/div>\n<p>&nbsp;<\/p>\n<h3>How it works?<\/h3>\n<p><span style=\"font-weight: 400;\">The UrgoTouch laser stimulates healing by heating the target area immediately after surgery is complete. The heat generated reduces inflammatory reactions, secretes specific proteins and promotes the reorganization of collagen fibers, thus leading to more harmonious healing.<\/span><\/p>\n<h3>Results and Benefits<\/h3>\n<ul>\n<li style=\"font-weight: 400;\" aria-level=\"1\"><span style=\"font-weight: 400;\">Only laser intervention is necessary at the end of the operation<\/span><\/li>\n<li style=\"font-weight: 400;\" aria-level=\"1\"><span style=\"font-weight: 400;\">A significant improvement from 30 to 35% on the criteria of thickness, width, pigmentation, elasticity and roughness<\/span><\/li>\n<li style=\"font-weight: 400;\" aria-level=\"1\"><span style=\"font-weight: 400;\">In a breast comparison study, 100% of patients preferred the scars of the breast treated with the UrgoTouch laser<\/span><\/li>\n<\/ul>\n<p><span style=\"font-weight: 400;\">Note that this treatment cannot be used to improve an existing scar, as it acts on the healing process<\/span><\/p>\n<div id=\"attachment_16251\" style=\"width: 807px\" class=\"wp-caption alignnone\"><img decoding=\"async\" aria-describedby=\"caption-attachment-16251\" class=\"wp-image-16251\" src=\"https:\/\/www.desouches-chirurgien-esthetique.com\/wp-content\/uploads\/2023\/03\/cicatrice-augmentation-mammaire-amelioree-avec-laser-urgotouch-1024x682.webp\" alt=\"improved breast augmentation scar with urgotouch laser\" width=\"797\" height=\"531\" \/><p id=\"caption-attachment-16251\" class=\"wp-caption-text\">Improved scars with the URGOTOUCH laser<\/p><\/div>","protected":false},"excerpt":{"rendered":"<p>Pour une meilleure cicatrisation apr\u00e8s une intervention chirurgicale Les cicatrices post-op\u00e9ratoires peuvent \u00eatre g\u00eanantes pour de nombreuses personnes, m\u00eame si elles sont un processus naturel de gu\u00e9rison. Malheureusement, leur aspect final d\u00e9pend de nombreux facteurs tels que la qualit\u00e9 de votre peau, votre phototype, d&#8217;\u00e9ventuelles maladies ou traitements, et m\u00eame de votre mode de vie. [&hellip;]<\/p>\n","protected":false},"author":1,"featured_media":0,"parent":577,"menu_order":10,"comment_status":"closed","ping_status":"closed","template":"","meta":{"_et_pb_use_builder":"","_et_pb_old_content":"","_et_gb_content_width":"","footnotes":""},"dipi_cpt_category":[],"class_list":["post-16157","page","type-page","status-publish","hentry"],"_links":{"self":[{"href":"https:\/\/www.desouches-chirurgien-esthetique.com\/en\/wp-json\/wp\/v2\/pages\/16157","targetHints":{"allow":["GET"]}}],"collection":[{"href":"https:\/\/www.desouches-chirurgien-esthetique.com\/en\/wp-json\/wp\/v2\/pages"}],"about":[{"href":"https:\/\/www.desouches-chirurgien-esthetique.com\/en\/wp-json\/wp\/v2\/types\/page"}],"author":[{"embeddable":true,"href":"https:\/\/www.desouches-chirurgien-esthetique.com\/en\/wp-json\/wp\/v2\/users\/1"}],"replies":[{"embeddable":true,"href":"https:\/\/www.desouches-chirurgien-esthetique.com\/en\/wp-json\/wp\/v2\/comments?post=16157"}],"version-history":[{"count":6,"href":"https:\/\/www.desouches-chirurgien-esthetique.com\/en\/wp-json\/wp\/v2\/pages\/16157\/revisions"}],"predecessor-version":[{"id":23419095,"href":"https:\/\/www.desouches-chirurgien-esthetique.com\/en\/wp-json\/wp\/v2\/pages\/16157\/revisions\/23419095"}],"up":[{"embeddable":true,"href":"https:\/\/www.desouches-chirurgien-esthetique.com\/en\/wp-json\/wp\/v2\/pages\/577"}],"wp:attachment":[{"href":"https:\/\/www.desouches-chirurgien-esthetique.com\/en\/wp-json\/wp\/v2\/media?parent=16157"}],"wp:term":[{"taxonomy":"dipi_cpt_category","embeddable":true,"href":"https:\/\/www.desouches-chirurgien-esthetique.com\/en\/wp-json\/wp\/v2\/dipi_cpt_category?post=16157"}],"curies":[{"name":"wp","href":"https:\/\/api.w.org\/{rel}","templated":true}]}}