{"id":1568,"date":"2021-03-05T20:33:25","date_gmt":"2021-03-05T19:33:25","guid":{"rendered":"https:\/\/www.desouches-chirurgien-esthetique.com\/?page_id=1568"},"modified":"2021-04-19T17:21:52","modified_gmt":"2021-04-19T15:21:52","slug":"led-photomodulation","status":"publish","type":"page","link":"https:\/\/www.desouches-chirurgien-esthetique.com\/en\/innovations\/photomodulation-par-led\/","title":{"rendered":"LED photomodulation"},"content":{"rendered":"<p>Photomodulation by LED (Light Emitting Diode), or LED therapy, allows to rehydrate, tone and repair the skin in depth. It can treat large areas all over the body, whatever the season.<\/p>\n<p>The light emitted by the LED is a cold light. When it comes into contact with the light, the skin cells will react with a sort of \u201cvibration,\u201d caused by the absorption of light energy.<\/p>\n<p>This will induce chemical and physical changes that will stimulate cell activity at the collagen and elastin level. This is photomodulation.<\/p>\n<p>Depending on the color (and therefore the wavelength) chosen and its intensity, the light penetrates the skin and stimulates the synthesis of collagen and elastin fibers.<\/p>\n<h2>Indications for LED therapy<\/h2>\n<p>In addition to aesthetic medicine techniques such as botulinum toxin, hyaluronic acid, radiofrequency, laser, peels, etc.<\/p>\n<p>Skin hydration: LED light reinforces the effect of moisturizing and revitalizing masks by accelerating the penetration of active ingredients.<\/p>\n<p>Hair loss: LED slows down hair loss and accelerates hair regrowth, which makes it possible to densify the hair.<\/p>\n<p><img decoding=\"async\" class=\"aligncenter size-full wp-image-1570\" src=\"https:\/\/www.desouches-chirurgien-esthetique.com\/wp-content\/uploads\/2021\/03\/photomodulation-par-led.jpg\" alt=\"LED photomodulation\" width=\"200\" height=\"95\" \/><\/p>\n<p><img decoding=\"async\" class=\"aligncenter size-full wp-image-1569\" src=\"https:\/\/www.desouches-chirurgien-esthetique.com\/wp-content\/uploads\/2021\/03\/photomodulation-par-led-dr-desouches.jpg\" alt=\"LED photomodulation\" width=\"200\" height=\"153\" \/><\/p>","protected":false},"excerpt":{"rendered":"<p>La photomodulation par LED (Light Emitting Diode), ou th\u00e9rapie LED, permet de r\u00e9hydrater, tonifier et r\u00e9parer la peau en profondeur. Elle permet de traiter de larges zones sur tout le corps, quelle que soit la saison. La lumi\u00e8re \u00e9mise par la LED est une lumi\u00e8re froide. A son contact les cellules de la peau vont [&hellip;]<\/p>\n","protected":false},"author":1,"featured_media":0,"parent":577,"menu_order":5,"comment_status":"closed","ping_status":"closed","template":"","meta":{"_et_pb_use_builder":"","_et_pb_old_content":"","_et_gb_content_width":"","footnotes":""},"dipi_cpt_category":[],"class_list":["post-1568","page","type-page","status-publish","hentry"],"_links":{"self":[{"href":"https:\/\/www.desouches-chirurgien-esthetique.com\/en\/wp-json\/wp\/v2\/pages\/1568","targetHints":{"allow":["GET"]}}],"collection":[{"href":"https:\/\/www.desouches-chirurgien-esthetique.com\/en\/wp-json\/wp\/v2\/pages"}],"about":[{"href":"https:\/\/www.desouches-chirurgien-esthetique.com\/en\/wp-json\/wp\/v2\/types\/page"}],"author":[{"embeddable":true,"href":"https:\/\/www.desouches-chirurgien-esthetique.com\/en\/wp-json\/wp\/v2\/users\/1"}],"replies":[{"embeddable":true,"href":"https:\/\/www.desouches-chirurgien-esthetique.com\/en\/wp-json\/wp\/v2\/comments?post=1568"}],"version-history":[{"count":1,"href":"https:\/\/www.desouches-chirurgien-esthetique.com\/en\/wp-json\/wp\/v2\/pages\/1568\/revisions"}],"predecessor-version":[{"id":1571,"href":"https:\/\/www.desouches-chirurgien-esthetique.com\/en\/wp-json\/wp\/v2\/pages\/1568\/revisions\/1571"}],"up":[{"embeddable":true,"href":"https:\/\/www.desouches-chirurgien-esthetique.com\/en\/wp-json\/wp\/v2\/pages\/577"}],"wp:attachment":[{"href":"https:\/\/www.desouches-chirurgien-esthetique.com\/en\/wp-json\/wp\/v2\/media?parent=1568"}],"wp:term":[{"taxonomy":"dipi_cpt_category","embeddable":true,"href":"https:\/\/www.desouches-chirurgien-esthetique.com\/en\/wp-json\/wp\/v2\/dipi_cpt_category?post=1568"}],"curies":[{"name":"wp","href":"https:\/\/api.w.org\/{rel}","templated":true}]}}