{"id":1562,"date":"2021-03-05T20:29:57","date_gmt":"2021-03-05T19:29:57","guid":{"rendered":"https:\/\/www.desouches-chirurgien-esthetique.com\/?page_id=1562"},"modified":"2023-07-17T17:29:24","modified_gmt":"2023-07-17T15:29:24","slug":"cellfina-cellulite","status":"publish","type":"page","link":"https:\/\/www.desouches-chirurgien-esthetique.com\/en\/innovations\/cellfina-cellulite\/","title":{"rendered":"Cellfina (cellulite)"},"content":{"rendered":"<p>To find smooth skin without unsightly orange peel, Dr Christophe Desouches offers the Cellfina\u00ae technique which eliminates cellulite and its cellulite in one session.<\/p>\n<h2>To eliminate fibrous cellulite<\/h2>\n<p>Cellulite is created by the accumulation of fat cells under the epidermis. The multiplication of adipocytes then induces water retention and fibrosis. Cellulite is termed fibrous when collagen stiffens, and compresses fat, creating dimpling that creates orange peel.<\/p>\n<p>This technique is especially indicated for treating the buttocks and the back of the thighs.<\/p>\n<h2>Course of the anti-cellulite session<\/h2>\n<p>Dr Christophe Desouches identifies the areas to be treated and marks them with a marker.<\/p>\n<p>Then local anesthesia is performed for all affected areas.<\/p>\n<p>Then Dr Christophe Desouches cuts the collagen fibers under the skin using a small needle. He sucks the cells of the fibrous cellulite with a suction cup and introduces the needle to the superficial level of the epidermis in order to break the fibrous bridges.<\/p>\n<p>Cellfina\u00ae acts on cellulite and alters the structure of cellulite.<\/p>\n<p>Only one session is necessary, lasting between 25 minutes and 1h30 depending on the number of dimples to be treated.<\/p>\n<h2>The follow-up to Cellfina\u00ae treatment<\/h2>\n<p>The intervention is almost painless.<\/p>\n<p>Following the operation, the patient has no scar, however edema appears for two days then bruises set in for ten days.<\/p>\n<p>A compression garment is necessary for a week.<\/p>\n<p>Resumption of can be done immediately, on the other hand it is advisable to avoid sport for ten days.<\/p>\n<h2>The results<\/h2>\n<p>After the Cellfina\u00ae treatment, the orange peel skin and dimples have disappeared, the skin is smooth.<\/p>\n<p>It takes 3 days for the first results and one month for the final results, which last up to 3 years.<\/p>\n<p style=\"text-align: center;\"><img decoding=\"async\" class=\"aligncenter size-full wp-image-1563\" src=\"https:\/\/www.desouches-chirurgien-esthetique.com\/wp-content\/uploads\/2021\/03\/cellfina-une-nouvelle-technique-contre-la-peau-d-orange-et-la-cellulite-fibreuse-avant-apres-1.png\" alt=\"Cellfina (cellulite)\" width=\"800\" height=\"263\" srcset=\"https:\/\/www.desouches-chirurgien-esthetique.com\/wp-content\/uploads\/2021\/03\/cellfina-une-nouvelle-technique-contre-la-peau-d-orange-et-la-cellulite-fibreuse-avant-apres-1.png 800w, https:\/\/www.desouches-chirurgien-esthetique.com\/wp-content\/uploads\/2021\/03\/cellfina-une-nouvelle-technique-contre-la-peau-d-orange-et-la-cellulite-fibreuse-avant-apres-1-480x158.png 480w\" sizes=\"(min-width: 0px) and (max-width: 480px) 480px, (min-width: 481px) 800px, 100vw\" \/><\/p>","protected":false},"excerpt":{"rendered":"<p>Pour retrouver une peau lisse sans peau d\u2019orange disgracieuse, le Dr Christophe Desouches propose la technique Cellfina\u00ae qui \u00e9limine en une s\u00e9ance la cellulite et ses ses capitons. Pour \u00e9liminer la cellulite fibreuse La cellulite est cr\u00e9\u00e9e par l\u2019accumulation de cellules graisseuses sous l\u2019\u00e9piderme. La multiplication des adipocytes induit alors r\u00e9tention d\u2019eau et fibrose. La [&hellip;]<\/p>\n","protected":false},"author":1,"featured_media":0,"parent":577,"menu_order":3,"comment_status":"closed","ping_status":"closed","template":"","meta":{"_et_pb_use_builder":"","_et_pb_old_content":"","_et_gb_content_width":"","footnotes":""},"dipi_cpt_category":[],"class_list":["post-1562","page","type-page","status-publish","hentry"],"_links":{"self":[{"href":"https:\/\/www.desouches-chirurgien-esthetique.com\/en\/wp-json\/wp\/v2\/pages\/1562","targetHints":{"allow":["GET"]}}],"collection":[{"href":"https:\/\/www.desouches-chirurgien-esthetique.com\/en\/wp-json\/wp\/v2\/pages"}],"about":[{"href":"https:\/\/www.desouches-chirurgien-esthetique.com\/en\/wp-json\/wp\/v2\/types\/page"}],"author":[{"embeddable":true,"href":"https:\/\/www.desouches-chirurgien-esthetique.com\/en\/wp-json\/wp\/v2\/users\/1"}],"replies":[{"embeddable":true,"href":"https:\/\/www.desouches-chirurgien-esthetique.com\/en\/wp-json\/wp\/v2\/comments?post=1562"}],"version-history":[{"count":1,"href":"https:\/\/www.desouches-chirurgien-esthetique.com\/en\/wp-json\/wp\/v2\/pages\/1562\/revisions"}],"predecessor-version":[{"id":1564,"href":"https:\/\/www.desouches-chirurgien-esthetique.com\/en\/wp-json\/wp\/v2\/pages\/1562\/revisions\/1564"}],"up":[{"embeddable":true,"href":"https:\/\/www.desouches-chirurgien-esthetique.com\/en\/wp-json\/wp\/v2\/pages\/577"}],"wp:attachment":[{"href":"https:\/\/www.desouches-chirurgien-esthetique.com\/en\/wp-json\/wp\/v2\/media?parent=1562"}],"wp:term":[{"taxonomy":"dipi_cpt_category","embeddable":true,"href":"https:\/\/www.desouches-chirurgien-esthetique.com\/en\/wp-json\/wp\/v2\/dipi_cpt_category?post=1562"}],"curies":[{"name":"wp","href":"https:\/\/api.w.org\/{rel}","templated":true}]}}