{"id":1527,"date":"2021-03-05T20:13:08","date_gmt":"2021-03-05T19:13:08","guid":{"rendered":"https:\/\/www.desouches-chirurgien-esthetique.com\/?page_id=1527"},"modified":"2021-03-05T20:13:08","modified_gmt":"2021-03-05T19:13:08","slug":"stem-cell-based-hair-treatment","status":"publish","type":"page","link":"https:\/\/www.desouches-chirurgien-esthetique.com\/en\/medecine-esthetique\/mesotherapie-cheveux\/traitement-capillaire-a-base-de-cellules-souches\/","title":{"rendered":"Hair treatment based on stem cells"},"content":{"rendered":"<p>Stem cell injection is a new aesthetic medicine technique to regenerate hair<\/p>\n<p>Stem Cells are the components of a product generated from the treatment of biopsies of your scalp, which will stimulate hair regrowth.<\/p>\n<p>We can from stem cells regenerate all types of cells, muscle, bone and even capillaries.<\/p>\n<p>Micrografting of stem cells as regenerative therapy for the scalp is a promising area of medical research.<\/p>\n<h2>The benefits of stem cells<\/h2>\n<p>Stem cell treatment is now used in hair transplants. It helps stimulate hair regrowth outside of any hair transplant protocol.<\/p>\n<p>Stem Cells with their DNA capital actively stimulate hair regrowth and can improve the quality of grafts before or after hair transplantation.<\/p>\n<h2>Course of a stem cell treatment<\/h2>\n<p>During a session, one or more biopsies necessary for the extraction of stem cells are taken. A specific apparatus is dedicated to this extraction of stem cells.<\/p>\n<p>The injection of Stem Cells is performed with mesotherapy needles, it is a painless, risk-free step that does not create any scars.<\/p>\n<p>We recommend a period of 6 months for significant results and a complete assessment, carried out with the surgeon.<\/p>","protected":false},"excerpt":{"rendered":"<p>L\u2019injection de Cellules Souches est une nouvelle technique de m\u00e9decine esth\u00e9tique pour r\u00e9g\u00e9n\u00e9rer les cheveux Les Cellules Souches sont les composants d\u2019un produit g\u00e9n\u00e9r\u00e9 \u00e0 partir du traitement de biopsies de votre cuir chevelu, qui va dynamiser la repousse capillaire. On peut \u00e0 partir de cellules souches r\u00e9g\u00e9n\u00e9rer tout type de cellules, musculaires, osseuses et [&hellip;]<\/p>\n","protected":false},"author":1,"featured_media":0,"parent":1525,"menu_order":0,"comment_status":"closed","ping_status":"closed","template":"","meta":{"_et_pb_use_builder":"","_et_pb_old_content":"","_et_gb_content_width":"","footnotes":""},"dipi_cpt_category":[],"class_list":["post-1527","page","type-page","status-publish","hentry"],"_links":{"self":[{"href":"https:\/\/www.desouches-chirurgien-esthetique.com\/en\/wp-json\/wp\/v2\/pages\/1527","targetHints":{"allow":["GET"]}}],"collection":[{"href":"https:\/\/www.desouches-chirurgien-esthetique.com\/en\/wp-json\/wp\/v2\/pages"}],"about":[{"href":"https:\/\/www.desouches-chirurgien-esthetique.com\/en\/wp-json\/wp\/v2\/types\/page"}],"author":[{"embeddable":true,"href":"https:\/\/www.desouches-chirurgien-esthetique.com\/en\/wp-json\/wp\/v2\/users\/1"}],"replies":[{"embeddable":true,"href":"https:\/\/www.desouches-chirurgien-esthetique.com\/en\/wp-json\/wp\/v2\/comments?post=1527"}],"version-history":[{"count":1,"href":"https:\/\/www.desouches-chirurgien-esthetique.com\/en\/wp-json\/wp\/v2\/pages\/1527\/revisions"}],"predecessor-version":[{"id":1528,"href":"https:\/\/www.desouches-chirurgien-esthetique.com\/en\/wp-json\/wp\/v2\/pages\/1527\/revisions\/1528"}],"up":[{"embeddable":true,"href":"https:\/\/www.desouches-chirurgien-esthetique.com\/en\/wp-json\/wp\/v2\/pages\/1525"}],"wp:attachment":[{"href":"https:\/\/www.desouches-chirurgien-esthetique.com\/en\/wp-json\/wp\/v2\/media?parent=1527"}],"wp:term":[{"taxonomy":"dipi_cpt_category","embeddable":true,"href":"https:\/\/www.desouches-chirurgien-esthetique.com\/en\/wp-json\/wp\/v2\/dipi_cpt_category?post=1527"}],"curies":[{"name":"wp","href":"https:\/\/api.w.org\/{rel}","templated":true}]}}