{"id":1488,"date":"2021-03-05T19:22:02","date_gmt":"2021-03-05T18:22:02","guid":{"rendered":"https:\/\/www.desouches-chirurgien-esthetique.com\/?page_id=1488"},"modified":"2023-09-08T11:57:31","modified_gmt":"2023-09-08T09:57:31","slug":"intimate-surgery-of-the-female-sex","status":"publish","type":"page","link":"https:\/\/www.desouches-chirurgien-esthetique.com\/en\/chirurgie-esthetique\/chirurgie-intime\/chirurgie-intime-du-sexe-feminin\/","title":{"rendered":"Female intimate surgery"},"content":{"rendered":"<p>Intimate surgery in women is either reconstructive or cosmetic. With nymphoplasty, Dr Christophe Desouches frees you from your intimate complexes.<\/p>\n<h2>Labiaplasty \/ reduction of the labia minora<\/h2>\n<p>Some women have enlarged labia minora. This can cause discomfort during sex, when wearing tight pants or when playing sports. Nymphoplasty frees the patient from this discomfort.<\/p>\n<p>&gt;&gt;&gt;More details on the <a href=\"https:\/\/www.desouches-chirurgien-esthetique.com\/en\/cosmetic-surgery\/intimate-surgery\/intimate-surgery-of-the-female-sex\/nymphoplasty\/\">nymphoplasty<\/a><\/p>\n<p><!--more--><\/p>\n<div class='et-learn-more clearfix'>\n\t\t\t\t\t<h3 class='heading-more'>See the possibilities offered by aesthetic medicine<span class='et_learnmore_arrow'><span><\/span><\/span><\/h3>\n\t\t\t\t\t<div class='learn-more-content'><h2>Intimate aesthetic medicine for the female sex<\/h2>\n<p>Discover the non-surgical interventions of the <a href=\"https:\/\/www.desouches-chirurgien-esthetique.com\/en\/aesthetic-medicine\/intimate-medicine\/intimate-medicine-of-the-female-sex\/\">intimate aesthetic medicine of the female sex<\/a> with the use of hyaluronic acid.<\/p><\/div>\n\t\t\t\t<\/div>","protected":false},"excerpt":{"rendered":"<p>La chirurgie intime chez la femme est soit reconstructrice, soit esth\u00e9tique. Avec la nymphoplastie le Dr Christophe Desouches vous lib\u00e8re de vos complexes intimes. Nymphoplastie \/ r\u00e9duction des petites l\u00e8vres Certaines femmes pr\u00e9sentent une hypertrophie des petites l\u00e8vres. Ceci peut occasionner une g\u00eane lors des rapports sexuels, lors du port de pantalon serr\u00e9 ou lors [&hellip;]<\/p>\n","protected":false},"author":1,"featured_media":0,"parent":517,"menu_order":1,"comment_status":"closed","ping_status":"closed","template":"","meta":{"_et_pb_use_builder":"","_et_pb_old_content":"","_et_gb_content_width":"","footnotes":""},"dipi_cpt_category":[],"class_list":["post-1488","page","type-page","status-publish","hentry"],"_links":{"self":[{"href":"https:\/\/www.desouches-chirurgien-esthetique.com\/en\/wp-json\/wp\/v2\/pages\/1488","targetHints":{"allow":["GET"]}}],"collection":[{"href":"https:\/\/www.desouches-chirurgien-esthetique.com\/en\/wp-json\/wp\/v2\/pages"}],"about":[{"href":"https:\/\/www.desouches-chirurgien-esthetique.com\/en\/wp-json\/wp\/v2\/types\/page"}],"author":[{"embeddable":true,"href":"https:\/\/www.desouches-chirurgien-esthetique.com\/en\/wp-json\/wp\/v2\/users\/1"}],"replies":[{"embeddable":true,"href":"https:\/\/www.desouches-chirurgien-esthetique.com\/en\/wp-json\/wp\/v2\/comments?post=1488"}],"version-history":[{"count":7,"href":"https:\/\/www.desouches-chirurgien-esthetique.com\/en\/wp-json\/wp\/v2\/pages\/1488\/revisions"}],"predecessor-version":[{"id":23418816,"href":"https:\/\/www.desouches-chirurgien-esthetique.com\/en\/wp-json\/wp\/v2\/pages\/1488\/revisions\/23418816"}],"up":[{"embeddable":true,"href":"https:\/\/www.desouches-chirurgien-esthetique.com\/en\/wp-json\/wp\/v2\/pages\/517"}],"wp:attachment":[{"href":"https:\/\/www.desouches-chirurgien-esthetique.com\/en\/wp-json\/wp\/v2\/media?parent=1488"}],"wp:term":[{"taxonomy":"dipi_cpt_category","embeddable":true,"href":"https:\/\/www.desouches-chirurgien-esthetique.com\/en\/wp-json\/wp\/v2\/dipi_cpt_category?post=1488"}],"curies":[{"name":"wp","href":"https:\/\/api.w.org\/{rel}","templated":true}]}}