{"id":14762,"date":"2022-03-07T17:56:38","date_gmt":"2022-03-07T16:56:38","guid":{"rendered":"https:\/\/www.desouches-chirurgien-esthetique.com\/?page_id=14762"},"modified":"2025-10-22T10:49:14","modified_gmt":"2025-10-22T08:49:14","slug":"faq-frequently-questioned-cosmetic-surgeon","status":"publish","type":"page","link":"https:\/\/www.desouches-chirurgien-esthetique.com\/en\/chirurgie-esthetique\/faq-chirurgie-esthetique\/faq-questions-frequentes-meilleur-chirurgien-esthetique\/","title":{"rendered":"Frequently Asked Questions About Choosing a Cosmetic Surgeon"},"content":{"rendered":"<p>[et_pb_section fb_built=&#8221;1&#8243; admin_label=&#8221;section&#8221; _builder_version=&#8221;4.16&#8243; custom_padding=&#8221;0px||0px||true|false&#8221; locked=&#8221;off&#8221; global_colors_info=&#8221;{}&#8221; theme_builder_area=&#8221;post_content&#8221;][et_pb_row disabled_on=&#8221;off|off|off&#8221; _builder_version=&#8221;4.16&#8243; _module_preset=&#8221;default&#8221; width=&#8221;100%&#8221; global_colors_info=&#8221;{}&#8221; theme_builder_area=&#8221;post_content&#8221;][et_pb_column type=&#8221;4_4&#8243; _builder_version=&#8221;4.16&#8243; _module_preset=&#8221;default&#8221; global_colors_info=&#8221;{}&#8221; theme_builder_area=&#8221;post_content&#8221;][et_pb_text admin_label=&#8221;Texte&#8221; _builder_version=&#8221;4.16&#8243; _module_preset=&#8221;default&#8221; text_font=&#8221;||||||||&#8221; text_font_size=&#8221;18px&#8221; global_colors_info=&#8221;{}&#8221; theme_builder_area=&#8221;post_content&#8221;]<\/p>\n<p>On entend r\u00e9guli\u00e8rement la question &#8220;Quel est le meilleur chirurgien esth\u00e9tique de telle ville ?&#8221;.<\/p>\n<p>En r\u00e9alit\u00e9, il ne s\u2019agit pas de choisir le meilleur chirurgien esth\u00e9tique, ce qui restera toujours subjectif, mais un professionnel qui maitrise parfaitement l&#8217;intervention que vous envisagez, avec qui vous aurez le plus d\u2019affinit\u00e9s et en qui vous aurez confiance.<\/p>\n<p>Voici 8 questions que vous sugg\u00e8re le Dr Christophe Desouches, qui vous aideront \u00e0 faire un bon choix <strong>pour vous<\/strong>.<\/p>\n<p>[\/et_pb_text][et_pb_accordion toggle_icon=&#8221;&#xf13a;||fa||900&#8243; icon_color=&#8221;#828282&#8243; use_icon_font_size=&#8221;on&#8221; icon_font_size=&#8221;17px&#8221; disabled_on=&#8221;on|on|on&#8221; admin_label=&#8221;Accord\u00e9on&#8221; _builder_version=&#8221;4.17.2&#8243; _module_preset=&#8221;default&#8221; toggle_level=&#8221;h2&#8243; closed_toggle_font_size=&#8221;20px&#8221; disabled=&#8221;on&#8221; global_colors_info=&#8221;{}&#8221; theme_builder_area=&#8221;post_content&#8221;][et_pb_accordion_item title=&#8221;Quelles sont les qualifications du chirurgien esth\u00e9tique ?&#8221; open=&#8221;on&#8221; _builder_version=&#8221;4.16&#8243; _module_preset=&#8221;default&#8221; global_colors_info=&#8221;{}&#8221; theme_builder_area=&#8221;post_content&#8221;]<\/p>\n<p><span style=\"font-weight: 400;\">Assurez vous que votre chirurgien soit install\u00e9 en France et qu\u2019il soit qualifi\u00e9 par le Conseil de l&#8217;Ordre des M\u00e9decins en chirurgie plastique reconstructrice et esth\u00e9tique ou dans la zone anatomique du champ de sa sp\u00e9cialit\u00e9 s&#8217;il poss\u00e8de une autre qualification.<\/span><span style=\"font-weight: 400;\">\u00a0<\/span><\/p>\n<p><span style=\"font-weight: 400;\">En outre, vous pouvez chercher \u00e0 en savoir plus sur son parcours :<\/span><\/p>\n<ul>\n<li style=\"font-weight: 400;\" aria-level=\"1\"><span style=\"font-weight: 400;\">Quels sont ses dipl\u00f4mes universitaires ?<\/span><\/li>\n<li style=\"font-weight: 400;\" aria-level=\"1\"><span style=\"font-weight: 400;\">Est-il membre de soci\u00e9t\u00e9s scientifiques de chirurgie esth\u00e9tique ?<\/span><\/li>\n<li style=\"font-weight: 400;\" aria-level=\"1\"><span style=\"font-weight: 400;\">A- t- il r\u00e9dig\u00e9 et publi\u00e9 des articles scientifiques ?<\/span><\/li>\n<\/ul>\n<p>[\/et_pb_accordion_item][et_pb_accordion_item title=&#8221;Quelle est l\u2019exp\u00e9rience du chirurgien dans les proc\u00e9dures sp\u00e9cifiques que vous souhaitez r\u00e9aliser ?&#8221; _builder_version=&#8221;4.16&#8243; _module_preset=&#8221;default&#8221; global_colors_info=&#8221;{}&#8221; theme_builder_area=&#8221;post_content&#8221; open=&#8221;off&#8221;]<\/p>\n<p><span style=\"font-weight: 400;\">La qualit\u00e9 du r\u00e9sultat vient aussi de l\u2019exp\u00e9rience et de la pratique chirurgicale de l\u2019intervention. Il est important de se renseigner sur le nombre d\u2019ann\u00e9es d\u2019exp\u00e9rience du chirurgien et de savoir si il pratique r\u00e9guli\u00e8rement cette intervention.<\/span><\/p>\n<p>[\/et_pb_accordion_item][et_pb_accordion_item title=&#8221;Quel est le sens esth\u00e9tique du chirurgien ?&#8221; _builder_version=&#8221;4.16&#8243; _module_preset=&#8221;default&#8221; global_colors_info=&#8221;{}&#8221; theme_builder_area=&#8221;post_content&#8221; open=&#8221;off&#8221;]<\/p>\n<p><span style=\"font-weight: 400;\">La pr\u00e9sentation du site web, la qualit\u00e9 des photos avant\/apr\u00e8s et l\u2019environnement de sa pratique sont autant d\u2019\u00e9l\u00e9ments qui vont vous aider \u00e0 appr\u00e9cier la sensibilit\u00e9 esth\u00e9tique de votre chirurgien.<\/span><\/p>\n<p>[\/et_pb_accordion_item][et_pb_accordion_item title=&#8221;Quel est le style, l&#8217;approche du chirurgien ?&#8221; _builder_version=&#8221;4.16&#8243; _module_preset=&#8221;default&#8221; global_colors_info=&#8221;{}&#8221; theme_builder_area=&#8221;post_content&#8221; open=&#8221;off&#8221;]<\/p>\n<p><span style=\"font-weight: 400;\">V\u00e9rifiez les points suivants d\u00e8s les premiers contacts : \u00e9coute, conseil, empathie, sympathie.\u00a0<\/span><\/p>\n<p><span style=\"font-weight: 400;\">Votre relation au chirurgien est d\u2019abord une relation humaine, en vous confiant \u00e0 lui, vous serez temporairement vuln\u00e9rable. Alors vous para\u00eet il consciencieux ? Disponible ? Chaleureux ? <br \/><\/span><span style=\"font-weight: 400;\">Les r\u00e9ponses \u00e0 vos questions sont-elles claires ?<\/span><\/p>\n<p><span style=\"font-weight: 400;\">Recherchez l\u2019int\u00e9grit\u00e9 et la coh\u00e9rence de ses explications et \u00e9valuez si ses conseils sont r\u00e9alistes, pour ne pas \u00eatre d\u00e9\u00e7u(e) une fois l\u2019intervention r\u00e9alis\u00e9e.<\/span><\/p>\n<p>[\/et_pb_accordion_item][et_pb_accordion_item title=&#8221;Quels sont les avis et la notori\u00e9t\u00e9 ? &#8221; _builder_version=&#8221;4.16&#8243; _module_preset=&#8221;default&#8221; global_colors_info=&#8221;{}&#8221; theme_builder_area=&#8221;post_content&#8221; open=&#8221;off&#8221;]<\/p>\n<p><span style=\"font-weight: 400;\">Quoi de plus convaincant que l\u2019exp\u00e9rience des autres. Il s\u2019agit de la preuve sociale, qui donne confiance si elle est honn\u00eate et cr\u00e9dible.\u00a0<\/span><\/p>\n<p><span style=\"font-weight: 400;\">S\u2019il est facile de falsifier quelques avis en demandant \u00e0 des proches des commentaires de complaisances, il est plus compliqu\u00e9 de cr\u00e9er de nombreux avis sur une longue p\u00e9riode \u2026<\/span><\/p>\n<p><span style=\"font-weight: 400;\">\u00c9tudiez les avis, leur nombre, la fr\u00e9quence et la dur\u00e9e pendant lesquels ils ont \u00e9t\u00e9 post\u00e9s.<\/span><\/p>\n<p><span style=\"font-weight: 400;\">La notori\u00e9t\u00e9 et le bouche \u00e0 oreille traditionnels restent une information pr\u00e9cieuse. Cherchez aussi des retours dans votre entourage \u00e9largi.<\/span><\/p>\n<p>[\/et_pb_accordion_item][et_pb_accordion_item title=&#8221;Le prix total est-il transparent ? Quel est le rapport qualit\u00e9 \/ prix ?&#8221; _builder_version=&#8221;4.16&#8243; _module_preset=&#8221;default&#8221; global_colors_info=&#8221;{}&#8221; theme_builder_area=&#8221;post_content&#8221; open=&#8221;off&#8221;]<\/p>\n<p><span style=\"font-weight: 400;\">Le devis doit \u00eatre clair avec les tarifs d\u00e9taill\u00e9s de la clinique, des anesth\u00e9sistes, du chirurgien.<\/span><\/p>\n<p><span style=\"font-weight: 400;\">L\u2019information et les conseils doivent \u00eatre loyaux et honn\u00eates.<\/span><\/p>\n<p>[\/et_pb_accordion_item][et_pb_accordion_item title=&#8221;Quel est le suivi apr\u00e8s l\u2019op\u00e9ration ?&#8221; _builder_version=&#8221;4.16&#8243; _module_preset=&#8221;default&#8221; global_colors_info=&#8221;{}&#8221; theme_builder_area=&#8221;post_content&#8221; open=&#8221;off&#8221;]<\/p>\n<p><span style=\"font-weight: 400;\">Le suivi post op\u00e9ratoire est important. Vous serez peut-\u00eatre convalescent(e), inquiet(e), en attente d\u2019une \u00e9coute apr\u00e8s la chirurgie.<\/span><\/p>\n<p><span style=\"font-weight: 400;\">Le chirurgien vous laisse-t-il un num\u00e9ro pour le contacter facilement ? Est-il disponible apr\u00e8s l\u2019intervention? <br \/>Telles sont les questions que vous devrez vous poser.<\/span><\/p>\n<p>[\/et_pb_accordion_item][et_pb_accordion_item title=&#8221;Qu\u2019est ce que le chirurgien et son personnel vous font ressentir ?&#8221; _builder_version=&#8221;4.16&#8243; _module_preset=&#8221;default&#8221; global_colors_info=&#8221;{}&#8221; theme_builder_area=&#8221;post_content&#8221; open=&#8221;off&#8221;]<\/p>\n<p><span style=\"font-weight: 400;\">Finalement, il faut qu\u2019un rapport de confiance se soit \u00e9tabli avec le chirurgien que vous aurez choisi.<\/span><\/p>\n<p>[\/et_pb_accordion_item][\/et_pb_accordion][dipi_faq faq_categories=&#8221;81&#8243; faq_order_by=&#8221;menu_order&#8221; faq_order=&#8221;DESC&#8221; icon_closed=&#8221;&#xf13a;||fa||900&#8243; icon_open=&#8221;&#xf139;||fa||900&#8243; icon_open_color=&#8221;#828282&#8243; icon_closed_color=&#8221;#828282&#8243; icon_open_font_size=&#8221;17px&#8221; icon_closed_font_size=&#8221;17px&#8221; _builder_version=&#8221;4.27.4&#8243; _module_preset=&#8221;default&#8221; title_closed_font=&#8221;Sackers Gothic Family||||||||&#8221; title_closed_text_color=&#8221;#666666&#8243; title_closed_font_size=&#8221;20px&#8221; title_open_text_color=&#8221;#000000&#8243; hover_enabled=&#8221;0&#8243; locked=&#8221;off&#8221; global_colors_info=&#8221;{}&#8221; theme_builder_area=&#8221;post_content&#8221; title_closed_text_align=&#8221;left&#8221; sticky_enabled=&#8221;0&#8243;][\/dipi_faq][\/et_pb_column][\/et_pb_row][\/et_pb_section]<\/p>\n","protected":false},"excerpt":{"rendered":"<p>On entend r\u00e9guli\u00e8rement la question &#8220;Quel est le meilleur chirurgien esth\u00e9tique de telle ville ?&#8221;. En r\u00e9alit\u00e9, il ne s\u2019agit pas de choisir le meilleur chirurgien esth\u00e9tique, ce qui restera toujours subjectif, mais un professionnel qui maitrise parfaitement l&#8217;intervention que vous envisagez, avec qui vous aurez le plus d\u2019affinit\u00e9s et en qui vous aurez confiance. [&hellip;]<\/p>\n","protected":false},"author":1,"featured_media":0,"parent":14938,"menu_order":1,"comment_status":"closed","ping_status":"closed","template":"","meta":{"_et_pb_use_builder":"on","_et_pb_old_content":"","_et_gb_content_width":"","footnotes":""},"dipi_cpt_category":[],"class_list":["post-14762","page","type-page","status-publish","hentry"],"_links":{"self":[{"href":"https:\/\/www.desouches-chirurgien-esthetique.com\/en\/wp-json\/wp\/v2\/pages\/14762","targetHints":{"allow":["GET"]}}],"collection":[{"href":"https:\/\/www.desouches-chirurgien-esthetique.com\/en\/wp-json\/wp\/v2\/pages"}],"about":[{"href":"https:\/\/www.desouches-chirurgien-esthetique.com\/en\/wp-json\/wp\/v2\/types\/page"}],"author":[{"embeddable":true,"href":"https:\/\/www.desouches-chirurgien-esthetique.com\/en\/wp-json\/wp\/v2\/users\/1"}],"replies":[{"embeddable":true,"href":"https:\/\/www.desouches-chirurgien-esthetique.com\/en\/wp-json\/wp\/v2\/comments?post=14762"}],"version-history":[{"count":20,"href":"https:\/\/www.desouches-chirurgien-esthetique.com\/en\/wp-json\/wp\/v2\/pages\/14762\/revisions"}],"predecessor-version":[{"id":23420500,"href":"https:\/\/www.desouches-chirurgien-esthetique.com\/en\/wp-json\/wp\/v2\/pages\/14762\/revisions\/23420500"}],"up":[{"embeddable":true,"href":"https:\/\/www.desouches-chirurgien-esthetique.com\/en\/wp-json\/wp\/v2\/pages\/14938"}],"wp:attachment":[{"href":"https:\/\/www.desouches-chirurgien-esthetique.com\/en\/wp-json\/wp\/v2\/media?parent=14762"}],"wp:term":[{"taxonomy":"dipi_cpt_category","embeddable":true,"href":"https:\/\/www.desouches-chirurgien-esthetique.com\/en\/wp-json\/wp\/v2\/dipi_cpt_category?post=14762"}],"curies":[{"name":"wp","href":"https:\/\/api.w.org\/{rel}","templated":true}]}}