{"id":1469,"date":"2021-03-05T18:34:40","date_gmt":"2021-03-05T17:34:40","guid":{"rendered":"https:\/\/www.desouches-chirurgien-esthetique.com\/?page_id=1469"},"modified":"2023-07-10T16:47:54","modified_gmt":"2023-07-10T14:47:54","slug":"cryolipolysis","status":"publish","type":"page","link":"https:\/\/www.desouches-chirurgien-esthetique.com\/en\/medecine-esthetique\/medecine-esthetique-de-la-silhouette\/cryolipolyse\/","title":{"rendered":"Cryolipolysis"},"content":{"rendered":"<p>Cryolipolysis is a new process for treating localized fatty deposits which is based on the sensitivity of adipocytes to cold.<\/p>\n<p>Historically, liposuction has been the most widely used procedure to remove unwanted and persistent fat. In recent years, technology has evolved and non-surgical options have emerged. Today, this non-invasive technique has a name: Cryolipolysis.<\/p>\n<p>The goal is to freeze and eliminate fat cells without resorting to surgery. The procedure involves crystallizing fat cells which die off and are then naturally eliminated by the body. Cryolipolysis is effective, it is the subject of numerous scientific articles.<\/p>\n<h2>For who ?<\/h2>\n<p>The operation is aimed at those who are unable to get rid of unwanted fat when dieting or exercising. A slim person with stubborn areas of localized fat (such as saddlebags or a stomach that \u201crebels\u201d when dieting) is a good candidate.<\/p>\n<p>Provided you have a minimum of fat to treat Cryolipolysis is a good way to improve:<\/p>\n<ul>\n<li>double chin<\/li>\n<li>love handles<\/li>\n<li>back folds<\/li>\n<li>arm<\/li>\n<li>thighs<\/li>\n<li>gluteal fold<\/li>\n<\/ul>\n<p>Expectations must be realistic, we cannot eliminate all the fat (which sometimes plays a hormonal role) but improve the appearance by reducing the volume.<\/p>\n<h2>The Cryolipolysis session<\/h2>\n<p>The duration of the session depends on the number of areas treated during your visit. It takes about an hour per zone.<\/p>\n<p>The results allow a loss of approximately 20% of the initial volume.<\/p>\n<p>A session lasts about an hour during which a cryode (-5 \u00b0 C) is applied which lowers the temperature of the targeted area. As the cooling begins, you feel pressure and intense cold that dissipates quickly. The first results are visible from three weeks after the treatment. Approximately 20% of the adipocytes in the treated area will be eliminated within 4 months.<\/p>\n<h2>The initial consultation<\/h2>\n<p>The initial consultation is an opportunity to examine your body, discuss your motivations and explain the expected results.<\/p>\n<p>It makes it possible to search for pathologies which may contraindicate the technique or the antecedents which may require rules of caution.<\/p>\n<h2>The risks<\/h2>\n<p>Although Cryolipolysis is safe, it is possible to experience a feeling of discomfort, tightness or deep tension during the operation. No recovery period is necessary.<\/p>\n<p>Side effects are rare. The most common after the session are feelings of stiffness, pain, bruising, stinging and swelling. Skin burns are possible but a medical grade machine with permanent skin temperature controls and a mastered technique can limit this type of risk.<\/p>","protected":false},"excerpt":{"rendered":"<p>La Cryolipolyse est un nouveau proc\u00e9d\u00e9 de traitement des surcharges graisseuses localis\u00e9es qui repose sur la sensibilit\u00e9 des adipocytes au froid. Depuis toujours, la liposuccion est l&#8217;intervention la plus utilis\u00e9e pour faire disparaitre la graisse ind\u00e9sirable et persistante. Ces derni\u00e8res ann\u00e9es, la technologie a \u00e9volu\u00e9 et des options non-chirurgicales ont \u00e9merg\u00e9es. Aujourd\u2019hui, cette technique non-invasive [&hellip;]<\/p>\n","protected":false},"author":1,"featured_media":0,"parent":17275,"menu_order":1,"comment_status":"closed","ping_status":"closed","template":"","meta":{"_et_pb_use_builder":"","_et_pb_old_content":"","_et_gb_content_width":"","footnotes":""},"dipi_cpt_category":[],"class_list":["post-1469","page","type-page","status-publish","hentry"],"_links":{"self":[{"href":"https:\/\/www.desouches-chirurgien-esthetique.com\/en\/wp-json\/wp\/v2\/pages\/1469","targetHints":{"allow":["GET"]}}],"collection":[{"href":"https:\/\/www.desouches-chirurgien-esthetique.com\/en\/wp-json\/wp\/v2\/pages"}],"about":[{"href":"https:\/\/www.desouches-chirurgien-esthetique.com\/en\/wp-json\/wp\/v2\/types\/page"}],"author":[{"embeddable":true,"href":"https:\/\/www.desouches-chirurgien-esthetique.com\/en\/wp-json\/wp\/v2\/users\/1"}],"replies":[{"embeddable":true,"href":"https:\/\/www.desouches-chirurgien-esthetique.com\/en\/wp-json\/wp\/v2\/comments?post=1469"}],"version-history":[{"count":1,"href":"https:\/\/www.desouches-chirurgien-esthetique.com\/en\/wp-json\/wp\/v2\/pages\/1469\/revisions"}],"predecessor-version":[{"id":1470,"href":"https:\/\/www.desouches-chirurgien-esthetique.com\/en\/wp-json\/wp\/v2\/pages\/1469\/revisions\/1470"}],"up":[{"embeddable":true,"href":"https:\/\/www.desouches-chirurgien-esthetique.com\/en\/wp-json\/wp\/v2\/pages\/17275"}],"wp:attachment":[{"href":"https:\/\/www.desouches-chirurgien-esthetique.com\/en\/wp-json\/wp\/v2\/media?parent=1469"}],"wp:term":[{"taxonomy":"dipi_cpt_category","embeddable":true,"href":"https:\/\/www.desouches-chirurgien-esthetique.com\/en\/wp-json\/wp\/v2\/dipi_cpt_category?post=1469"}],"curies":[{"name":"wp","href":"https:\/\/api.w.org\/{rel}","templated":true}]}}