{"id":1467,"date":"2021-03-05T18:33:47","date_gmt":"2021-03-05T17:33:47","guid":{"rendered":"https:\/\/www.desouches-chirurgien-esthetique.com\/?page_id=1467"},"modified":"2023-07-10T16:43:27","modified_gmt":"2023-07-10T14:43:27","slug":"cold-laser-lipolysis","status":"publish","type":"page","link":"https:\/\/www.desouches-chirurgien-esthetique.com\/en\/medecine-esthetique\/medecine-esthetique-de-la-silhouette\/lipolyse-par-laser-froid\/","title":{"rendered":"Cold laser lipolysis"},"content":{"rendered":"<p>This treatment is intended for overweight men and women and \/ or suffering from cellulite (orange peel), who wish to improve their figure by a gentle procedure.<\/p>\n<p>In a few sessions scheduled over one to two months within a <a href=\"https:\/\/www.desouches-chirurgien-esthetique.com\/en\/\">aesthetic cabinet<\/a>, cold laser lipolysis provides a significant reduction in waist circumference, hips, thighs or any treated area.<\/p>\n<p>This appreciable benefit does not require any invasive intervention, it takes place without a needle, which avoids any hematoma, any redness, any trauma. It is a gentle and effective personalized treatment.<\/p>\n<p>Indeed there is no destruction of fatty tissue, but only a destocking of fats which are then dissolved in a natural way. with emptying of the contents of fat cells.<\/p>\n<h2>Areas to be treated with lipolaser<\/h2>\n<ul>\n<li>Abdomen<\/li>\n<li>Love handles<\/li>\n<li>Pegs<\/li>\n<li>Knees<\/li>\n<li>Thighs<\/li>\n<li>Arm<\/li>\n<li>Neck<\/li>\n<li>Jowls<\/li>\n<li>Double chin<\/li>\n<li>Oval face<\/li>\n<li>Saddlebags<\/li>\n<li>Double chin<\/li>\n<li>Hips<\/li>\n<li>Stomach<\/li>\n<\/ul>\n<h2>The sessions<\/h2>\n<p>Cold laser lipolysis uses a low intensity red laser for an application time of thirty minutes. There are 8 probes and can treat large areas. Very handy, a probe can treat all sensitive or inaccessible areas.<\/p>\n<p>You are comfortably installed during the session, and you will feel a very slight heat in the treated areas. A one-hour session can treat 2 areas per thirty-minute sequence.<\/p>\n<p>Remodeling an area requires an average of 4 to 8 sequences of thirty minutes, spread over one to two sessions per week, for 4 weeks.<\/p>\n<p>Measurements will be taken as appropriate every 3-4 sessions with a photographic assessment.<\/p>\n<h2>The initial consultation<\/h2>\n<p>During your first appointment with Dr Desouches, a diagnosis will be established to study the areas to be refined, to validate the interest of the treatment for your morphology and to take your measurements in order to set the objectives in terms of cms and weight.<\/p>\n<p>Following this, a program (4 to 8 Lipolaser sessions at a rate of 1 to 2 sessions per week) and a quote will be offered to you.<\/p>\n<h2>Complications<\/h2>\n<p>No complications are observed with this type of gentle intervention.<\/p>\n<h2>After the lipolaser sessions<\/h2>\n<p>Within 12 hours after the session and in order to evacuate the fat released by the laser, it is recommended to practice a physical activity for 30 minutes.<\/p>\n<p>The improvement of the silhouette and the reduction of cellulite can be seen within 1 month of treatment. One or two additional sessions may sometimes be necessary.<\/p>\n<h2>Contraindications<\/h2>\n<p>Pregnancy, breast-feeding, wearing a pacemaker, uncontrolled hypertension, thyroid dysfunction, skin disease.<\/p>","protected":false},"excerpt":{"rendered":"<p>Ce traitement s\u2019adresse aux hommes et aux femmes en surpoids et\/ou souffrant de cellulites (peau d\u2019orange), qui souhaitent am\u00e9liorer leur silhouette par une proc\u00e9dure douce. En quelques s\u00e9ances programm\u00e9es sur un \u00e0 deux mois au sein d&#8217;un cabinet esth\u00e9tique, la lipolyse par laser froid procure une r\u00e9duction significative du tour de taille, de hanche, des [&hellip;]<\/p>\n","protected":false},"author":1,"featured_media":0,"parent":17275,"menu_order":0,"comment_status":"closed","ping_status":"closed","template":"","meta":{"_et_pb_use_builder":"","_et_pb_old_content":"","_et_gb_content_width":"","footnotes":""},"dipi_cpt_category":[],"class_list":["post-1467","page","type-page","status-publish","hentry"],"_links":{"self":[{"href":"https:\/\/www.desouches-chirurgien-esthetique.com\/en\/wp-json\/wp\/v2\/pages\/1467","targetHints":{"allow":["GET"]}}],"collection":[{"href":"https:\/\/www.desouches-chirurgien-esthetique.com\/en\/wp-json\/wp\/v2\/pages"}],"about":[{"href":"https:\/\/www.desouches-chirurgien-esthetique.com\/en\/wp-json\/wp\/v2\/types\/page"}],"author":[{"embeddable":true,"href":"https:\/\/www.desouches-chirurgien-esthetique.com\/en\/wp-json\/wp\/v2\/users\/1"}],"replies":[{"embeddable":true,"href":"https:\/\/www.desouches-chirurgien-esthetique.com\/en\/wp-json\/wp\/v2\/comments?post=1467"}],"version-history":[{"count":2,"href":"https:\/\/www.desouches-chirurgien-esthetique.com\/en\/wp-json\/wp\/v2\/pages\/1467\/revisions"}],"predecessor-version":[{"id":13484,"href":"https:\/\/www.desouches-chirurgien-esthetique.com\/en\/wp-json\/wp\/v2\/pages\/1467\/revisions\/13484"}],"up":[{"embeddable":true,"href":"https:\/\/www.desouches-chirurgien-esthetique.com\/en\/wp-json\/wp\/v2\/pages\/17275"}],"wp:attachment":[{"href":"https:\/\/www.desouches-chirurgien-esthetique.com\/en\/wp-json\/wp\/v2\/media?parent=1467"}],"wp:term":[{"taxonomy":"dipi_cpt_category","embeddable":true,"href":"https:\/\/www.desouches-chirurgien-esthetique.com\/en\/wp-json\/wp\/v2\/dipi_cpt_category?post=1467"}],"curies":[{"name":"wp","href":"https:\/\/api.w.org\/{rel}","templated":true}]}}