{"id":1362,"date":"2021-03-05T16:21:23","date_gmt":"2021-03-05T15:21:23","guid":{"rendered":"https:\/\/www.desouches-chirurgien-esthetique.com\/?page_id=1362"},"modified":"2025-11-18T11:47:23","modified_gmt":"2025-11-18T10:47:23","slug":"breast-augmentation-by-prosthesis-2","status":"publish","type":"page","link":"https:\/\/www.desouches-chirurgien-esthetique.com\/en\/chirurgie-esthetique\/chirurgie-esthetique-des-seins\/augmentation-mammaire-par-prothese\/","title":{"rendered":"Breast augmentation by prosthesis"},"content":{"rendered":"<p>Breast augmentation by prosthesis provides an aesthetic solution to small breasts using silicone gel implants, or in some cases based on physiological saline. Breast augmentation is one of the most performed procedures in cosmetic surgery. It is practiced in patients who wish to improve or regain the volume of their breasts and the curve of their chest.<\/p>\n<h2 class=\"unwrap_this\">Do you need breast augmentation?<\/h2>\n<p>Here are some situations that may justify resorting to breast augmentation, depending on your aesthetic expectations and body type:<\/p>\n<ul>\n<li>If you want a breast that is more attractive or better proportioned to your body;<\/li>\n<li>If a breast lift alone will not achieve the curve you desire;<\/li>\n<li>If pregnancy, weight loss, or aging have changed the size and shape of your breasts;<\/li>\n<li>If your chest has asymmetry.<\/li>\n<\/ul>\n<p><img decoding=\"async\" class=\"wp-image-1363 aligncenter\" style=\"text-align: center;\" src=\"https:\/\/www.desouches-chirurgien-esthetique.com\/wp-content\/uploads\/2021\/03\/augmentation-par-prothese.jpg\" alt=\"Breast augmentation by prosthesis\" width=\"805\" height=\"454\" srcset=\"https:\/\/www.desouches-chirurgien-esthetique.com\/wp-content\/uploads\/2021\/03\/augmentation-par-prothese.jpg 805w, https:\/\/www.desouches-chirurgien-esthetique.com\/wp-content\/uploads\/2021\/03\/augmentation-par-prothese-480x270.jpg 480w\" sizes=\"(min-width: 0px) and (max-width: 480px) 480px, (min-width: 481px) 805px, 100vw\" \/><\/p>\n<h2 class=\"unwrap_this\">What are the advantages of breast implants?<\/h2>\n<p>The breast implant remains today the ideal lasting solution to increase breast volume. Breast prostheses make it possible to obtain:<\/p>\n<ul>\n<li>Better breast shape;<\/li>\n<li>Better symmetry;<\/li>\n<li>A fuller neckline.<\/li>\n<\/ul>\n<h2 class=\"unwrap_this\">What are the disadvantages of prosthesis augmentation?<\/h2>\n<ul>\n<li>Breast implants can rupture over time;<\/li>\n<li>Breast implants require regular monitoring;<\/li>\n<li>The implants may eventually require a new intervention for a replacement.<\/li>\n<\/ul>\n<h2 class=\"unwrap_this\">What are the arguments for breast augmentation by prosthesis?<\/h2>\n<p>If you are dissatisfied with your breasts, find your breasts too small or unbalanced, if you lack self-confidence and the volume of your breasts has a significant psychological impact, breast implants may provide a relevant answer to your problems. . What are the reasons that may make you consider breast augmentation with prostheses?<\/p>\n<ul>\n<li>Your breasts have been small in size since your late teens;<\/li>\n<li>Your breasts have become smaller or less firm after pregnancy;<\/li>\n<li>Your breasts have become smaller after weight loss;<\/li>\n<li>One of your breasts is significantly smaller than the other.<\/li>\n<\/ul>\n<p>If you are in good general health with realistic expectations, you are probably a good candidate for this procedure.<\/p>\n<h2>Information on breast augmentation surgery by implant:<\/h2>\n<h3 class=\"unwrap_this\">How is a breast implant placement performed?<\/h3>\n<p>During breast augmentation with implants, a skin incision is made, a pocket is created under the breast, and an implant is placed in this pocket. The incisions called routes of approach are chosen according to the morphology and the desire of the patient. Four options are generally possible: <img decoding=\"async\" class=\"aligncenter size-full wp-image-1367\" src=\"https:\/\/www.desouches-chirurgien-esthetique.com\/wp-content\/uploads\/2021\/03\/poitrine.jpg\" alt=\"scar\" width=\"415\" height=\"395\" srcset=\"https:\/\/www.desouches-chirurgien-esthetique.com\/wp-content\/uploads\/2021\/03\/poitrine.jpg 415w, https:\/\/www.desouches-chirurgien-esthetique.com\/wp-content\/uploads\/2021\/03\/poitrine-300x286.jpg 300w\" sizes=\"(max-width: 415px) 100vw, 415px\" \/><\/p>\n<ul>\n<li>\u00a0Areolar (intra-areolar) (incision in the nipple);<\/li>\n<li>Areolar (peri-areolar) (incision around the nipple);<\/li>\n<li>Axillary (under the arm at armpit level);<\/li>\n<li>Sub mammary (in the fold of the breast).<\/li>\n<\/ul>\n<h3>In front of or behind the muscle, what will be the position of the breast implants?<\/h3>\n<p>Multiple factors, especially the shape and size of your breasts, determine how your breast implants will be inserted and positioned. The natural aesthetic result and the quality of the neckline are the priority objectives. Implants are placed either: <img decoding=\"async\" class=\"aligncenter size-full wp-image-1366\" src=\"https:\/\/www.desouches-chirurgien-esthetique.com\/wp-content\/uploads\/2021\/03\/augmentation-poitrine.jpg\" alt=\"implants\" width=\"599\" height=\"240\" srcset=\"https:\/\/www.desouches-chirurgien-esthetique.com\/wp-content\/uploads\/2021\/03\/augmentation-poitrine.jpg 599w, https:\/\/www.desouches-chirurgien-esthetique.com\/wp-content\/uploads\/2021\/03\/augmentation-poitrine-480x192.jpg 480w\" sizes=\"(min-width: 0px) and (max-width: 480px) 480px, (min-width: 481px) 599px, 100vw\" \/><\/p>\n<ul>\n<li>In retro glandular (1): Above the pectoral muscle, preferred technique when there is already a large mammary gland;<\/li>\n<li>In retro muscular (2): Below the pectoral muscle, preferred technique when there is little mammary gland or when the desired increase is important;<\/li>\n<li>In retro-fascial (3): Above the pectoral muscle but below the fascia (green line) which is a rigid membrane above the pectoral muscle. Technique used for moderate augmentation with moderate mammary gland.<\/li>\n<\/ul>\n<h2 class=\"unwrap_this\">Breast implants filled with serum or silicone gel?<\/h2>\n<p>Depending on your medical history, your morphology and your aesthetic goals, Dr Desouches, cosmetic surgeon in Marseille, will recommend breast implants in silicone or physiological serum. Breast implants with physiological saline are filled with sterile salt water. They can be pre-filled to a predetermined size or filled at the time of surgery to allow for minor changes in the size of the implant. The advantages of this technique: harmlessness of the serum in the event of a leak, reduced incisions, fine balance of volumes in the event of asymmetry. This type of implant is nevertheless little used because it presents a less flexible and less natural aspect. Silicone gel filled breast implants are filled with a soft, elastic, non-toxic gel, and are available in a wide variety of shapes. All silicone gel breast implants are pre-filled and may require a larger incision for insertion. This type of prosthesis is the most used, its lifespan can reach 15 years. Based in Marseille, Dr Christophe Desouches can combine breast augmentation with prostheses with a breast lift if your breasts are sagging.<\/p>\n<h2>3D simulation and breast augmentation with implants<\/h2>\n<p>Before breast augmentation, many women hesitate about the volume, shape or projection of the implants.<\/p>\n<p>Thanks to the <a href=\"https:\/\/www.desouches-chirurgien-esthetique.com\/en\/innovations\/simulation-3d\/\">3D simulation<\/a>, you can <strong>visualize your future result<\/strong> before the procedure.<br \/>\nThis innovative tool allows you to compare several options and calmly choose the breast form that best suits your figure.<\/p>\n<p>During the consultation, several high-definition photos are taken to create a three-dimensional model of your bust. Dr. Desouches then virtually adjusts the size, shape, and position of the implants to project a realistic, natural, and personalized result. You can view the outcome from different angles and refine your preferences before making any decisions.<\/p>\n<p>This approach answers the main questions you may have:<\/p>\n<ul>\n<li>What implant volume will suit me best?<\/li>\n<li>Will my cleavage look natural?<\/li>\n<li>What is the difference between round and anatomical shapes?<\/li>\n<li>Will the result be balanced and suited to my body shape?<\/li>\n<\/ul>\n<p>3D simulation provides valuable support for decision-making, reduces uncertainties and strengthens confidence before the operation.<br \/>\nIt is included in the cost of the initial consultation, with no additional charges for the use of Quantificare 3D technology.<\/p>\n<p><img decoding=\"async\" class=\"wp-image-1573 aligncenter\" src=\"https:\/\/www.desouches-chirurgien-esthetique.com\/wp-content\/uploads\/2021\/03\/simulation-3d-pour-la-poitrine-desouches-2.jpg\" alt=\"3D simulation for breast augmentation\" width=\"910\" height=\"280\" srcset=\"https:\/\/www.desouches-chirurgien-esthetique.com\/wp-content\/uploads\/2021\/03\/simulation-3d-pour-la-poitrine-desouches-2.jpg 910w, https:\/\/www.desouches-chirurgien-esthetique.com\/wp-content\/uploads\/2021\/03\/simulation-3d-pour-la-poitrine-desouches-2-480x148.jpg 480w\" sizes=\"(min-width: 0px) and (max-width: 480px) 480px, (min-width: 481px) 910px, 100vw\" \/><\/p>\n<h2>Breast augmentation techniques by prosthesis<\/h2>\n<h3>Preserved Breast Augmentation<\/h3>\n<p>This innovative approach makes breast augmentation possible without general anesthesia. Less invasive, it offers faster recovery, minimal pain, and natural-looking results.<br \/>\nIt extends the minimally invasive approach with even more comfort.<\/p>\n<p>&gt;&gt;&gt;More details on the<a href=\"https:\/\/www.desouches-chirurgien-esthetique.com\/en\/cosmetic-surgery\/before-after-cosmetic-breast-surgery\/breast-augmentation-by-prosthesis-2\/breast-augmentation-preservation\/\"><span style=\"font-weight: 400;\">Preserved breast augmentation<\/span><\/a><\/p>\n<h3><span style=\"font-weight: 400;\">Axillary breast augmentation<\/span><\/h3>\n<p><span style=\"font-weight: 400;\">This technique involves inserting the breast implant through the armpit, thus avoiding any scarring on the breast itself. It is a less invasive procedure with a quick recovery time, and it is suitable for patients who wish to avoid visible scarring.<\/span><\/p>\n<p>&gt;&gt;&gt;More details on the<a href=\"https:\/\/www.desouches-chirurgien-esthetique.com\/en\/cosmetic-surgery\/before-after-cosmetic-breast-surgery\/breast-augmentation-by-prosthesis-2\/axillary-breast-augmentation\/\"><span style=\"font-weight: 400;\">breast augmentation via the axillary approach<\/span><\/a><\/p>\n<h3>Sub-fascial breast augmentation<\/h3>\n<p><span style=\"font-weight: 400;\">This involves placing the implant under the fascia (a fibrous sheath surrounding the muscle) but above the muscle. It is a suitable option for patients who already have a moderate volume of mammary gland, and it offers a very natural result with less post-operative pain and faster recovery time. This method avoids the appearance of implants that may appear too high, not natural enough, or even look deformed on movement.<\/span><\/p>\n<p>&gt;&gt;&gt;More details on the<a href=\"https:\/\/www.desouches-chirurgien-esthetique.com\/en\/cosmetic-surgery\/before-after-cosmetic-breast-surgery\/breast-augmentation-by-prosthesis-2\/breast-augmentation-sub-fascial\/\">subfascial breast augmentation<\/a><\/p>\n<h3><span style=\"font-weight: 400;\">Minimally invasive breast augmentation<\/span><\/h3>\n<p><span style=\"font-weight: 400;\">This technique is characterized by very short incisions in the breast or under the arms and less tissue damage, resulting in faster recovery time. It is suitable for patients who want a less invasive procedure with minimal scarring.<\/span><\/p>\n<p>&gt;&gt;&gt;More details on the<a href=\"https:\/\/www.desouches-chirurgien-esthetique.com\/en\/cosmetic-surgery\/before-after-cosmetic-breast-surgery\/breast-augmentation-by-prosthesis-2\/minimally-invasive-breast-augmentation\/\">minimally invasive breast augmentation<\/a><\/p>\n<h3><span style=\"font-weight: 400;\">Dual plan breast augmentation<\/span><\/h3>\n<p><span style=\"font-weight: 400;\">This method involves placing part of the implant behind the pectoral muscle and another part behind the mammary gland. It offers a more natural and harmonious result, reduces the risk of complications and can correct sagging breasts and breast asymmetry. It is generally recommended for large volume implants.<\/span><\/p>\n<p>&gt;&gt;&gt;More details on the<a href=\"https:\/\/www.desouches-chirurgien-esthetique.com\/en\/cosmetic-surgery\/before-after-cosmetic-breast-surgery\/breast-augmentation-by-prosthesis-2\/breast-enhancement-dual-plan\/\">dual plane breast augmentation<\/a><\/p>\n<h3><span style=\"font-weight: 400;\">Intra-areolar breast augmentation<\/span><\/h3>\n<p>This technique involves an incision made inside the areola, which allows for effective concealment of scars. It is particularly suitable for women who want discreet improvement with natural results.<\/p>\n<p>&gt;&gt;&gt;More details on the<a href=\"https:\/\/www.desouches-chirurgien-esthetique.com\/en\/cosmetic-surgery\/before-after-cosmetic-breast-surgery\/breast-augmentation-by-prosthesis-2\/intra-areolar-breast-augmentation\/\">intra-areolar breast augmentation<\/a><\/p>\n<h2>Breast augmentation without prosthesis, by lipofilling<\/h2>\n<p><span style=\"font-weight: 400;\">This breast augmentation technique differs from the previous ones since it does not use a prosthesis. It involves injecting the patient&#039;s own fat into the breast to increase its volume. It is a natural alternative to implants and is suitable for patients who want moderate augmentation and have sufficient fat reserves.<\/span><\/p>\n<p>&gt;&gt;&gt;More details on the<a href=\"https:\/\/www.desouches-chirurgien-esthetique.com\/en\/cosmetic-surgery\/before-after-cosmetic-breast-surgery\/breast-augmentation-by-lipofilling-2\/\">breast augmentation by lipofilling<\/a><\/p>\n<p><span style=\"font-weight: 400;\">You will explore these different breast augmentation techniques with Dr. Desouches, in order to find the one that suits you best.<\/span><\/p>\n<h2 class=\"unwrap_this\">What are the consequences of the breast implant augmentation procedure?<\/h2>\n<p>Dr Christophe Desouches will tell you how long it takes before you can return to your normal level of activity. This duration is 5 to 15 days depending on your professional activity. After surgery, you will receive detailed instructions on your post-operative care, including information on:<\/p>\n<ul>\n<li>The normal symptoms you will experience;<\/li>\n<li>Signs of possible complications.<\/li>\n<\/ul>\n<h3>Immediately after your breast augmentation<\/h3>\n<p>You will wear a medical compression bra for about a month. You can expect to have bandages, wear compression garments, and sometimes have surgical drains. When the anesthesia wears off, you may feel some pain. If the pain is severe or long lasting, you will be given pain relievers through the veins. You will also see redness and swelling after the surgery. Normal surgical suites include bruising, numbness or changes in nipple tenderness, and itching around the incision sites. These side effects should go away within the first few weeks, with some residual effects lasting up to three months after surgery.<\/p>\n<h3>What is the recovery time after implantation of the prostheses?<\/h3>\n<p>It is extremely important that you follow all care instructions provided by Dr. Christophe Desouches, your Marseille surgeon. This will include information about wearing a bra, compression garments, necessary dressings, and the level and type of activity that is safe. He will also provide you with detailed instructions on the normal symptoms you will experience and potential signs of complications. It is important to understand that the time needed for recovery varies greatly between individuals. The week following your operation, Dr. Christophe Desouches will carry out a control visit; it will take a month and a half to wait to resume sport. However, gentle activities are recommended from the first days (walking for example) to avoid the risk of phlebitis.<\/p>\n<h2>What are the risks of breast augmentation with prostheses?<\/h2>\n<p>All surgeries have some degree of risk. Some of the complications are:<\/p>\n<ul>\n<li>Adverse reaction to anesthesia;<\/li>\n<li>Hematoma or seroma (accumulation of blood or fluid under the skin);<\/li>\n<li>Infection and bleeding;<\/li>\n<li>Sensitivity disorders;<\/li>\n<li>Hypertrophic or hyperpigmented scars;<\/li>\n<li>Allergic reactions;<\/li>\n<li>Blood clots in the legs or lungs (Phlebitis or pulmonary embolism)<\/li>\n<\/ul>\n<p>Complications of breast augmentation are uncommon. Specific risks of breast augmentation are:<\/p>\n<ul>\n<li>Unsatisfactory results which may require additional interventions;<\/li>\n<li>Early rupture of the implant;<\/li>\n<li>A shell around the implant;<\/li>\n<li>A seroma (fluid around the implant);<\/li>\n<li>Very rare cases of lymphoma of the capsule when envelopes are very textured.<\/li>\n<\/ul>\n<h2>What is the price of breast augmentation with implants?<\/h2>\n<p>the <a href=\"https:\/\/www.desouches-chirurgien-esthetique.com\/en\/fees\/\">price of breast surgery with implants<\/a> is \u20ac5,000 for the following techniques: axillary, minimally invasive, dual plane, subfascial or intra-areolar.<\/p>\n<p>The price of\u2019<a href=\"https:\/\/www.desouches-chirurgien-esthetique.com\/en\/cosmetic-surgery\/before-after-cosmetic-breast-surgery\/breast-augmentation-by-prosthesis-2\/breast-augmentation-preservation\/\">Breast augmentation using the Preserved technique<\/a> is \u20ac7,500.<\/p>\n<h2>FAQ about breast augmentation with implants<\/h2>\n<p>Dr. Christophe Desouches answers the most frequently asked questions about breast implants, lipofilling, breast lifts and cosmetic breast surgery in general.<\/p>\n<p><a href=\"https:\/\/www.desouches-chirurgien-esthetique.com\/en\/cosmetic-surgery\/faq-cosmetic-surgery\/faq-frequently-asked-questions-breast-augmentation\/\">Frequently Asked Questions About Breast Augmentation &gt;<\/a><\/p>","protected":false},"excerpt":{"rendered":"<p>L\u2019augmentation mammaire par proth\u00e8se (ou implant) apporte une solution esth\u00e9tique aux poitrines de petit volume \u00e0 l\u2019aide d\u2019implants en gel de silicone, ou dans certains cas \u00e0 base de s\u00e9rum physiologique. L\u2019augmentation mammaire est l\u2019une des interventions les plus r\u00e9alis\u00e9es en chirurgie esth\u00e9tique. Elle est pratiqu\u00e9e chez les patientes qui souhaitent am\u00e9liorer ou retrouver le [&hellip;]<\/p>\n","protected":false},"author":1,"featured_media":0,"parent":378,"menu_order":0,"comment_status":"open","ping_status":"closed","template":"","meta":{"_et_pb_use_builder":"off","_et_pb_old_content":"","_et_gb_content_width":"","footnotes":""},"dipi_cpt_category":[],"class_list":["post-1362","page","type-page","status-publish","hentry"],"_links":{"self":[{"href":"https:\/\/www.desouches-chirurgien-esthetique.com\/en\/wp-json\/wp\/v2\/pages\/1362","targetHints":{"allow":["GET"]}}],"collection":[{"href":"https:\/\/www.desouches-chirurgien-esthetique.com\/en\/wp-json\/wp\/v2\/pages"}],"about":[{"href":"https:\/\/www.desouches-chirurgien-esthetique.com\/en\/wp-json\/wp\/v2\/types\/page"}],"author":[{"embeddable":true,"href":"https:\/\/www.desouches-chirurgien-esthetique.com\/en\/wp-json\/wp\/v2\/users\/1"}],"replies":[{"embeddable":true,"href":"https:\/\/www.desouches-chirurgien-esthetique.com\/en\/wp-json\/wp\/v2\/comments?post=1362"}],"version-history":[{"count":53,"href":"https:\/\/www.desouches-chirurgien-esthetique.com\/en\/wp-json\/wp\/v2\/pages\/1362\/revisions"}],"predecessor-version":[{"id":23420505,"href":"https:\/\/www.desouches-chirurgien-esthetique.com\/en\/wp-json\/wp\/v2\/pages\/1362\/revisions\/23420505"}],"up":[{"embeddable":true,"href":"https:\/\/www.desouches-chirurgien-esthetique.com\/en\/wp-json\/wp\/v2\/pages\/378"}],"wp:attachment":[{"href":"https:\/\/www.desouches-chirurgien-esthetique.com\/en\/wp-json\/wp\/v2\/media?parent=1362"}],"wp:term":[{"taxonomy":"dipi_cpt_category","embeddable":true,"href":"https:\/\/www.desouches-chirurgien-esthetique.com\/en\/wp-json\/wp\/v2\/dipi_cpt_category?post=1362"}],"curies":[{"name":"wp","href":"https:\/\/api.w.org\/{rel}","templated":true}]}}