{"id":1246,"date":"2021-03-05T14:56:17","date_gmt":"2021-03-05T13:56:17","guid":{"rendered":"https:\/\/www.desouches-chirurgien-esthetique.com\/?page_id=1246"},"modified":"2023-07-07T17:47:28","modified_gmt":"2023-07-07T15:47:28","slug":"cosmetic-surgery-for-dark-circles","status":"publish","type":"page","link":"https:\/\/www.desouches-chirurgien-esthetique.com\/en\/medecine-esthetique\/medecine-esthetique-du-visage\/medecine-esthetique-regard-cernes\/medecine-esthetique-pour-cernes-creux\/","title":{"rendered":"Treatment of hollow dark circles"},"content":{"rendered":"<h2>Do you plan to make your dark circles disappear?<\/h2>\n<p>The ring is materialized by a hollow under the eye, a valley that descends from the root of the nose to the cheekbone.<\/p>\n<p>The hollow ring results from the disappearance of subcutaneous fat, a melting of volumes that intensifies with age, significant weight loss, hormonal imbalance or psychological trauma. The skin of the lower eyelid being very thin, it then allows the bony contours of the orbit to show through.<\/p>\n<div id=\"attachment_16120\" style=\"width: 560px\" class=\"wp-caption aligncenter\"><img decoding=\"async\" aria-describedby=\"caption-attachment-16120\" class=\"wp-image-16120\" src=\"https:\/\/www.desouches-chirurgien-esthetique.com\/wp-content\/uploads\/2022\/10\/Chirurgie-esthetique-pour-cernes-creux-300x300.png\" alt=\"Cosmetic surgery for hollow circles\" width=\"550\" height=\"550\" srcset=\"https:\/\/www.desouches-chirurgien-esthetique.com\/wp-content\/uploads\/2022\/10\/Chirurgie-esthetique-pour-cernes-creux-300x300.png 550w, https:\/\/www.desouches-chirurgien-esthetique.com\/wp-content\/uploads\/2022\/10\/Chirurgie-esthetique-pour-cernes-creux-480x480.png 480w\" sizes=\"(min-width: 0px) and (max-width: 480px) 480px, (min-width: 481px) 550px, 100vw\" \/><p id=\"caption-attachment-16120\" class=\"wp-caption-text\">Before \/ After cosmetic surgery for dark circles<\/p><\/div>\n<h2>The daily approach<\/h2>\n<p>Cosmetics are the most used method, especially if the hollow circles are not yet very marked. Almost all known cosmetic laboratories have a concealer cream. It&#039;s the texture that counts. An effective concealer cream should not be too runny or too thick.<\/p>\n<h2>The medical approach<\/h2>\n<p>Hyaluronic acid injections make it possible to fill the hollow of the ring by filling the loss of volume caused by the melting of adipose tissue. Botulinum toxin injections, for their part, help to reduce frown lines and crow&#039;s feet wrinkles.<\/p>\n<h2>The surgical approach<\/h2>\n<p>Natural aging can also accentuate the dark circle by melting the supporting tissues of the face.<\/p>\n<p>Lipofilling of dark circles is an operation of <a href=\"https:\/\/www.desouches-chirurgien-esthetique.com\/en\/\">plastic surgery<\/a> which aims to permanently correct the hollows located under the eyes in the lower eyelid (valley of tears).<\/p>\n<ul>\n<li>The fat is collected by means of fine suction cannulas in excess areas (often the stomach or thighs).<\/li>\n<li>It is reinjected using even finer cannulas<\/li>\n<\/ul>\n<p>The final result is obtained in a few weeks (8 weeks on average).<\/p>","protected":false},"excerpt":{"rendered":"<p>Vous envisagez de faire dispara\u00eetre vos cernes creux ? Le cerne se mat\u00e9rialise par un creux sous l\u2019\u0153il, une vall\u00e9e qui descend de la racine du nez vers la pommette. Le cerne creux r\u00e9sulte de la disparition de la graisse sous-cutan\u00e9e, une fonte des volumes qui s\u2019intensifie avec l\u2019\u00e2ge, une perte de poids significative, un [&hellip;]<\/p>\n","protected":false},"author":1,"featured_media":0,"parent":17016,"menu_order":0,"comment_status":"closed","ping_status":"closed","template":"","meta":{"_et_pb_use_builder":"","_et_pb_old_content":"","_et_gb_content_width":"","footnotes":""},"dipi_cpt_category":[],"class_list":["post-1246","page","type-page","status-publish","hentry"],"_links":{"self":[{"href":"https:\/\/www.desouches-chirurgien-esthetique.com\/en\/wp-json\/wp\/v2\/pages\/1246","targetHints":{"allow":["GET"]}}],"collection":[{"href":"https:\/\/www.desouches-chirurgien-esthetique.com\/en\/wp-json\/wp\/v2\/pages"}],"about":[{"href":"https:\/\/www.desouches-chirurgien-esthetique.com\/en\/wp-json\/wp\/v2\/types\/page"}],"author":[{"embeddable":true,"href":"https:\/\/www.desouches-chirurgien-esthetique.com\/en\/wp-json\/wp\/v2\/users\/1"}],"replies":[{"embeddable":true,"href":"https:\/\/www.desouches-chirurgien-esthetique.com\/en\/wp-json\/wp\/v2\/comments?post=1246"}],"version-history":[{"count":6,"href":"https:\/\/www.desouches-chirurgien-esthetique.com\/en\/wp-json\/wp\/v2\/pages\/1246\/revisions"}],"predecessor-version":[{"id":17018,"href":"https:\/\/www.desouches-chirurgien-esthetique.com\/en\/wp-json\/wp\/v2\/pages\/1246\/revisions\/17018"}],"up":[{"embeddable":true,"href":"https:\/\/www.desouches-chirurgien-esthetique.com\/en\/wp-json\/wp\/v2\/pages\/17016"}],"wp:attachment":[{"href":"https:\/\/www.desouches-chirurgien-esthetique.com\/en\/wp-json\/wp\/v2\/media?parent=1246"}],"wp:term":[{"taxonomy":"dipi_cpt_category","embeddable":true,"href":"https:\/\/www.desouches-chirurgien-esthetique.com\/en\/wp-json\/wp\/v2\/dipi_cpt_category?post=1246"}],"curies":[{"name":"wp","href":"https:\/\/api.w.org\/{rel}","templated":true}]}}