{"id":1180,"date":"2021-03-05T12:53:28","date_gmt":"2021-03-05T11:53:28","guid":{"rendered":"https:\/\/www.desouches-chirurgien-esthetique.com\/?page_id=1180"},"modified":"2023-09-06T16:42:49","modified_gmt":"2023-09-06T14:42:49","slug":"cosmetic-eye-and-eyelid-surgery","status":"publish","type":"page","link":"https:\/\/www.desouches-chirurgien-esthetique.com\/en\/chirurgie-esthetique\/chirurgie-esthetique-du-visage\/chirurgie-esthetique-du-regard-et-des-paupieres\/","title":{"rendered":"Cosmetic eye and eyelid surgery"},"content":{"rendered":"<p>With age the gaze changes inexorably. The eyebrows lower, the upper eyelids widen and relax, forming an excess of skin which weighs down the gaze and makes it sad. The lower eyelids distend, revealing unsightly bags.<\/p>\n<p>In addition to an adapted lifestyle, Dr. Christophe Desouches offers you two effective interventions that improve your eyes.<\/p>\n<h2>Upper eyelid surgery<\/h2>\n<p>The scarcity of elastic and collagen fibers, the absence of fatty cells, the size of the muscles involved in the blinking of the eyelid which beats several thousand times per hour, cause the eye area to age faster than the rest of the face.<\/p>\n<p>&gt;&gt;&gt;More details on the <a href=\"https:\/\/www.desouches-chirurgien-esthetique.com\/en\/cosmetic-surgery\/before-after-cosmetic-facial-surgery\/cosmetic-eye-and-eyelid-surgery\/upper-eyelid-operation\/\">upper eyelid surgery<\/a><\/p>\n<h2>Lower eyelid surgery<\/h2>\n<p>If the aging of the upper eyelids is manifested by excess skin, that of the lower eyelids is manifested above all by an excess of fat which bulges the skin of the eyelid resulting in &quot;pockets&quot; which give the look a tired appearance.<\/p>\n<p>&gt;&gt;&gt;More details on <a href=\"https:\/\/www.desouches-chirurgien-esthetique.com\/en\/cosmetic-surgery\/before-after-cosmetic-facial-surgery\/cosmetic-eye-and-eyelid-surgery\/lower-eyelid-operation\/\">lower eyelid surgery<\/a><\/p>\n<p><!--more--><\/p>\n<div class='et-learn-more clearfix'>\n\t\t\t\t\t<h3 class='heading-more'>See the possibilities offered by aesthetic medicine<span class='et_learnmore_arrow'><span><\/span><\/span><\/h3>\n\t\t\t\t\t<div class='learn-more-content'><h2>Aesthetic eye medicine<\/h2>\n<p>Discover the non-surgical interventions of the <a href=\"https:\/\/www.desouches-chirurgien-esthetique.com\/en\/aesthetic-medicine\/facial-aesthetic-medicine-2\/aesthetic-medicine-look-dark-circles\/\">aesthetic eye medicine<\/a> : treatment of hollow circles and treatment of dark circles.<\/div>\n\t\t\t\t<\/div>","protected":false},"excerpt":{"rendered":"<p>Avec l&#8217;\u00e2ge le regard se modifie inexorablement. Les sourcils s&#8217;abaissent, les paupi\u00e8res sup\u00e9rieures se creusent et se rel\u00e2chent formant un exc\u00e8s cutan\u00e9 qui alourdit le regard et le rend triste. Les paupi\u00e8res inf\u00e9rieures se distendent faisant appara\u00eetre des poches disgracieuses. En compl\u00e9ment d\u2019une hygi\u00e8ne de vie adapt\u00e9e, le Dr Christophe Desouches vous propose deux interventions [&hellip;]<\/p>\n","protected":false},"author":1,"featured_media":0,"parent":374,"menu_order":1,"comment_status":"closed","ping_status":"closed","template":"","meta":{"_et_pb_use_builder":"","_et_pb_old_content":"","_et_gb_content_width":"","footnotes":""},"dipi_cpt_category":[],"class_list":["post-1180","page","type-page","status-publish","hentry"],"_links":{"self":[{"href":"https:\/\/www.desouches-chirurgien-esthetique.com\/en\/wp-json\/wp\/v2\/pages\/1180","targetHints":{"allow":["GET"]}}],"collection":[{"href":"https:\/\/www.desouches-chirurgien-esthetique.com\/en\/wp-json\/wp\/v2\/pages"}],"about":[{"href":"https:\/\/www.desouches-chirurgien-esthetique.com\/en\/wp-json\/wp\/v2\/types\/page"}],"author":[{"embeddable":true,"href":"https:\/\/www.desouches-chirurgien-esthetique.com\/en\/wp-json\/wp\/v2\/users\/1"}],"replies":[{"embeddable":true,"href":"https:\/\/www.desouches-chirurgien-esthetique.com\/en\/wp-json\/wp\/v2\/comments?post=1180"}],"version-history":[{"count":8,"href":"https:\/\/www.desouches-chirurgien-esthetique.com\/en\/wp-json\/wp\/v2\/pages\/1180\/revisions"}],"predecessor-version":[{"id":23418799,"href":"https:\/\/www.desouches-chirurgien-esthetique.com\/en\/wp-json\/wp\/v2\/pages\/1180\/revisions\/23418799"}],"up":[{"embeddable":true,"href":"https:\/\/www.desouches-chirurgien-esthetique.com\/en\/wp-json\/wp\/v2\/pages\/374"}],"wp:attachment":[{"href":"https:\/\/www.desouches-chirurgien-esthetique.com\/en\/wp-json\/wp\/v2\/media?parent=1180"}],"wp:term":[{"taxonomy":"dipi_cpt_category","embeddable":true,"href":"https:\/\/www.desouches-chirurgien-esthetique.com\/en\/wp-json\/wp\/v2\/dipi_cpt_category?post=1180"}],"curies":[{"name":"wp","href":"https:\/\/api.w.org\/{rel}","templated":true}]}}