{"id":1175,"date":"2021-03-05T12:41:46","date_gmt":"2021-03-05T11:41:46","guid":{"rendered":"https:\/\/www.desouches-chirurgien-esthetique.com\/?page_id=1175"},"modified":"2022-06-14T11:59:17","modified_gmt":"2022-06-14T09:59:17","slug":"micro-needling","status":"publish","type":"page","link":"https:\/\/www.desouches-chirurgien-esthetique.com\/en\/medecine-esthetique\/medecine-esthetique-du-visage\/medecine-esthetique-des-rides\/micro-needling\/","title":{"rendered":"Micro-needling"},"content":{"rendered":"<h2>\u201cMicro-needling\u201d a new aesthetic medicine technique for regenerating the skin<\/h2>\n<p>THE &quot;<strong>micro-needling<\/strong>\u00bbStimulates the skin by applying a roller or a motorized pen fitted with mini-needles which then act on specific areas of the face or body. This aesthetic medicine technique allows a complex of vitamins and hyaluronic acid to penetrate using mini-needles in order to more effectively repair the damaged dermis.<\/p>\n<p>In addition, the reaction of the dermis to these mechanical stimuli makes it possible to produce more collagen, which is an essential component of the regeneration of the dermis and the epidermis.<\/p>\n<h2>The advantages of microneedling<\/h2>\n<p>Microneedling corrects several types of defects (color differences, irregularities, small imperfections, scars) on the skin&#039;s surface. It improves the texture and suppleness of the epidermis.<\/p>\n<h2>Comparison with other skin care techniques<\/h2>\n<p>We note that the IPL or the fractional CO2 laser (which act on collagen and elastin) provide an improvement similar to microneedling, at the level of wrinkles and scars.However, microneedling is a much less invasive technique with consequences simpler.<\/p>\n<p>Dr Christophe Desouches, <strong>cosmetic surgeon in Marseille<\/strong>, recommends micro needling for the following indications:<\/p>\n<ul>\n<li>Fine lines of the face and photoaging<\/li>\n<li>Hyperpigmentation or hypopigmentation<\/li>\n<li>Skin color abnormalities<\/li>\n<li>Skin sequelae of accidents or burns<\/li>\n<li>After-effects and scars from acne or stretch marks<\/li>\n<li>Flaccidity of the skin.<\/li>\n<\/ul>\n<h2>Process of a micro needling<\/h2>\n<p>Micro needling is a gentle and painless procedure. In order to favor your comfort, Dr Desouches performs the operations in the office, with the application of an anesthetic cream before the session which lasts 15 to 20 minutes. The session begins by making micro-holes in the area to be treated using a roller or a pen. A complex of vitamins and hyaluronic acid is applied to the injured skin allowing the solution to pass through the skin.<\/p>\n<p>After the session an LED session can be performed to soothe inflammation and stimulate regeneration. The results can be seen after two months, corresponding to the time it takes for the skin to regenerate. The number of sessions depends on each patient, they should be spaced a few weeks apart.<\/p>","protected":false},"excerpt":{"rendered":"<p>Le &#8220;micro-needling&#8221; une nouvelle technique de m\u00e9decine esth\u00e9tique pour r\u00e9g\u00e9n\u00e9rer la peau Le &#8220;micro-needling&#8221; permet de stimuler la peau par application d\u2019un rouleau ou d\u2019un stylo motoris\u00e9 \u00e9quip\u00e9 de mini-aiguilles qui agissent alors sur des zones sp\u00e9cifiques du visage ou du corps. Cette\u00a0 technique de m\u00e9decine esth\u00e9tique permet de faire p\u00e9n\u00e9trer un complexe de vitamines [&hellip;]<\/p>\n","protected":false},"author":1,"featured_media":0,"parent":955,"menu_order":4,"comment_status":"open","ping_status":"closed","template":"","meta":{"_et_pb_use_builder":"","_et_pb_old_content":"","_et_gb_content_width":"","footnotes":""},"dipi_cpt_category":[],"class_list":["post-1175","page","type-page","status-publish","hentry"],"_links":{"self":[{"href":"https:\/\/www.desouches-chirurgien-esthetique.com\/en\/wp-json\/wp\/v2\/pages\/1175","targetHints":{"allow":["GET"]}}],"collection":[{"href":"https:\/\/www.desouches-chirurgien-esthetique.com\/en\/wp-json\/wp\/v2\/pages"}],"about":[{"href":"https:\/\/www.desouches-chirurgien-esthetique.com\/en\/wp-json\/wp\/v2\/types\/page"}],"author":[{"embeddable":true,"href":"https:\/\/www.desouches-chirurgien-esthetique.com\/en\/wp-json\/wp\/v2\/users\/1"}],"replies":[{"embeddable":true,"href":"https:\/\/www.desouches-chirurgien-esthetique.com\/en\/wp-json\/wp\/v2\/comments?post=1175"}],"version-history":[{"count":2,"href":"https:\/\/www.desouches-chirurgien-esthetique.com\/en\/wp-json\/wp\/v2\/pages\/1175\/revisions"}],"predecessor-version":[{"id":15556,"href":"https:\/\/www.desouches-chirurgien-esthetique.com\/en\/wp-json\/wp\/v2\/pages\/1175\/revisions\/15556"}],"up":[{"embeddable":true,"href":"https:\/\/www.desouches-chirurgien-esthetique.com\/en\/wp-json\/wp\/v2\/pages\/955"}],"wp:attachment":[{"href":"https:\/\/www.desouches-chirurgien-esthetique.com\/en\/wp-json\/wp\/v2\/media?parent=1175"}],"wp:term":[{"taxonomy":"dipi_cpt_category","embeddable":true,"href":"https:\/\/www.desouches-chirurgien-esthetique.com\/en\/wp-json\/wp\/v2\/dipi_cpt_category?post=1175"}],"curies":[{"name":"wp","href":"https:\/\/api.w.org\/{rel}","templated":true}]}}